{"id":76813,"date":"2026-04-16T17:25:30","date_gmt":"2026-04-16T15:25:30","guid":{"rendered":"https:\/\/dadorana.ch\/produkt\/naturadog-creme-mit-poulet-fuer-hunde-katzen\/"},"modified":"2026-04-19T14:54:56","modified_gmt":"2026-04-19T12:54:56","slug":"naturadog-creme-au-poulet-pour-chiens-et-chats","status":"publish","type":"product","link":"https:\/\/dadorana.ch\/fr\/produit\/naturadog-creme-au-poulet-pour-chiens-et-chats\/","title":{"rendered":"naturaDOG Cr\u00e8me au poulet pour chiens et chats"},"content":{"rendered":"<p>La\u00a0<strong>cr\u00e8me Natura DOG &amp; CAT au poulet <\/strong>est un\u00a0<strong>snack<\/strong> cr\u00e9meux pour les <strong>chiens et les chats.<\/strong> La cr\u00e8me pr\u00e9f\u00e9r\u00e9e sert de d\u00e9licieuse r\u00e9compense ou peut \u00eatre utilis\u00e9e pour am\u00e9liorer la nourriture. Elle se glisse pratiquement dans toutes les poches de pantalon ou de veste et peut \u00eatre facilement et proprement portionn\u00e9e et referm\u00e9e gr\u00e2ce au bouchon \u00e0 vis.<\/p>\n<p><strong>Avantages du produit Snack Cr\u00e8me pour chiens et chats :<\/strong><\/p>\n<ul>\n<li>Se conserve non r\u00e9frig\u00e9r\u00e9<\/li>\n<li>Facile \u00e0 diviser en portions<\/li>\n<li>Taille pratique pour chaque poche de pantalon ou de veste<\/li>\n<li>Convient \u00e9galement pour am\u00e9liorer la nourriture<\/li>\n<\/ul>\n<p>&nbsp;<\/p>\n","protected":false},"excerpt":{"rendered":"<ul>\n<li><span style=\"color: #ff8800;\">Convient aux chiens et aux chats<\/span><\/li>\n<li><span style=\"color: #ff8800;\">Pratique avec son bouchon \u00e0 vis<\/span><\/li>\n<li><span style=\"color: #ff8800;\">Id\u00e9al pour l&rsquo;entra\u00eenement et en d\u00e9placement<\/span><\/li>\n<\/ul>\n","protected":false},"featured_media":76811,"template":"","meta":[],"pwb-brand":[7845],"product_brand":[7846],"product_cat":[7651,7238,7155,7271,7167],"product_tag":[],"class_list":{"0":"post-76813","1":"product","2":"type-product","3":"status-publish","4":"has-post-thumbnail","6":"pwb-brand-naturadog","7":"product_brand-naturadog","8":"product_cat-snacks","9":"product_cat-chats","10":"product_cat-chiens","11":"product_cat-snacks-chats","12":"product_cat-tous","13":"pa_brand-naturadog","14":"pa_eigenschaften-sans-ble","15":"pa_eigenschaften-sans-cereales","16":"pa_eigenschaften-sans-gluten","17":"pa_geschmack-poulet","18":"pa_haustier-chat","19":"pa_haustier-chien-2","20":"pa_marke-naturadog","21":"pa_ursprungsland-suisse","22":"pa_z_cat2-hundefutter","23":"pa_z_cat2-katzenfutter","25":"first","26":"instock","27":"taxable","28":"shipping-taxable","29":"purchasable","30":"product-type-simple"},"brands":[{"id":7845,"name":"naturaDOG","slug":"naturadog"}],"meta_box":{"lieferant":"Businesscom","lieferanten_email":"","produktzusammensetzung":"","restock_quantities_galaxus":"5","galaxus_restock_time":"21","galaxus_restock_date":"","galaxus_preis":"","export":"Nein","signalwort":[],"gefahrenpiktogramm":[],"gefahrenhinweise":[],"url_sicherheitdsdatenblatt":""},"_links":{"self":[{"href":"https:\/\/dadorana.ch\/fr\/wp-json\/wp\/v2\/product\/76813","targetHints":{"allow":["GET"]}}],"collection":[{"href":"https:\/\/dadorana.ch\/fr\/wp-json\/wp\/v2\/product"}],"about":[{"href":"https:\/\/dadorana.ch\/fr\/wp-json\/wp\/v2\/types\/product"}],"version-history":[{"count":3,"href":"https:\/\/dadorana.ch\/fr\/wp-json\/wp\/v2\/product\/76813\/revisions"}],"predecessor-version":[{"id":76842,"href":"https:\/\/dadorana.ch\/fr\/wp-json\/wp\/v2\/product\/76813\/revisions\/76842"}],"wp:featuredmedia":[{"embeddable":true,"href":"https:\/\/dadorana.ch\/fr\/wp-json\/wp\/v2\/media\/76811"}],"wp:attachment":[{"href":"https:\/\/dadorana.ch\/fr\/wp-json\/wp\/v2\/media?parent=76813"}],"wp:term":[{"taxonomy":"pwb-brand","embeddable":true,"href":"https:\/\/dadorana.ch\/fr\/wp-json\/wp\/v2\/pwb-brand?post=76813"},{"taxonomy":"product_brand","embeddable":true,"href":"https:\/\/dadorana.ch\/fr\/wp-json\/wp\/v2\/product_brand?post=76813"},{"taxonomy":"product_cat","embeddable":true,"href":"https:\/\/dadorana.ch\/fr\/wp-json\/wp\/v2\/product_cat?post=76813"},{"taxonomy":"product_tag","embeddable":true,"href":"https:\/\/dadorana.ch\/fr\/wp-json\/wp\/v2\/product_tag?post=76813"}],"curies":[{"name":"wp","href":"https:\/\/api.w.org\/{rel}","templated":true}]}}