{"id":76845,"date":"2026-04-16T17:30:16","date_gmt":"2026-04-16T15:30:16","guid":{"rendered":"https:\/\/dadorana.ch\/produkt\/naturacat-lieblings-creme-mit-poulet\/"},"modified":"2026-04-19T15:05:46","modified_gmt":"2026-04-19T13:05:46","slug":"naturacat-creme-favorite-au-poulet","status":"publish","type":"product","link":"https:\/\/dadorana.ch\/fr\/produit\/naturacat-creme-favorite-au-poulet\/","title":{"rendered":"naturaCAT Cr\u00e8me favorite au poulet"},"content":{"rendered":"<p><strong>Une vari\u00e9t\u00e9 de saveurs tentantes pour les chats exigeants<\/strong><br \/>La cr\u00e8me pr\u00e9f\u00e9r\u00e9e naturaCAT Poulet 100g offre \u00e0 votre chat une d\u00e9licieuse cr\u00e8me sp\u00e9cialement con\u00e7ue pour les pattes de velours. Cette savoureuse cr\u00e8me pour chats s\u00e9duit par son irr\u00e9sistible go\u00fbt de poulet, qui ravit m\u00eame les chats les plus difficiles. Parfaite comme r\u00e9compense ou comme moment de plaisir quotidien, cette cr\u00e8me enrichit le menu de votre compagnon \u00e0 quatre pattes.<\/p>\n<p><strong>Des avantages pour la sant\u00e9 de votre animal<\/strong><br \/>Il convient de souligner que cette cr\u00e8me est sans gluten et donc \u00e9galement adapt\u00e9e aux chats ayant un estomac sensible. De plus, elle est exempte de colorants, d&rsquo;ar\u00f4mes et de conservateurs artificiels, ce qui en fait un choix naturel pour les propri\u00e9taires d&rsquo;animaux responsables. Enrichie en taurine, la cr\u00e8me pr\u00e9f\u00e9r\u00e9e naturaCAT Poulet soutient la sant\u00e9 cardiaque de votre chat et contribue \u00e0 un style de vie vital.<\/p>\n<p><strong>Facile \u00e0 utiliser et polyvalente<\/strong><br \/>La cr\u00e8me pr\u00e9f\u00e9r\u00e9e naturaCAT Poulet n&rsquo;est pas seulement un plaisir culinaire, mais aussi pratique au quotidien. Que ce soit comme compl\u00e9ment savoureux \u00e0 l&rsquo;alimentation principale ou comme r\u00e9compense sp\u00e9ciale lors de s\u00e9ances de jeux communes, cette cr\u00e8me peut \u00eatre utilis\u00e9e de mani\u00e8re polyvalente. Gr\u00e2ce \u00e0 l&#8217;emballage pratique de 100g, elle est facile \u00e0 portionner et assure toujours des moments de plaisir frais. Transformez l&rsquo;endroit o\u00f9 votre chat mange en une oasis de plaisir avec cette d\u00e9licatesse sp\u00e9ciale.<\/p>\n","protected":false},"excerpt":{"rendered":"<div class=\"product attribute overview\">\n<div class=\"value\">\n<ul>\n<li><span style=\"color: #ff8800;\">d\u00e9licieuse cr\u00e8me pour chats<\/span><\/li>\n<li><span style=\"color: #ff8800;\">sans gluten pour les chats sensibles<\/span><\/li>\n<li><span style=\"color: #ff8800;\">sans additifs artificiels<\/span><\/li>\n<li><span style=\"color: #ff8800;\">avec de la taurine pour la sant\u00e9 cardiaque<\/span><\/li>\n<li><span style=\"color: #ff8800;\">savoureux go\u00fbt de poulet<\/span><\/li>\n<\/ul>\n<\/div>\n<\/div>\n","protected":false},"featured_media":76843,"template":"","meta":[],"pwb-brand":[8477],"product_brand":[8478],"product_cat":[7271,7238,7167],"product_tag":[],"class_list":{"0":"post-76845","1":"product","2":"type-product","3":"status-publish","4":"has-post-thumbnail","6":"pwb-brand-naturacat","7":"product_brand-naturacat","8":"product_cat-snacks-chats","9":"product_cat-chats","10":"product_cat-tous","11":"pa_brand-naturacat","12":"pa_eigenschaften-sans-gluten","13":"pa_geschmack-poulet","14":"pa_haustier-chat","15":"pa_marke-naturacat","16":"pa_ursprungsland-suisse","17":"pa_z_cat2-katzenfutter","19":"first","20":"instock","21":"taxable","22":"shipping-taxable","23":"purchasable","24":"product-type-simple"},"brands":[{"id":8477,"name":"naturaCAT","slug":"naturacat"}],"meta_box":{"lieferant":"Businesscom","lieferanten_email":"","produktzusammensetzung":"","restock_quantities_galaxus":"5","galaxus_restock_time":"21","galaxus_restock_date":"","galaxus_preis":"","export":"Nein","signalwort":[],"gefahrenpiktogramm":[],"gefahrenhinweise":[],"url_sicherheitdsdatenblatt":""},"_links":{"self":[{"href":"https:\/\/dadorana.ch\/fr\/wp-json\/wp\/v2\/product\/76845","targetHints":{"allow":["GET"]}}],"collection":[{"href":"https:\/\/dadorana.ch\/fr\/wp-json\/wp\/v2\/product"}],"about":[{"href":"https:\/\/dadorana.ch\/fr\/wp-json\/wp\/v2\/types\/product"}],"version-history":[{"count":2,"href":"https:\/\/dadorana.ch\/fr\/wp-json\/wp\/v2\/product\/76845\/revisions"}],"predecessor-version":[{"id":76849,"href":"https:\/\/dadorana.ch\/fr\/wp-json\/wp\/v2\/product\/76845\/revisions\/76849"}],"wp:featuredmedia":[{"embeddable":true,"href":"https:\/\/dadorana.ch\/fr\/wp-json\/wp\/v2\/media\/76843"}],"wp:attachment":[{"href":"https:\/\/dadorana.ch\/fr\/wp-json\/wp\/v2\/media?parent=76845"}],"wp:term":[{"taxonomy":"pwb-brand","embeddable":true,"href":"https:\/\/dadorana.ch\/fr\/wp-json\/wp\/v2\/pwb-brand?post=76845"},{"taxonomy":"product_brand","embeddable":true,"href":"https:\/\/dadorana.ch\/fr\/wp-json\/wp\/v2\/product_brand?post=76845"},{"taxonomy":"product_cat","embeddable":true,"href":"https:\/\/dadorana.ch\/fr\/wp-json\/wp\/v2\/product_cat?post=76845"},{"taxonomy":"product_tag","embeddable":true,"href":"https:\/\/dadorana.ch\/fr\/wp-json\/wp\/v2\/product_tag?post=76845"}],"curies":[{"name":"wp","href":"https:\/\/api.w.org\/{rel}","templated":true}]}}