{"id":76891,"date":"2026-04-16T17:35:50","date_gmt":"2026-04-16T15:35:50","guid":{"rendered":"https:\/\/dadorana.ch\/produkt\/naturacat-lieblings-creme-mit-lachs\/"},"modified":"2026-04-20T13:25:54","modified_gmt":"2026-04-20T11:25:54","slug":"naturacat-creme-favorite-au-saumon","status":"publish","type":"product","link":"https:\/\/dadorana.ch\/fr\/produit\/naturacat-creme-favorite-au-saumon\/","title":{"rendered":"naturaCAT Cr\u00e8me favorite au saumon"},"content":{"rendered":"<p><strong>Moment de g\u00e2terie pour votre chat avec une recette naturelle<\/strong><br \/>La Cr\u00e8me pr\u00e9f\u00e9r\u00e9e au Saumon de naturaCAT offre \u00e0 votre chat une collation savoureuse sans ajouts inutiles. Cette cr\u00e8me est sp\u00e9cialement d\u00e9velopp\u00e9e pour les chats et s\u00e9duit par sa composition sans gluten, qui convient \u00e9galement aux estomacs sensibles. Le d\u00e9licieux go\u00fbt du saumon assure une vari\u00e9t\u00e9 savoureuse dans la vie quotidienne de votre f\u00e9lin.<\/p>\n<p><strong>Sant\u00e9 et go\u00fbt en parfaite harmonie<\/strong><br \/>Un autre avantage de la Cr\u00e8me pr\u00e9f\u00e9r\u00e9e au Saumon de naturaCAT est sa composition de haute qualit\u00e9. La cr\u00e8me est exempte de colorants, d&rsquo;ar\u00f4mes et de conservateurs et contient du taurine pr\u00e9cieux. Le taurine est essentiel pour le bien-\u00eatre de votre chat et soutient sa sant\u00e9 cardiaque ainsi que son m\u00e9tabolisme. Cette combinaison de go\u00fbt et de b\u00e9n\u00e9fices pour la sant\u00e9 fait de la cr\u00e8me une collation id\u00e9ale pour les moments interm\u00e9diaires.<\/p>\n<p><strong>Application facile pour des moments de bonheur pour les chats<\/strong><br \/>Le tube pratique de 100g permet un dosage propre et facile, id\u00e9al pour une d\u00e9gustation quotidienne. Que ce soit comme r\u00e9compense ou comme compl\u00e9ment \u00e0 la nourriture, la Cr\u00e8me pr\u00e9f\u00e9r\u00e9e au Saumon de naturaCAT s&rsquo;int\u00e8gre facilement dans la routine quotidienne. Offrez \u00e0 votre chat un moment de plaisir de poisson tout en lui prodiguant les soins qu&rsquo;il m\u00e9rite. Avec cette cr\u00e8me, chaque collation devient une exp\u00e9rience sp\u00e9ciale, sans compromis sur la qualit\u00e9.<\/p>\n","protected":false},"excerpt":{"rendered":"<ul>\n<li><span style=\"color: #ff8800;\">d\u00e9licieuse cr\u00e8me pour chats<\/span><\/li>\n<li><span style=\"color: #ff8800;\">sans gluten pour les estomacs sensibles<\/span><\/li>\n<li><span style=\"color: #ff8800;\">sans colorants et ar\u00f4mes artificiels<\/span><\/li>\n<li><span style=\"color: #ff8800;\">contient de la taurine saine<\/span><\/li>\n<li><span style=\"color: #ff8800;\">go\u00fbt d\u00e9licieux de saumon<\/span><\/li>\n<\/ul>\n","protected":false},"featured_media":76889,"template":"","meta":[],"pwb-brand":[8477],"product_brand":[8478],"product_cat":[7271,7238,7167],"product_tag":[],"class_list":{"0":"post-76891","1":"product","2":"type-product","3":"status-publish","4":"has-post-thumbnail","6":"pwb-brand-naturacat","7":"product_brand-naturacat","8":"product_cat-snacks-chats","9":"product_cat-chats","10":"product_cat-tous","11":"pa_brand-naturacat","12":"pa_eigenschaften-sans-gluten","13":"pa_geschmack-saumon","14":"pa_haustier-chat","15":"pa_marke-naturacat","16":"pa_ursprungsland-suisse","17":"pa_z_cat2-katzenfutter","19":"first","20":"instock","21":"taxable","22":"shipping-taxable","23":"purchasable","24":"product-type-simple"},"brands":[{"id":8477,"name":"naturaCAT","slug":"naturacat"}],"meta_box":{"lieferant":"Businesscom","lieferanten_email":"","produktzusammensetzung":"","restock_quantities_galaxus":"5","galaxus_restock_time":"21","galaxus_restock_date":"","galaxus_preis":"","export":"Nein","signalwort":[],"gefahrenpiktogramm":[],"gefahrenhinweise":[],"url_sicherheitdsdatenblatt":""},"_links":{"self":[{"href":"https:\/\/dadorana.ch\/fr\/wp-json\/wp\/v2\/product\/76891","targetHints":{"allow":["GET"]}}],"collection":[{"href":"https:\/\/dadorana.ch\/fr\/wp-json\/wp\/v2\/product"}],"about":[{"href":"https:\/\/dadorana.ch\/fr\/wp-json\/wp\/v2\/types\/product"}],"version-history":[{"count":2,"href":"https:\/\/dadorana.ch\/fr\/wp-json\/wp\/v2\/product\/76891\/revisions"}],"predecessor-version":[{"id":76893,"href":"https:\/\/dadorana.ch\/fr\/wp-json\/wp\/v2\/product\/76891\/revisions\/76893"}],"wp:featuredmedia":[{"embeddable":true,"href":"https:\/\/dadorana.ch\/fr\/wp-json\/wp\/v2\/media\/76889"}],"wp:attachment":[{"href":"https:\/\/dadorana.ch\/fr\/wp-json\/wp\/v2\/media?parent=76891"}],"wp:term":[{"taxonomy":"pwb-brand","embeddable":true,"href":"https:\/\/dadorana.ch\/fr\/wp-json\/wp\/v2\/pwb-brand?post=76891"},{"taxonomy":"product_brand","embeddable":true,"href":"https:\/\/dadorana.ch\/fr\/wp-json\/wp\/v2\/product_brand?post=76891"},{"taxonomy":"product_cat","embeddable":true,"href":"https:\/\/dadorana.ch\/fr\/wp-json\/wp\/v2\/product_cat?post=76891"},{"taxonomy":"product_tag","embeddable":true,"href":"https:\/\/dadorana.ch\/fr\/wp-json\/wp\/v2\/product_tag?post=76891"}],"curies":[{"name":"wp","href":"https:\/\/api.w.org\/{rel}","templated":true}]}}