{"id":76966,"date":"2026-04-11T06:50:24","date_gmt":"2026-04-11T04:50:24","guid":{"rendered":"https:\/\/dadorana.ch\/produkt\/snuggis-knochen-mit-poulet\/"},"modified":"2026-04-21T11:51:22","modified_gmt":"2026-04-21T09:51:22","slug":"snuggis-os-avec-poulet","status":"publish","type":"product","link":"https:\/\/dadorana.ch\/fr\/produit\/snuggis-os-avec-poulet\/","title":{"rendered":"Snuggis Os avec poulet"},"content":{"rendered":"<p><strong>Plaisir polyvalent pour votre chien<\/strong><br \/>Les os Snuggis au poulet 150 g et 400 g offrent \u00e0 votre chien un compl\u00e9ment savoureux \u00e0 ses repas r\u00e9guliers. Ces os sont compos\u00e9s de peau de b\u0153uf de haute qualit\u00e9 et de tendre viande de poulet, ce qui leur conf\u00e8re un go\u00fbt savoureux. Gr\u00e2ce \u00e0 la combinaison de ces ingr\u00e9dients, votre chien re\u00e7oit non seulement une d\u00e9licieuse r\u00e9compense, mais aussi une source pr\u00e9cieuse de prot\u00e9ines qui contribue au maintien de sa musculature.<\/p>\n<p><strong>Soutien de l&rsquo;hygi\u00e8ne dentaire \u00e0 chaque bouch\u00e9e<\/strong><br \/>Une caract\u00e9ristique remarquable des os Snuggis au poulet est la consistance r\u00e9sistante de la peau de b\u0153uf, qui offre \u00e0 votre chien une activit\u00e9 de mastication satisfaisante. Cette activit\u00e9 de mastication est non seulement divertissante, mais aussi b\u00e9n\u00e9fique pour la sant\u00e9 dentaire de votre chien. En m\u00e2chant, les dents et les gencives sont nettoy\u00e9es naturellement. Ainsi, ces os soutiennent l&rsquo;hygi\u00e8ne dentaire de votre chien de mani\u00e8re efficace tout en lui offrant un plaisir de mastication.<\/p>\n<p><strong>Fra\u00eecheur pratique pour les d\u00e9placements<\/strong><br \/>Les os Snuggis au poulet sont livr\u00e9s dans un sachet refermable pratique qui garde les snacks frais longtemps et permet un transport facile. Cela est particuli\u00e8rement avantageux si vous souhaitez emporter les os lors de promenades ou de voyages. Vous pouvez ainsi offrir \u00e0 votre chien une collation saine \u00e0 tout moment, sans vous soucier de la fra\u00eecheur. La compacit\u00e9 et la fermeture facile du sachet rendent la manipulation simple et pratique.<\/p>\n","protected":false},"excerpt":{"rendered":"<ul>\n<li>Cuir brut de b\u0153uf de haute qualit\u00e9 et poulet<\/li>\n<li>Favorise l&rsquo;hygi\u00e8ne dentaire gr\u00e2ce \u00e0 la mastication<\/li>\n<li>Source pr\u00e9cieuse de prot\u00e9ines pour la musculature<\/li>\n<li>Sachet refermable pour la fra\u00eecheur<\/li>\n<\/ul>\n","protected":false},"featured_media":76965,"template":"","meta":[],"pwb-brand":[8072],"product_brand":[8073],"product_cat":[7651,7155,7167],"product_tag":[],"class_list":{"0":"post-76966","1":"product","2":"type-product","3":"status-publish","4":"has-post-thumbnail","6":"pwb-brand-snuggis","7":"product_brand-snuggis","8":"product_cat-snacks","9":"product_cat-chiens","10":"product_cat-tous","11":"pa_brand-snuggis","12":"pa_marke-snuggis","13":"pa_z_cat2-hundefutter","15":"first","16":"instock","17":"taxable","18":"shipping-taxable","19":"purchasable","20":"product-type-variable"},"brands":[{"id":8072,"name":"Snuggis","slug":"snuggis"}],"meta_box":{"lieferant":"Businesscom","lieferanten_email":"","produktzusammensetzung":"","restock_quantities_galaxus":"5","galaxus_restock_time":"21","galaxus_restock_date":"","galaxus_preis":"","export":"Nein","signalwort":[],"gefahrenpiktogramm":[],"gefahrenhinweise":[]},"_links":{"self":[{"href":"https:\/\/dadorana.ch\/fr\/wp-json\/wp\/v2\/product\/76966","targetHints":{"allow":["GET"]}}],"collection":[{"href":"https:\/\/dadorana.ch\/fr\/wp-json\/wp\/v2\/product"}],"about":[{"href":"https:\/\/dadorana.ch\/fr\/wp-json\/wp\/v2\/types\/product"}],"version-history":[{"count":2,"href":"https:\/\/dadorana.ch\/fr\/wp-json\/wp\/v2\/product\/76966\/revisions"}],"predecessor-version":[{"id":76973,"href":"https:\/\/dadorana.ch\/fr\/wp-json\/wp\/v2\/product\/76966\/revisions\/76973"}],"wp:featuredmedia":[{"embeddable":true,"href":"https:\/\/dadorana.ch\/fr\/wp-json\/wp\/v2\/media\/76965"}],"wp:attachment":[{"href":"https:\/\/dadorana.ch\/fr\/wp-json\/wp\/v2\/media?parent=76966"}],"wp:term":[{"taxonomy":"pwb-brand","embeddable":true,"href":"https:\/\/dadorana.ch\/fr\/wp-json\/wp\/v2\/pwb-brand?post=76966"},{"taxonomy":"product_brand","embeddable":true,"href":"https:\/\/dadorana.ch\/fr\/wp-json\/wp\/v2\/product_brand?post=76966"},{"taxonomy":"product_cat","embeddable":true,"href":"https:\/\/dadorana.ch\/fr\/wp-json\/wp\/v2\/product_cat?post=76966"},{"taxonomy":"product_tag","embeddable":true,"href":"https:\/\/dadorana.ch\/fr\/wp-json\/wp\/v2\/product_tag?post=76966"}],"curies":[{"name":"wp","href":"https:\/\/api.w.org\/{rel}","templated":true}]}}