{"id":76976,"date":"2026-04-11T05:31:50","date_gmt":"2026-04-11T03:31:50","guid":{"rendered":"https:\/\/dadorana.ch\/produkt\/snuggis-gourmet-sticks-mit-poulet\/"},"modified":"2026-04-21T12:03:36","modified_gmt":"2026-04-21T10:03:36","slug":"snuggis-batonnets-de-gourmet-au-poulet","status":"publish","type":"product","link":"https:\/\/dadorana.ch\/fr\/produit\/snuggis-batonnets-de-gourmet-au-poulet\/","title":{"rendered":"Snuggis B\u00e2tonnets de gourmet au poulet"},"content":{"rendered":"<p><strong>Un moment de plaisir pour votre compagnon \u00e0 quatre pattes \u00e0 tout moment<\/strong><br \/>Les Snuggis Gourmet Sticks au poulet offrent plus qu&rsquo;une simple collation savoureuse pour votre chien. Ces compl\u00e9ments alimentaires sont fabriqu\u00e9s \u00e0 partir de viande de poulet de haute qualit\u00e9 et conviennent aux chiens de toutes tailles et races. Leur consistance l\u00e9g\u00e8rement moelleuse et leur go\u00fbt irr\u00e9sistible en font la r\u00e9compense parfaite que vous pouvez offrir \u00e0 votre chien \u00e0 tout moment.<\/p>\n<p><strong>Soutien de la force musculaire gr\u00e2ce \u00e0 une source naturelle de prot\u00e9ines<\/strong><br \/>Avec les Snuggis Gourmet Sticks, votre chien re\u00e7oit des prot\u00e9ines pr\u00e9cieuses provenant du poulet, qui favorisent le maintien et le d\u00e9veloppement de la musculature. Cette source naturelle de prot\u00e9ines garantit que votre chien reste toujours en pleine forme. La forme en b\u00e2ton contribue en outre \u00e0 am\u00e9liorer l&rsquo;hygi\u00e8ne dentaire de votre compagnon en \u00e9liminant la plaque dentaire et en entra\u00eenant la musculature de la m\u00e2choire.<\/p>\n<p><strong>Fra\u00eecheur et confort r\u00e9unis dans un sachet<\/strong><br \/>Gr\u00e2ce au sachet pratique avec fermeture \u00e0 pression, les Snuggis Gourmet Sticks restent frais plus longtemps et sont faciles \u00e0 transporter. Vous pouvez ainsi offrir \u00e0 votre chien un plaisir frais \u00e0 tout moment et en tout lieu. Cet emballage astucieux vous permet d&#8217;emporter facilement les snacks, que ce soit pour une promenade au parc ou un long voyage. Faites plaisir \u00e0 votre chien avec cette solution d\u00e9licieuse et pratique.<\/p>\n","protected":false},"excerpt":{"rendered":"<ul>\n<li><span style=\"color: #ff8800;\">Convient aux chiens de toutes tailles<\/span><\/li>\n<li><span style=\"color: #ff8800;\">Consistance l\u00e9g\u00e8rement douce<\/span><\/li>\n<li><span style=\"color: #ff8800;\">Prot\u00e9ine de haute qualit\u00e9 provenant du poulet<\/span><\/li>\n<li><span style=\"color: #ff8800;\">Am\u00e9liore l&rsquo;hygi\u00e8ne dentaire naturelle<\/span><\/li>\n<li><span style=\"color: #ff8800;\">Sac pratique avec fermeture \u00e0 pression<\/span><\/li>\n<\/ul>\n","protected":false},"featured_media":76975,"template":"","meta":[],"pwb-brand":[8072],"product_brand":[8073],"product_cat":[7651,7155,7167],"product_tag":[],"class_list":{"0":"post-76976","1":"product","2":"type-product","3":"status-publish","4":"has-post-thumbnail","6":"pwb-brand-snuggis","7":"product_brand-snuggis","8":"product_cat-snacks","9":"product_cat-chiens","10":"product_cat-tous","11":"pa_brand-snuggis","12":"pa_geschmack-poulet","13":"pa_haustier-chien-2","14":"pa_marke-snuggis","15":"pa_ursprungsland-chine","16":"pa_z_cat2-hundefutter","18":"first","19":"instock","20":"taxable","21":"shipping-taxable","22":"purchasable","23":"product-type-simple"},"brands":[{"id":8072,"name":"Snuggis","slug":"snuggis"}],"meta_box":{"lieferant":"Businesscom","lieferanten_email":"","produktzusammensetzung":"","restock_quantities_galaxus":"5","galaxus_restock_time":"21","galaxus_restock_date":"","galaxus_preis":"","export":"Nein","signalwort":[],"gefahrenpiktogramm":[],"gefahrenhinweise":[]},"_links":{"self":[{"href":"https:\/\/dadorana.ch\/fr\/wp-json\/wp\/v2\/product\/76976","targetHints":{"allow":["GET"]}}],"collection":[{"href":"https:\/\/dadorana.ch\/fr\/wp-json\/wp\/v2\/product"}],"about":[{"href":"https:\/\/dadorana.ch\/fr\/wp-json\/wp\/v2\/types\/product"}],"version-history":[{"count":2,"href":"https:\/\/dadorana.ch\/fr\/wp-json\/wp\/v2\/product\/76976\/revisions"}],"predecessor-version":[{"id":76980,"href":"https:\/\/dadorana.ch\/fr\/wp-json\/wp\/v2\/product\/76976\/revisions\/76980"}],"wp:featuredmedia":[{"embeddable":true,"href":"https:\/\/dadorana.ch\/fr\/wp-json\/wp\/v2\/media\/76975"}],"wp:attachment":[{"href":"https:\/\/dadorana.ch\/fr\/wp-json\/wp\/v2\/media?parent=76976"}],"wp:term":[{"taxonomy":"pwb-brand","embeddable":true,"href":"https:\/\/dadorana.ch\/fr\/wp-json\/wp\/v2\/pwb-brand?post=76976"},{"taxonomy":"product_brand","embeddable":true,"href":"https:\/\/dadorana.ch\/fr\/wp-json\/wp\/v2\/product_brand?post=76976"},{"taxonomy":"product_cat","embeddable":true,"href":"https:\/\/dadorana.ch\/fr\/wp-json\/wp\/v2\/product_cat?post=76976"},{"taxonomy":"product_tag","embeddable":true,"href":"https:\/\/dadorana.ch\/fr\/wp-json\/wp\/v2\/product_tag?post=76976"}],"curies":[{"name":"wp","href":"https:\/\/api.w.org\/{rel}","templated":true}]}}