{"id":76985,"date":"2026-04-19T14:19:49","date_gmt":"2026-04-19T12:19:49","guid":{"rendered":"https:\/\/dadorana.ch\/produkt\/in-fluence-r-go-pflegehandschuh-soft-fuer-hunde-katzen\/"},"modified":"2026-04-21T14:03:16","modified_gmt":"2026-04-21T12:03:16","slug":"in-fluence-r-go-gant-de-soins-soft-pour-chiens-et-chats","status":"publish","type":"product","link":"https:\/\/dadorana.ch\/fr\/produit\/in-fluence-r-go-gant-de-soins-soft-pour-chiens-et-chats\/","title":{"rendered":"In-Fluence R-GO Gant de soins soft pour chiens et chats"},"content":{"rendered":"<p><strong>Toilettage et massage optimaux avec le gant de toilettage In-Fluence R-GO<\/strong><br \/>Gr\u00e2ce au gant de toilettage souple In-Fluence R-GO, toiletter votre animal devient un jeu d&rsquo;enfant au quotidien. Ce produit innovant est sp\u00e9cialement con\u00e7u pour un toilettage \u00e0 la fois efficace et doux. Les picots en caoutchouc int\u00e9gr\u00e9s sur une face du gant ont une double fonction\u00a0: ils permettent non seulement d&rsquo;\u00e9liminer les poils morts et les impuret\u00e9s, mais aussi de masser d\u00e9licatement la peau de votre animal, favorisant ainsi une bonne circulation sanguine.<\/p>\n<p><strong>Des finitions en douceur pour un pelage brillant<\/strong><br \/>Apr\u00e8s le nettoyage et le massage, la face douce du gant entre en jeu. Sans picots, elle permet des finitions d\u00e9licates qui laissent le pelage de votre animal brillant. Utiliser le gant de toilettage est un jeu d&rsquo;enfant\u00a0: il suffit de l&rsquo;enfiler et de toiletter le pelage par de doux mouvements. Le gant de toilettage souple In-Fluence R-GO est donc l&rsquo;outil id\u00e9al pour un toilettage rapide et efficace, contribuant au bien-\u00eatre de votre animal.<\/p>\n","protected":false},"excerpt":{"rendered":"<ul>\n<li><span style=\"color: #ff8800;\">Int\u00e9gration facile du toilettage au quotidien<\/span><\/li>\n<li><span style=\"color: #ff8800;\">Nettoyage efficace et doux gr\u00e2ce aux picots en caoutchouc<\/span><\/li>\n<li><span style=\"color: #ff8800;\">L&rsquo;effet massant favorise la circulation sanguine<\/span><\/li>\n<li><span style=\"color: #ff8800;\">Soin de finition doux pour un pelage brillant<\/span><\/li>\n<li><span style=\"color: #ff8800;\">Une application facile pour un bien-\u00eatre animal accru<\/span><\/li>\n<\/ul>\n","protected":false},"featured_media":76984,"template":"","meta":[],"pwb-brand":[7880],"product_brand":[7883],"product_cat":[7360,7238,7155,7272,7167],"product_tag":[],"class_list":{"0":"post-76985","1":"product","2":"type-product","3":"status-publish","4":"has-post-thumbnail","6":"pwb-brand-in-fluence","7":"product_brand-in-fluence","8":"product_cat-produits-de-soins","9":"product_cat-chats","10":"product_cat-chiens","11":"product_cat-produits-de-soin-chats","12":"product_cat-tous","13":"pa_brand-in-fluence","14":"pa_eigenschaften-pflegeprodukte-soins-de-la-peau-et-du-pelage","15":"pa_haustier-chat","16":"pa_haustier-chien-2","17":"pa_marke-in-fluence","18":"pa_ursprungsland-chine","19":"pa_z_cat2-pflege","21":"first","22":"instock","23":"taxable","24":"shipping-taxable","25":"purchasable","26":"product-type-simple"},"brands":[{"id":7880,"name":"In-Fluence","slug":"in-fluence"}],"meta_box":{"lieferant":"Businesscom","lieferanten_email":"","produktzusammensetzung":"","restock_quantities_galaxus":"5","galaxus_restock_time":"21","galaxus_restock_date":"","galaxus_preis":"","export":"Nein","signalwort":[],"gefahrenpiktogramm":[],"gefahrenhinweise":[]},"_links":{"self":[{"href":"https:\/\/dadorana.ch\/fr\/wp-json\/wp\/v2\/product\/76985","targetHints":{"allow":["GET"]}}],"collection":[{"href":"https:\/\/dadorana.ch\/fr\/wp-json\/wp\/v2\/product"}],"about":[{"href":"https:\/\/dadorana.ch\/fr\/wp-json\/wp\/v2\/types\/product"}],"version-history":[{"count":2,"href":"https:\/\/dadorana.ch\/fr\/wp-json\/wp\/v2\/product\/76985\/revisions"}],"predecessor-version":[{"id":76987,"href":"https:\/\/dadorana.ch\/fr\/wp-json\/wp\/v2\/product\/76985\/revisions\/76987"}],"wp:featuredmedia":[{"embeddable":true,"href":"https:\/\/dadorana.ch\/fr\/wp-json\/wp\/v2\/media\/76984"}],"wp:attachment":[{"href":"https:\/\/dadorana.ch\/fr\/wp-json\/wp\/v2\/media?parent=76985"}],"wp:term":[{"taxonomy":"pwb-brand","embeddable":true,"href":"https:\/\/dadorana.ch\/fr\/wp-json\/wp\/v2\/pwb-brand?post=76985"},{"taxonomy":"product_brand","embeddable":true,"href":"https:\/\/dadorana.ch\/fr\/wp-json\/wp\/v2\/product_brand?post=76985"},{"taxonomy":"product_cat","embeddable":true,"href":"https:\/\/dadorana.ch\/fr\/wp-json\/wp\/v2\/product_cat?post=76985"},{"taxonomy":"product_tag","embeddable":true,"href":"https:\/\/dadorana.ch\/fr\/wp-json\/wp\/v2\/product_tag?post=76985"}],"curies":[{"name":"wp","href":"https:\/\/api.w.org\/{rel}","templated":true}]}}