{"id":76992,"date":"2026-04-20T13:00:59","date_gmt":"2026-04-20T11:00:59","guid":{"rendered":"https:\/\/dadorana.ch\/produkt\/in-fluence-puppy-coat-shampoo-fuer-welpen\/"},"modified":"2026-04-21T14:36:32","modified_gmt":"2026-04-21T12:36:32","slug":"in-fluence-puppy-coat-shampoing-pour-chiots","status":"publish","type":"product","link":"https:\/\/dadorana.ch\/fr\/produit\/in-fluence-puppy-coat-shampoing-pour-chiots\/","title":{"rendered":"In\u200b-\u200bFluence Puppy Coat Shampoing pour chiots"},"content":{"rendered":"<p><strong>Soins doux pour la peau jeune des chiots<\/strong><br \/>Le shampooing In-Fluence Puppy 250 ml a \u00e9t\u00e9 sp\u00e9cialement d\u00e9velopp\u00e9 pour la peau sensible des chiots et des jeunes chiens. Avec sa formule de soin douce, il nettoie en douceur et efficacement, sans irriter la peau. La combinaison d&rsquo;Aloe Vera hydratante et d&rsquo;un pH optimal garantit que le shampooing peut \u00eatre utilis\u00e9 r\u00e9guli\u00e8rement pour soutenir la barri\u00e8re protectrice naturelle de la peau.<\/p>\n<p><strong>Ingr\u00e9dients naturels pour un pelage sain<\/strong><br \/>Ce shampooing contient de la fleur de cerisier revigorante et du panth\u00e9nol r\u00e9g\u00e9n\u00e9rant, qui font briller le pelage de votre chiot. La vitamine E contribue \u00e0 soigner la peau et \u00e0 maintenir le pelage souple. Gr\u00e2ce aux ingr\u00e9dients de haute qualit\u00e9, exempts d&rsquo;huiles min\u00e9rales, de silicones et de parab\u00e8nes, le shampooing est particuli\u00e8rement bien tol\u00e9r\u00e9 et assure une exp\u00e9rience de bain agr\u00e9able. Vous pouvez donc \u00eatre s\u00fbr que votre petit ch\u00e9ri ne re\u00e7oit que le meilleur.<\/p>\n<p><strong>Pratique et s\u00fbr \u00e0 utiliser<\/strong><br \/>Le shampooing In-Fluence Puppy 250 ml n&rsquo;est pas seulement nourrissant, mais aussi pratique \u00e0 utiliser. La formule l\u00e9g\u00e8rement moussante est facile \u00e0 appliquer et \u00e0 rincer, ce qui facilite le bain pour vous et votre chiot. Sans additifs nocifs, c&rsquo;est le choix id\u00e9al pour un soin r\u00e9gulier qui soutient le bien-\u00eatre et la sant\u00e9 de votre chien. Offrez \u00e0 votre chiot les soins qu&rsquo;il m\u00e9rite et assurez-vous d&rsquo;avoir un pelage propre et brillant.<\/p>\n","protected":false},"excerpt":{"rendered":"<ul>\n<li><span style=\"color: #ff8800;\">Soin doux pour la peau des chiots<\/span><\/li>\n<li><span style=\"color: #ff8800;\">L&rsquo;Aloe Vera hydrate<\/span><\/li>\n<li><span style=\"color: #ff8800;\">pH neutre et nettoyage doux<\/span><\/li>\n<li><span style=\"color: #ff8800;\">Sans huiles min\u00e9rales et parab\u00e8nes<\/span><\/li>\n<li><span style=\"color: #ff8800;\">Formule revigorante \u00e0 la fleur de cerisier<\/span><\/li>\n<\/ul>\n","protected":false},"featured_media":76991,"template":"","meta":[],"pwb-brand":[7880],"product_brand":[7883],"product_cat":[7360,7155,7167],"product_tag":[],"class_list":{"0":"post-76992","1":"product","2":"type-product","3":"status-publish","4":"has-post-thumbnail","6":"pwb-brand-in-fluence","7":"product_brand-in-fluence","8":"product_cat-produits-de-soins","9":"product_cat-chiens","10":"product_cat-tous","11":"pa_brand-in-fluence","12":"pa_eigenschaften-pflegeprodukte-chiots-shampoing-chaton","13":"pa_eigenschaften-pflegeprodukte-soins-de-la-peau-et-du-pelage","14":"pa_haustier-chien-2","15":"pa_lebensphase-de-junior","16":"pa_marke-in-fluence","17":"pa_ursprungsland-autriche","18":"pa_z_cat2-pflege","20":"first","21":"instock","22":"taxable","23":"shipping-taxable","24":"purchasable","25":"product-type-simple"},"brands":[{"id":7880,"name":"In-Fluence","slug":"in-fluence"}],"meta_box":{"lieferant":"Businesscom","lieferanten_email":"","produktzusammensetzung":"","restock_quantities_galaxus":"5","galaxus_restock_time":"21","galaxus_restock_date":"","galaxus_preis":"","export":"Nein","signalwort":[],"gefahrenpiktogramm":[],"gefahrenhinweise":[]},"_links":{"self":[{"href":"https:\/\/dadorana.ch\/fr\/wp-json\/wp\/v2\/product\/76992","targetHints":{"allow":["GET"]}}],"collection":[{"href":"https:\/\/dadorana.ch\/fr\/wp-json\/wp\/v2\/product"}],"about":[{"href":"https:\/\/dadorana.ch\/fr\/wp-json\/wp\/v2\/types\/product"}],"version-history":[{"count":2,"href":"https:\/\/dadorana.ch\/fr\/wp-json\/wp\/v2\/product\/76992\/revisions"}],"predecessor-version":[{"id":76994,"href":"https:\/\/dadorana.ch\/fr\/wp-json\/wp\/v2\/product\/76992\/revisions\/76994"}],"wp:featuredmedia":[{"embeddable":true,"href":"https:\/\/dadorana.ch\/fr\/wp-json\/wp\/v2\/media\/76991"}],"wp:attachment":[{"href":"https:\/\/dadorana.ch\/fr\/wp-json\/wp\/v2\/media?parent=76992"}],"wp:term":[{"taxonomy":"pwb-brand","embeddable":true,"href":"https:\/\/dadorana.ch\/fr\/wp-json\/wp\/v2\/pwb-brand?post=76992"},{"taxonomy":"product_brand","embeddable":true,"href":"https:\/\/dadorana.ch\/fr\/wp-json\/wp\/v2\/product_brand?post=76992"},{"taxonomy":"product_cat","embeddable":true,"href":"https:\/\/dadorana.ch\/fr\/wp-json\/wp\/v2\/product_cat?post=76992"},{"taxonomy":"product_tag","embeddable":true,"href":"https:\/\/dadorana.ch\/fr\/wp-json\/wp\/v2\/product_tag?post=76992"}],"curies":[{"name":"wp","href":"https:\/\/api.w.org\/{rel}","templated":true}]}}