{"id":77004,"date":"2026-04-20T13:45:41","date_gmt":"2026-04-20T11:45:41","guid":{"rendered":"https:\/\/dadorana.ch\/produkt\/in-fluence-conditioner-pflegespuelung-fuer-hunde\/"},"modified":"2026-04-21T14:58:02","modified_gmt":"2026-04-21T12:58:02","slug":"in-fluence-conditioner-apres-shampoing-pour-chiens","status":"publish","type":"product","link":"https:\/\/dadorana.ch\/fr\/produit\/in-fluence-conditioner-apres-shampoing-pour-chiens\/","title":{"rendered":"In\u200b-\u200bFluence Conditioner \u2013 Apr\u00e8s-shampoing pour chiens"},"content":{"rendered":"<p><strong>Un parfum frais de pomme pour un soin durable<\/strong><br \/>Le conditionneur In-Fluence 250 ml est un apr\u00e8s-shampooing intensif sp\u00e9cialement con\u00e7u pour les chiens ayant un pelage difficile \u00e0 peigner, long ou terne. Le parfum frais de pomme verte rend l&rsquo;application agr\u00e9able pour vous et votre compagnon \u00e0 quatre pattes. Cet apr\u00e8s-shampooing compl\u00e8te id\u00e9alement le shampooing en lissant le pelage terne et en lui redonnant de l&rsquo;\u00e9clat.<\/p>\n<p><strong>Renforcement et r\u00e9g\u00e9n\u00e9ration de l&rsquo;int\u00e9rieur<\/strong><br \/>Le conditionneur In-Fluence utilise une formule unique pour renforcer et r\u00e9g\u00e9n\u00e9rer les poils ab\u00eem\u00e9s de l&rsquo;int\u00e9rieur. Enrichi en pr\u00e9cieuses prot\u00e9ines de lait et de soie ainsi qu&rsquo;en provitamine B5 nourrissante, le poil est doucement d\u00e9m\u00eal\u00e9 et sa peignabilit\u00e9 est consid\u00e9rablement am\u00e9lior\u00e9e. Ces ingr\u00e9dients p\u00e9n\u00e8trent profond\u00e9ment dans la structure du poil, assurant ainsi un pelage plus sain et plus souple.<\/p>\n<p><strong>Soins naturels sans compromis<\/strong><br \/>Le conditionneur In-Fluence est exempt d&rsquo;huiles min\u00e9rales, de silicones et de parab\u00e8nes, ce qui en fait une option de soin douce pour votre chien. Vous pouvez compter sur le fait que le produit offre \u00e0 votre chien un soin luxueux sans additifs nocifs. Ces caract\u00e9ristiques font du conditionneur le choix id\u00e9al pour ceux qui attachent de l&rsquo;importance aux ingr\u00e9dients naturels et aux soins optimaux.<\/p>\n","protected":false},"excerpt":{"rendered":"<ul>\n<li><span style=\"color: #ff8800;\">250 ml avec un parfum frais de pomme<\/span><\/li>\n<li><span style=\"color: #ff8800;\">R\u00e9g\u00e9n\u00e8re les cheveux ab\u00eem\u00e9s<\/span><\/li>\n<li><span style=\"color: #ff8800;\">Contient des prot\u00e9ines de lait et de soie<\/span><\/li>\n<li><span style=\"color: #ff8800;\">Am\u00e9liore consid\u00e9rablement la facilit\u00e9 de peignage<\/span><\/li>\n<li><span style=\"color: #ff8800;\">Sans huiles min\u00e9rales et parab\u00e8nes<\/span><\/li>\n<\/ul>\n","protected":false},"featured_media":77002,"template":"","meta":[],"pwb-brand":[7880],"product_brand":[7883],"product_cat":[7360,7155,7167],"product_tag":[],"class_list":{"0":"post-77004","1":"product","2":"type-product","3":"status-publish","4":"has-post-thumbnail","6":"pwb-brand-in-fluence","7":"product_brand-in-fluence","8":"product_cat-produits-de-soins","9":"product_cat-chiens","10":"product_cat-tous","11":"pa_brand-in-fluence","12":"pa_eigenschaften-pflegeprodukte-soins-de-la-peau-et-du-pelage","13":"pa_haustier-chien-2","14":"pa_marke-in-fluence","15":"pa_ursprungsland-autriche","16":"pa_z_cat2-pflege","18":"first","19":"instock","20":"taxable","21":"shipping-taxable","22":"purchasable","23":"product-type-simple"},"brands":[{"id":7880,"name":"In-Fluence","slug":"in-fluence"}],"meta_box":{"lieferant":"Businesscom","lieferanten_email":"","produktzusammensetzung":"","restock_quantities_galaxus":"5","galaxus_restock_time":"21","galaxus_restock_date":"","galaxus_preis":"","export":"Nein","signalwort":[],"gefahrenpiktogramm":[],"gefahrenhinweise":[]},"_links":{"self":[{"href":"https:\/\/dadorana.ch\/fr\/wp-json\/wp\/v2\/product\/77004","targetHints":{"allow":["GET"]}}],"collection":[{"href":"https:\/\/dadorana.ch\/fr\/wp-json\/wp\/v2\/product"}],"about":[{"href":"https:\/\/dadorana.ch\/fr\/wp-json\/wp\/v2\/types\/product"}],"version-history":[{"count":2,"href":"https:\/\/dadorana.ch\/fr\/wp-json\/wp\/v2\/product\/77004\/revisions"}],"predecessor-version":[{"id":77006,"href":"https:\/\/dadorana.ch\/fr\/wp-json\/wp\/v2\/product\/77004\/revisions\/77006"}],"wp:featuredmedia":[{"embeddable":true,"href":"https:\/\/dadorana.ch\/fr\/wp-json\/wp\/v2\/media\/77002"}],"wp:attachment":[{"href":"https:\/\/dadorana.ch\/fr\/wp-json\/wp\/v2\/media?parent=77004"}],"wp:term":[{"taxonomy":"pwb-brand","embeddable":true,"href":"https:\/\/dadorana.ch\/fr\/wp-json\/wp\/v2\/pwb-brand?post=77004"},{"taxonomy":"product_brand","embeddable":true,"href":"https:\/\/dadorana.ch\/fr\/wp-json\/wp\/v2\/product_brand?post=77004"},{"taxonomy":"product_cat","embeddable":true,"href":"https:\/\/dadorana.ch\/fr\/wp-json\/wp\/v2\/product_cat?post=77004"},{"taxonomy":"product_tag","embeddable":true,"href":"https:\/\/dadorana.ch\/fr\/wp-json\/wp\/v2\/product_tag?post=77004"}],"curies":[{"name":"wp","href":"https:\/\/api.w.org\/{rel}","templated":true}]}}