{"id":77018,"date":"2026-04-20T14:00:41","date_gmt":"2026-04-20T12:00:41","guid":{"rendered":"https:\/\/dadorana.ch\/produkt\/in-fluence-multi-vitamin-malzpaste\/"},"modified":"2026-04-21T17:46:08","modified_gmt":"2026-04-21T15:46:08","slug":"in-fluence-mutli-vitamin-pate-de-malt","status":"publish","type":"product","link":"https:\/\/dadorana.ch\/fr\/produit\/in-fluence-mutli-vitamin-pate-de-malt\/","title":{"rendered":"In-Fluence Mutli-Vitamin p\u00e2te de malt"},"content":{"rendered":"<p><strong>Soutien polyvalent pour chaque \u00e9tape de vie de votre chat<\/strong><br \/>La p\u00e2te de malt multi-vitamines In-Fluence pour chat 100 g est le compl\u00e9ment parfait \u00e0 l&rsquo;alimentation de votre chat, quel que soit son \u00e2ge ou son niveau d&rsquo;activit\u00e9. Cette p\u00e2te savoureuse est sp\u00e9cialement con\u00e7ue pour couvrir les besoins accrus en vitamines \u00e0 certaines \u00e9tapes de la vie. Que ce soit pour les chatons, les animaux actifs ou les seniors \u2013 la p\u00e2te offre un m\u00e9lange de vitamines \u00e9quilibr\u00e9 qui renforce l&rsquo;organisme et favorise le bien-\u00eatre.<\/p>\n<p><strong>Effets b\u00e9n\u00e9fiques pour la sant\u00e9 sans ajout de sucre<\/strong><br \/>Avec la p\u00e2te de malt multi-vitamines In-Fluence, vous pouvez soutenir efficacement les d\u00e9fenses de votre chat. La recette sp\u00e9ciale, sans ajout de sucre, assure une vitalit\u00e9 accrue et une forte d\u00e9fense immunitaire. Gr\u00e2ce au m\u00e9lange optimal de vitamines, la sant\u00e9 de votre chat est favoris\u00e9e, ce qui l&rsquo;aide lors des activit\u00e9s ludiques ou dans la vie quotidienne. Cette p\u00e2te n&rsquo;est pas seulement saine, mais aussi tr\u00e8s savoureuse, de sorte que votre chat l&rsquo;acceptera volontiers.<\/p>\n<p><strong>Facile \u00e0 utiliser et id\u00e9al pour le quotidien<\/strong><br \/>L&rsquo;utilisation de la p\u00e2te de malt multi-vitamines In-Fluence est simple et peut \u00eatre facilement int\u00e9gr\u00e9e dans la routine quotidienne. Vous pouvez donner la p\u00e2te directement \u00e0 partir du tube ou la m\u00e9langer \u00e0 la nourriture comme compl\u00e9ment savoureux. Ainsi, vous vous assurez que votre chat re\u00e7oit quotidiennement la portion suppl\u00e9mentaire de vitamines n\u00e9cessaire pour rester actif et en bonne sant\u00e9. Ce compl\u00e9ment pratique \u00e0 l&rsquo;alimentation quotidienne est id\u00e9al pour les propri\u00e9taires de chats qui souhaitent soutenir durablement le bien-\u00eatre de leurs animaux de compagnie.<\/p>\n","protected":false},"excerpt":{"rendered":"<ul>\n<li><span style=\"color: #ff8800;\">Id\u00e9al pour toutes les phases de vie de votre chat<\/span><\/li>\n<li><span style=\"color: #ff8800;\">Soutient les d\u00e9fenses immunitaires et la vitalit\u00e9<\/span><\/li>\n<li><span style=\"color: #ff8800;\">Recette savoureuse sans ajout de sucre<\/span><\/li>\n<li><span style=\"color: #ff8800;\">M\u00e9lange optimal de vitamines pour la sant\u00e9<\/span><\/li>\n<li><span style=\"color: #ff8800;\">Favorise le bien-\u00eatre et la vitalit\u00e9<\/span><\/li>\n<\/ul>\n","protected":false},"featured_media":77017,"template":"","meta":[],"pwb-brand":[7880],"product_brand":[7883],"product_cat":[7274,7238,7167],"product_tag":[],"class_list":{"0":"post-77018","1":"product","2":"type-product","3":"status-publish","4":"has-post-thumbnail","6":"pwb-brand-in-fluence","7":"product_brand-in-fluence","8":"product_cat-complements-alimentaires-chats","9":"product_cat-chats","10":"product_cat-tous","11":"pa_brand-in-fluence","12":"pa_eigenschaften-systeme-immunitaire","13":"pa_eigenschaften-vitamines","14":"pa_haustier-chat","15":"pa_marke-in-fluence","16":"pa_ursprungsland-allemagne","17":"pa_z_cat2-katzenfutter","19":"first","20":"instock","21":"taxable","22":"shipping-taxable","23":"purchasable","24":"product-type-simple"},"brands":[{"id":7880,"name":"In-Fluence","slug":"in-fluence"}],"meta_box":{"lieferant":"Businesscom","lieferanten_email":"","produktzusammensetzung":"","restock_quantities_galaxus":"5","galaxus_restock_time":"21","galaxus_restock_date":"","galaxus_preis":"","export":"Nein","signalwort":[],"gefahrenpiktogramm":[],"gefahrenhinweise":[]},"_links":{"self":[{"href":"https:\/\/dadorana.ch\/fr\/wp-json\/wp\/v2\/product\/77018","targetHints":{"allow":["GET"]}}],"collection":[{"href":"https:\/\/dadorana.ch\/fr\/wp-json\/wp\/v2\/product"}],"about":[{"href":"https:\/\/dadorana.ch\/fr\/wp-json\/wp\/v2\/types\/product"}],"version-history":[{"count":0,"href":"https:\/\/dadorana.ch\/fr\/wp-json\/wp\/v2\/product\/77018\/revisions"}],"wp:featuredmedia":[{"embeddable":true,"href":"https:\/\/dadorana.ch\/fr\/wp-json\/wp\/v2\/media\/77017"}],"wp:attachment":[{"href":"https:\/\/dadorana.ch\/fr\/wp-json\/wp\/v2\/media?parent=77018"}],"wp:term":[{"taxonomy":"pwb-brand","embeddable":true,"href":"https:\/\/dadorana.ch\/fr\/wp-json\/wp\/v2\/pwb-brand?post=77018"},{"taxonomy":"product_brand","embeddable":true,"href":"https:\/\/dadorana.ch\/fr\/wp-json\/wp\/v2\/product_brand?post=77018"},{"taxonomy":"product_cat","embeddable":true,"href":"https:\/\/dadorana.ch\/fr\/wp-json\/wp\/v2\/product_cat?post=77018"},{"taxonomy":"product_tag","embeddable":true,"href":"https:\/\/dadorana.ch\/fr\/wp-json\/wp\/v2\/product_tag?post=77018"}],"curies":[{"name":"wp","href":"https:\/\/api.w.org\/{rel}","templated":true}]}}