{"id":77026,"date":"2026-04-21T06:00:24","date_gmt":"2026-04-21T04:00:24","guid":{"rendered":"https:\/\/dadorana.ch\/?post_type=product&#038;p=77026"},"modified":"2026-04-22T12:27:42","modified_gmt":"2026-04-22T10:27:42","slug":"canosept-compresses-de-soin-oculaire-pour-chiens","status":"publish","type":"product","link":"https:\/\/dadorana.ch\/fr\/produit\/canosept-compresses-de-soin-oculaire-pour-chiens\/","title":{"rendered":"Canosept Compresses de soin oculaire pour chiens"},"content":{"rendered":"<p>Les compresses de soin oculaire Canosept offrent un<strong>\u00a0nettoyage doux et efficace<\/strong>\u00a0de l&rsquo;environnement oculaire sensible de votre chien.\u00a0<strong>Ces compresses pratiques aident \u00e0 \u00e9liminer en douceur la salet\u00e9, la poussi\u00e8re et les taches de larmes.<\/strong>\u00a0Les taches de larmes inesth\u00e9tiques peuvent \u00eatre un probl\u00e8me fr\u00e9quent, en particulier chez les chiens \u00e0 pelage clair ou long.<\/p>\n<p>En utilisant r\u00e9guli\u00e8rement les compresses de soin oculaire, vous pouvez pr\u00e9venir de mani\u00e8re cibl\u00e9e la formation de calculs lacrymaux.<strong>\u00a0Les compresses sont enrichis d&rsquo;un extrait d&rsquo;aloe vera<\/strong>\u00a0apaisant qui soigne en outre et contribue au bien-\u00eatre de votre compagnon \u00e0 quatre pattes. L&rsquo;application est simple et rapide et les coussinets constituent un compl\u00e9ment parfait \u00e0 la solution de soins oculaires Canosept, vendue s\u00e9par\u00e9ment.<\/p>\n<p>Offrez \u00e0 votre chien le confort et les soins qu&rsquo;il m\u00e9rite et assurez-lui un contour des yeux propre et sain !<\/p>\n<p><strong>Avantages :<\/strong><\/p>\n<ul>\n<li>Compresses de soins oculaires doux pour chiens<\/li>\n<li>Id\u00e9al en compl\u00e9ment des soins oculaires Canosept (vendus s\u00e9par\u00e9ment)<\/li>\n<li><strong>Nettoyage en douceur :<\/strong>\u00a0\u00e9limine la salet\u00e9, la poussi\u00e8re et les calculs lacrymaux<\/li>\n<li><strong>Peut pr\u00e9venir les calculs lacrymaux : en cas d&rsquo;utilisation r\u00e9guli\u00e8re<\/strong><\/li>\n<li><strong>Avec extrait d&rsquo;aloe vera :<\/strong>\u00a0apaise et procure une hydratation bienfaisante<\/li>\n<\/ul>\n","protected":false},"excerpt":{"rendered":"<p><strong><span style=\"color: #ff8800;\">Compresses pour le soin des yeux des chiens, \u00e9limine en douceur la salet\u00e9, la poussi\u00e8re et les pierres de larmes :<\/span><\/strong><\/p>\n<ul>\n<li><span style=\"color: #ff8800;\">Facile d&rsquo;utilisation<\/span><\/li>\n<li><span style=\"color: #ff8800;\">Soin doux pour le contour des yeux<\/span><\/li>\n<li><span style=\"color: #ff8800;\">\u00c9limine les impuret\u00e9s, la poussi\u00e8re, les traces de larmes et autres r\u00e9sidus du contour des yeux<\/span><\/li>\n<li><span style=\"color: #ff8800;\">100 pi\u00e8ces<\/span><\/li>\n<\/ul>\n","protected":false},"featured_media":77022,"template":"","meta":[],"pwb-brand":[8000],"product_brand":[8074],"product_cat":[7360,7155,7167],"product_tag":[],"class_list":{"0":"post-77026","1":"product","2":"type-product","3":"status-publish","4":"has-post-thumbnail","6":"pwb-brand-canosept","7":"product_brand-canosept","8":"product_cat-produits-de-soins","9":"product_cat-chiens","10":"product_cat-tous","11":"pa_brand-canosept","12":"pa_eigenschaften-pflegeprodukte-soins-des-yeux","13":"pa_haustier-chien-2","14":"pa_marke-canosept","15":"pa_ursprungsland-allemagne","16":"pa_z_cat2-pflege","18":"first","19":"instock","20":"taxable","21":"shipping-taxable","22":"purchasable","23":"product-type-simple"},"brands":[{"id":8000,"name":"Canosept","slug":"canosept"}],"meta_box":{"lieferant":"Businesscom","lieferanten_email":"","produktzusammensetzung":"","restock_quantities_galaxus":"5","galaxus_restock_time":"21","galaxus_restock_date":"","galaxus_preis":"","export":"Nein","signalwort":[],"gefahrenpiktogramm":[],"gefahrenhinweise":[]},"_links":{"self":[{"href":"https:\/\/dadorana.ch\/fr\/wp-json\/wp\/v2\/product\/77026","targetHints":{"allow":["GET"]}}],"collection":[{"href":"https:\/\/dadorana.ch\/fr\/wp-json\/wp\/v2\/product"}],"about":[{"href":"https:\/\/dadorana.ch\/fr\/wp-json\/wp\/v2\/types\/product"}],"version-history":[{"count":0,"href":"https:\/\/dadorana.ch\/fr\/wp-json\/wp\/v2\/product\/77026\/revisions"}],"wp:featuredmedia":[{"embeddable":true,"href":"https:\/\/dadorana.ch\/fr\/wp-json\/wp\/v2\/media\/77022"}],"wp:attachment":[{"href":"https:\/\/dadorana.ch\/fr\/wp-json\/wp\/v2\/media?parent=77026"}],"wp:term":[{"taxonomy":"pwb-brand","embeddable":true,"href":"https:\/\/dadorana.ch\/fr\/wp-json\/wp\/v2\/pwb-brand?post=77026"},{"taxonomy":"product_brand","embeddable":true,"href":"https:\/\/dadorana.ch\/fr\/wp-json\/wp\/v2\/product_brand?post=77026"},{"taxonomy":"product_cat","embeddable":true,"href":"https:\/\/dadorana.ch\/fr\/wp-json\/wp\/v2\/product_cat?post=77026"},{"taxonomy":"product_tag","embeddable":true,"href":"https:\/\/dadorana.ch\/fr\/wp-json\/wp\/v2\/product_tag?post=77026"}],"curies":[{"name":"wp","href":"https:\/\/api.w.org\/{rel}","templated":true}]}}