{"id":77038,"date":"2026-04-21T06:15:10","date_gmt":"2026-04-21T04:15:10","guid":{"rendered":"https:\/\/dadorana.ch\/produkt\/canosept-ohrpflege-finger-pads-fuer-hunde\/"},"modified":"2026-04-22T11:47:57","modified_gmt":"2026-04-22T09:47:57","slug":"canosept-compresses-auriculaires-pour-chiens","status":"publish","type":"product","link":"https:\/\/dadorana.ch\/fr\/produit\/canosept-compresses-auriculaires-pour-chiens\/","title":{"rendered":"Canosept Compresses auriculaires pour chiens"},"content":{"rendered":"<p>Les doigtiers Canosept pour le soin des oreilles sont id\u00e9aux\u00a0<strong>pour nettoyer en douceur et en profondeur les oreilles sensibles<\/strong>\u00a0de votre chien. Gr\u00e2ce \u00e0 leur forme sp\u00e9cialement con\u00e7ue et \u00e0 leur application flexible, les compresses suivent intuitivement l&rsquo;anatomie de l&rsquo;oreille du chien pour \u00e9liminer efficacement la salet\u00e9 et le c\u00e9rumen, et garantir\u00a0<strong>une hygi\u00e8ne optimale<\/strong>.<\/p>\n<p>Outre le nettoyage en profondeur, les compresses pour doigt ont \u00e9galement<strong>\u00a0un effet d\u00e9sodorisant qui r\u00e9duit les odeurs d\u00e9sagr\u00e9ables<\/strong>\u00a0et procure une sensation de fra\u00eecheur \u00e0 l&rsquo;oreille. La facilit\u00e9 d&rsquo;utilisation faite du soin des oreilles un processus sans effort pour vous et votre compagnon \u00e0 quatre pattes.<\/p>\n<p><strong>Avantages :<\/strong><\/p>\n<ul>\n<li>Compresse \u00e0 doigts utiles pour le soin des oreilles des chiens<\/li>\n<li><strong>Forme anatomique :<\/strong>\u00a0sp\u00e9cialement con\u00e7ue, s&rsquo;adapte \u00e0 l&rsquo;oreille du chien<\/li>\n<li><strong>Nettoie en douceur :<\/strong>\u00a0\u00e9limine la salet\u00e9 et le c\u00e9rumen<\/li>\n<li><strong>D\u00e9sodorise :<\/strong>\u00a0r\u00e9duit les odeurs d\u00e9sagr\u00e9ables<\/li>\n<\/ul>\n","protected":false},"excerpt":{"rendered":"<p><strong><span style=\"color: #ff8800;\">Compresses de soin auriculaire pour chiens, \u00e0 utiliser avec le doigt. Enl\u00e8ve la salet\u00e9 et le c\u00e9rumen :<\/span><\/strong><\/p>\n<ul>\n<li><span style=\"color: #ff8800;\">Une utilisation r\u00e9guli\u00e8re garantit une bonne hygi\u00e8ne auriculaire<\/span><\/li>\n<li><span style=\"color: #ff8800;\">Pratique et facile d&rsquo;utilisation<\/span><\/li>\n<li><span style=\"color: #ff8800;\">\u00c9limine les impuret\u00e9s et le c\u00e9rumen, et d\u00e9sodorise<\/span><\/li>\n<li><span style=\"color: #ff8800;\">Les picots sp\u00e9cialement con\u00e7us \u00e9pousent intuitivement la forme de l&rsquo;oreille du chien<\/span><\/li>\n<li><span style=\"color: #ff8800;\">50 pi\u00e8ces<\/span><\/li>\n<\/ul>\n","protected":false},"featured_media":77037,"template":"","meta":[],"pwb-brand":[8000],"product_brand":[8074],"product_cat":[7360,7155,7167],"product_tag":[],"class_list":{"0":"post-77038","1":"product","2":"type-product","3":"status-publish","4":"has-post-thumbnail","6":"pwb-brand-canosept","7":"product_brand-canosept","8":"product_cat-produits-de-soins","9":"product_cat-chiens","10":"product_cat-tous","11":"pa_brand-canosept","12":"pa_eigenschaften-pflegeprodukte-soins-des-oreilles","13":"pa_haustier-chien-2","14":"pa_marke-canosept","15":"pa_ursprungsland-allemagne","16":"pa_z_cat2-pflege","18":"first","19":"instock","20":"taxable","21":"shipping-taxable","22":"purchasable","23":"product-type-simple"},"brands":[{"id":8000,"name":"Canosept","slug":"canosept"}],"meta_box":{"lieferant":"Businesscom","lieferanten_email":"","produktzusammensetzung":"","restock_quantities_galaxus":"5","galaxus_restock_time":"21","galaxus_restock_date":"","galaxus_preis":"","export":"Nein","signalwort":[],"gefahrenpiktogramm":[],"gefahrenhinweise":[]},"_links":{"self":[{"href":"https:\/\/dadorana.ch\/fr\/wp-json\/wp\/v2\/product\/77038","targetHints":{"allow":["GET"]}}],"collection":[{"href":"https:\/\/dadorana.ch\/fr\/wp-json\/wp\/v2\/product"}],"about":[{"href":"https:\/\/dadorana.ch\/fr\/wp-json\/wp\/v2\/types\/product"}],"version-history":[{"count":0,"href":"https:\/\/dadorana.ch\/fr\/wp-json\/wp\/v2\/product\/77038\/revisions"}],"wp:featuredmedia":[{"embeddable":true,"href":"https:\/\/dadorana.ch\/fr\/wp-json\/wp\/v2\/media\/77037"}],"wp:attachment":[{"href":"https:\/\/dadorana.ch\/fr\/wp-json\/wp\/v2\/media?parent=77038"}],"wp:term":[{"taxonomy":"pwb-brand","embeddable":true,"href":"https:\/\/dadorana.ch\/fr\/wp-json\/wp\/v2\/pwb-brand?post=77038"},{"taxonomy":"product_brand","embeddable":true,"href":"https:\/\/dadorana.ch\/fr\/wp-json\/wp\/v2\/product_brand?post=77038"},{"taxonomy":"product_cat","embeddable":true,"href":"https:\/\/dadorana.ch\/fr\/wp-json\/wp\/v2\/product_cat?post=77038"},{"taxonomy":"product_tag","embeddable":true,"href":"https:\/\/dadorana.ch\/fr\/wp-json\/wp\/v2\/product_tag?post=77038"}],"curies":[{"name":"wp","href":"https:\/\/api.w.org\/{rel}","templated":true}]}}