{"id":77043,"date":"2026-04-21T06:30:29","date_gmt":"2026-04-21T04:30:29","guid":{"rendered":"https:\/\/dadorana.ch\/produkt\/canosept-zahnpflege-finger-pads-fuer-hunde\/"},"modified":"2026-04-22T12:11:56","modified_gmt":"2026-04-22T10:11:56","slug":"canosept-compresses-dentaires-pour-chiens","status":"publish","type":"product","link":"https:\/\/dadorana.ch\/fr\/produit\/canosept-compresses-dentaires-pour-chiens\/","title":{"rendered":"Canosept Compresses dentaires pour chiens"},"content":{"rendered":"<p>Les compresses pour doigt Canosept pour l&rsquo;hygi\u00e8ne dentaire sont<strong>\u00a0id\u00e9aux pour nettoyer en douceur et en profondeur les dents de votre chien<\/strong>. Gr\u00e2ce \u00e0 leur forme sp\u00e9cialement con\u00e7ue et \u00e0 leur application flexible, les compresses\u00a0suivent intuitivement l&rsquo;anatomie de la dentition du chien pour \u00e9liminer efficacement les salet\u00e9s et garantir une hygi\u00e8ne optimale.<\/p>\n<p>Ils r\u00e9duisent \u00e9galement l&rsquo;accumulation de plaque et de tartre et favorisent une haleine fra\u00eeche.<\/p>\n<p><strong>Avantages :<\/strong><\/p>\n<ul>\n<li>Un moyen efficace de nettoyer les gencives et les dents du chien et de garantir une bonne hygi\u00e8ne buccale<\/li>\n<li>Une utilisation r\u00e9guli\u00e8re permet de r\u00e9duire les d\u00e9p\u00f4ts de plaque et de tartre et de favoriser une haleine fra\u00eeche<\/li>\n<li>L&rsquo;utilisation avec les doigts, sp\u00e9cialement form\u00e9e et pratique, permet au propri\u00e9taire de l&rsquo;animal de suivre intuitivement la dentition du chien lors du nettoyage et de s&rsquo;adapter \u00e0 ses mouvements<\/li>\n<li>Pr\u00eate \u00e0 l&#8217;emploi et donc id\u00e9ale pour les d\u00e9placements<\/li>\n<\/ul>\n","protected":false},"excerpt":{"rendered":"<p><strong><span style=\"color: #ff8800;\">Compresses d&rsquo;hygi\u00e8ne dentaire pour chiens, \u00e0 utiliser avec le doigt. Enl\u00e8ve la salet\u00e9 et garantit une bonne hygi\u00e8ne buccale :<\/span><\/strong><\/p>\n<ul>\n<li><span style=\"color: #ff8800;\">50 pi\u00e8ces<\/span><\/li>\n<li><span style=\"color: #ff8800;\">Permet un nettoyage efficace des dents du chien<\/span><\/li>\n<li><span style=\"color: #ff8800;\">R\u00e9duit la mauvaise haleine<\/span><\/li>\n<li><span style=\"color: #ff8800;\">Facile \u00e0 utiliser, sans brosse \u00e0 dents<\/span><\/li>\n<li><span style=\"color: #ff8800;\">R\u00e9duit l&rsquo;accumulation de plaque dentaire<\/span><\/li>\n<li><span style=\"color: #ff8800;\">Convient \u00e9galement comme d\u00e9tartreur<\/span><\/li>\n<\/ul>\n","protected":false},"featured_media":77042,"template":"","meta":[],"pwb-brand":[8000],"product_brand":[8074],"product_cat":[7360,7155,7167],"product_tag":[],"class_list":{"0":"post-77043","1":"product","2":"type-product","3":"status-publish","4":"has-post-thumbnail","6":"pwb-brand-canosept","7":"product_brand-canosept","8":"product_cat-produits-de-soins","9":"product_cat-chiens","10":"product_cat-tous","11":"pa_brand-canosept","12":"pa_eigenschaften-pflegeprodukte-soins-dentaires","13":"pa_haustier-chien-2","14":"pa_marke-canosept","15":"pa_ursprungsland-allemagne","16":"pa_z_cat2-pflege","18":"first","19":"instock","20":"taxable","21":"shipping-taxable","22":"purchasable","23":"product-type-simple"},"brands":[{"id":8000,"name":"Canosept","slug":"canosept"}],"meta_box":{"lieferant":"Businesscom","lieferanten_email":"","produktzusammensetzung":"","restock_quantities_galaxus":"5","galaxus_restock_time":"21","galaxus_restock_date":"","galaxus_preis":"","export":"Nein","signalwort":[],"gefahrenpiktogramm":[],"gefahrenhinweise":[]},"_links":{"self":[{"href":"https:\/\/dadorana.ch\/fr\/wp-json\/wp\/v2\/product\/77043","targetHints":{"allow":["GET"]}}],"collection":[{"href":"https:\/\/dadorana.ch\/fr\/wp-json\/wp\/v2\/product"}],"about":[{"href":"https:\/\/dadorana.ch\/fr\/wp-json\/wp\/v2\/types\/product"}],"version-history":[{"count":2,"href":"https:\/\/dadorana.ch\/fr\/wp-json\/wp\/v2\/product\/77043\/revisions"}],"predecessor-version":[{"id":77045,"href":"https:\/\/dadorana.ch\/fr\/wp-json\/wp\/v2\/product\/77043\/revisions\/77045"}],"wp:featuredmedia":[{"embeddable":true,"href":"https:\/\/dadorana.ch\/fr\/wp-json\/wp\/v2\/media\/77042"}],"wp:attachment":[{"href":"https:\/\/dadorana.ch\/fr\/wp-json\/wp\/v2\/media?parent=77043"}],"wp:term":[{"taxonomy":"pwb-brand","embeddable":true,"href":"https:\/\/dadorana.ch\/fr\/wp-json\/wp\/v2\/pwb-brand?post=77043"},{"taxonomy":"product_brand","embeddable":true,"href":"https:\/\/dadorana.ch\/fr\/wp-json\/wp\/v2\/product_brand?post=77043"},{"taxonomy":"product_cat","embeddable":true,"href":"https:\/\/dadorana.ch\/fr\/wp-json\/wp\/v2\/product_cat?post=77043"},{"taxonomy":"product_tag","embeddable":true,"href":"https:\/\/dadorana.ch\/fr\/wp-json\/wp\/v2\/product_tag?post=77043"}],"curies":[{"name":"wp","href":"https:\/\/api.w.org\/{rel}","templated":true}]}}