{"id":77048,"date":"2026-04-21T06:45:44","date_gmt":"2026-04-21T04:45:44","guid":{"rendered":"https:\/\/dadorana.ch\/produkt\/canosept-hautpflege-spray-fuer-hunde\/"},"modified":"2026-04-22T12:27:59","modified_gmt":"2026-04-22T10:27:59","slug":"canosept-spray-de-soin-de-la-peau-pour-chiens","status":"publish","type":"product","link":"https:\/\/dadorana.ch\/fr\/produit\/canosept-spray-de-soin-de-la-peau-pour-chiens\/","title":{"rendered":"Canosept Spray de soin de la peau pour chiens"},"content":{"rendered":"<p>Le spray de soin cutan\u00e9 Canosept est la solution id\u00e9ale\u00a0<strong>pour soigner et soutenir la sant\u00e9 de la peau<\/strong>\u00a0de votre compagnon \u00e0 quatre pattes.<strong>\u00a0Il favorise la r\u00e9g\u00e9n\u00e9ration en cas d&rsquo;inflammation, d&rsquo;irritation, de calvitie et de d\u00e9mangeaisons et aide \u00e0 la gu\u00e9rison des peaux craquel\u00e9es et gerc\u00e9es.<\/strong><\/p>\n<p>Ce spray<strong>\u00a0biologique, soignant et au pH neutre<\/strong>\u00a0est particuli\u00e8rement efficace pendant et apr\u00e8s une infestation de parasites tels que les puces, les acariens et les tiques ainsi que les levures. Gr\u00e2ce \u00e0 ses\u00a0<strong>ingr\u00e9dients 100 % naturels<\/strong>, le spray de soin cutan\u00e9 Canosept est un produit de soin tr\u00e8s appr\u00e9ci\u00e9 des propri\u00e9taires de chiens et convient \u00e9galement aux autres animaux domestiques.<\/p>\n<p><strong>Avantages :<\/strong><\/p>\n<ul>\n<li>Spray de soin de la peau pour chiens<\/li>\n<li><strong>Effet polyvalent :<\/strong>\u00a0pour la r\u00e9g\u00e9n\u00e9ration et le soin en cas de d\u00e9mangeaisons, d&rsquo;infestation par la vermine, d&rsquo;inflammations et d&rsquo;irritations de la peau<\/li>\n<li><strong>Composition douce et naturelle :<\/strong>\u00a0est douce pour la peau<\/li>\n<li>Favorise la gu\u00e9rison en cas de peau craquel\u00e9e et r\u00eache<\/li>\n<li><strong>Pour un usage r\u00e9p\u00e9t\u00e9 :<\/strong>\u00a0utilisation pendant et apr\u00e8s l&rsquo;infestation par la vermine<\/li>\n<li><strong>Tr\u00e8s bonne tol\u00e9rance :<\/strong>\u00a0m\u00eame pour la peau sensible des chiens<\/li>\n<li>Convient \u00e9galement aux chats<\/li>\n<li>Made in Germany<\/li>\n<\/ul>\n","protected":false},"excerpt":{"rendered":"<div class=\"cs-buybox__section cs-buybox__section--essentials\">\n<div class=\"product attribute cs-buybox__std\">\n<div class=\"value\">\n<p><strong><span style=\"color: #ff8800;\">Spray pour le soin de la peau des chiens, r\u00e9g\u00e9n\u00e8re et soigne en cas de d\u00e9mangeaisons, d&rsquo;infestation par la vermine, d&rsquo;irritations et d&rsquo;inflammations :<\/span><\/strong><\/p>\n<\/div>\n<\/div>\n<\/div>\n<ul>\n<li><span style=\"color: #ff8800;\">pH-neute<\/span><\/li>\n<li><span style=\"color: #ff8800;\">pour chiens, chats et autres animaux de compagnie<\/span><\/li>\n<\/ul>\n","protected":false},"featured_media":77047,"template":"","meta":[],"pwb-brand":[8000],"product_brand":[8074],"product_cat":[7360,7155,7167],"product_tag":[],"class_list":{"0":"post-77048","1":"product","2":"type-product","3":"status-publish","4":"has-post-thumbnail","6":"pwb-brand-canosept","7":"product_brand-canosept","8":"product_cat-produits-de-soins","9":"product_cat-chiens","10":"product_cat-tous","11":"pa_brand-canosept","12":"pa_eigenschaften-pflegeprodukte-soins-de-la-peau-et-du-pelage","13":"pa_haustier-chien-2","14":"pa_marke-canosept","15":"pa_ursprungsland-allemagne","16":"pa_z_cat2-pflege","18":"first","19":"instock","20":"taxable","21":"shipping-taxable","22":"purchasable","23":"product-type-simple"},"brands":[{"id":8000,"name":"Canosept","slug":"canosept"}],"meta_box":{"lieferant":"Businesscom","lieferanten_email":"","produktzusammensetzung":"","restock_quantities_galaxus":"5","galaxus_restock_time":"21","galaxus_restock_date":"","galaxus_preis":"","export":"Nein","signalwort":[],"gefahrenpiktogramm":[],"gefahrenhinweise":[]},"_links":{"self":[{"href":"https:\/\/dadorana.ch\/fr\/wp-json\/wp\/v2\/product\/77048","targetHints":{"allow":["GET"]}}],"collection":[{"href":"https:\/\/dadorana.ch\/fr\/wp-json\/wp\/v2\/product"}],"about":[{"href":"https:\/\/dadorana.ch\/fr\/wp-json\/wp\/v2\/types\/product"}],"version-history":[{"count":0,"href":"https:\/\/dadorana.ch\/fr\/wp-json\/wp\/v2\/product\/77048\/revisions"}],"wp:featuredmedia":[{"embeddable":true,"href":"https:\/\/dadorana.ch\/fr\/wp-json\/wp\/v2\/media\/77047"}],"wp:attachment":[{"href":"https:\/\/dadorana.ch\/fr\/wp-json\/wp\/v2\/media?parent=77048"}],"wp:term":[{"taxonomy":"pwb-brand","embeddable":true,"href":"https:\/\/dadorana.ch\/fr\/wp-json\/wp\/v2\/pwb-brand?post=77048"},{"taxonomy":"product_brand","embeddable":true,"href":"https:\/\/dadorana.ch\/fr\/wp-json\/wp\/v2\/product_brand?post=77048"},{"taxonomy":"product_cat","embeddable":true,"href":"https:\/\/dadorana.ch\/fr\/wp-json\/wp\/v2\/product_cat?post=77048"},{"taxonomy":"product_tag","embeddable":true,"href":"https:\/\/dadorana.ch\/fr\/wp-json\/wp\/v2\/product_tag?post=77048"}],"curies":[{"name":"wp","href":"https:\/\/api.w.org\/{rel}","templated":true}]}}