{"id":77222,"date":"2026-05-11T21:08:03","date_gmt":"2026-05-11T19:08:03","guid":{"rendered":"https:\/\/dadorana.ch\/?post_type=product&#038;p=77222"},"modified":"2026-05-12T13:25:15","modified_gmt":"2026-05-12T11:25:15","slug":"custom-diet-salmon-croquettes-sans-cereales-au-saumon","status":"publish","type":"product","link":"https:\/\/dadorana.ch\/fr\/produit\/custom-diet-salmon-croquettes-sans-cereales-au-saumon\/","title":{"rendered":"Custom Diet Salmon \u2013 Croquettes sans c\u00e9r\u00e9ales au saumon"},"content":{"rendered":"<p><strong>Custom Diet Salmon<\/strong> est une nourriture s\u00e8che de haute qualit\u00e9, sans c\u00e9r\u00e9ales, pour chiens adultes, sp\u00e9cialement d\u00e9velopp\u00e9e pour une <strong>alimentation bien tol\u00e9r\u00e9e, hypoallerg\u00e9nique et riche en nutriments<\/strong> . Le <strong>saumon \u00e9tant la seule source de prot\u00e9ines animales (monoprot\u00e9ines),<\/strong> cette nourriture est id\u00e9ale pour les chiens <strong>souffrant d&rsquo;intol\u00e9rances alimentaires, de digestion sensible ou de probl\u00e8mes cutan\u00e9s<\/strong>.<\/p>\n<p><strong>Id\u00e9ale pour les chiens sensibles et les allergiques, cette nourriture pour chiens a \u00e9t\u00e9 sp\u00e9cialement d\u00e9velopp\u00e9e pour :<\/strong><\/p>\n<ul>\n<li>Chiens <strong>intol\u00e9rants alimentaires<\/strong><\/li>\n<li>Tractus gastro-intestinal sensible<\/li>\n<li>Probl\u00e8mes de peau ou pelage sec<\/li>\n<li>R\u00e9gimes d&rsquo;exclusion (monoprot\u00e9ines)<\/li>\n<\/ul>\n<p>Les aliments hypoallerg\u00e9niques utilisent souvent <strong>une seule source rare de prot\u00e9ines<\/strong> pour r\u00e9duire les intol\u00e9rances. <strong>Ingr\u00e9dients de haute qualit\u00e9 et recette sans c\u00e9r\u00e9ales.<\/strong><\/p>\n<p><strong>Soutien de la peau, du pelage et du syst\u00e8me immunitaire <\/strong>Le saumon est particuli\u00e8rement riche en nutriments pr\u00e9cieux :<\/p>\n<ul>\n<li><strong>Les acides gras om\u00e9ga-3<\/strong> \u2192 favoriser la peau et le pelage brillant<\/li>\n<li>Soutenir le <strong>syst\u00e8me immunitaire et les processus anti-inflammatoires<\/strong><\/li>\n<\/ul>\n<p><strong>\u00c9galement inclus :<\/strong><\/p>\n<ul>\n<li><strong>Les probiotiques<\/strong> \u2192 pour une flore intestinale saine<\/li>\n<li><strong>Les articulations de soutien \u2192<\/strong> glucosamine et chondro\u00eftine<\/li>\n<\/ul>\n","protected":false},"excerpt":{"rendered":"<p><span style=\"color: #ff8800;\"><strong>Custom Diet Salmon<\/strong> est le choix id\u00e9al pour les propri\u00e9taires de chiens qui souhaitent offrir \u00e0 leur ami \u00e0 quatre pattes un <strong>r\u00e9gime de haute qualit\u00e9, bien tol\u00e9r\u00e9 et hypoallerg\u00e9nique<\/strong> . Surtout pour les chiens sensibles, la recette au saumon garantit une <strong>peau saine, une digestion stable et une vitalit\u00e9 durable<\/strong>.<\/span><\/p>\n<p><span style=\"color: #ff8800;\"><strong>Avantages en un coup d&rsquo;\u0153il :<\/strong><\/span><\/p>\n<ul>\n<li><span style=\"color: #ff8800;\">Formule sans c\u00e9r\u00e9ales et hypoallerg\u00e9nique<\/span><\/li>\n<li><span style=\"color: #ff8800;\">Monoprot\u00e9ine (saumon) \u2013 id\u00e9ale pour les intol\u00e9rances<\/span><\/li>\n<li><span style=\"color: #ff8800;\">Soutient la peau, le pelage et le syst\u00e8me immunitaire<\/span><\/li>\n<li><span style=\"color: #ff8800;\">Favorise une digestion saine<\/span><\/li>\n<li><span style=\"color: #ff8800;\">Ingr\u00e9dients naturels et forte acceptation<\/span><\/li>\n<\/ul>\n","protected":false},"featured_media":77220,"template":"","meta":[],"pwb-brand":[8490],"product_brand":[8492],"product_cat":[7156,7155,7167],"product_tag":[],"class_list":{"0":"post-77222","1":"product","2":"type-product","3":"status-publish","4":"has-post-thumbnail","6":"pwb-brand-custom-diet","7":"product_brand-custom-diet","8":"product_cat-nourriture-seche","9":"product_cat-chiens","10":"product_cat-tous","11":"pa_brand-custom-diet","12":"pa_eigenschaften-allergies","13":"pa_eigenschaften-digestion-sensible","14":"pa_eigenschaften-hypoallergenique","15":"pa_eigenschaften-light-leger","16":"pa_eigenschaften-peau-et-fourrure","17":"pa_eigenschaften-sans-ble","18":"pa_eigenschaften-sans-cereales","19":"pa_eigenschaften-sans-gluten","20":"pa_eigenschaften-sterilisation-castration","21":"pa_geschmack-saumon","22":"pa_groesee-de-large-de","23":"pa_groesee-de-medium-de","24":"pa_groesee-de-small","25":"pa_haustier-chien-2","26":"pa_lebensphase-de-adulte","27":"pa_lebensphase-de-senior","28":"pa_marke-custom-diet","29":"pa_ursprungsland-espagne","31":"first","32":"instock","33":"taxable","34":"shipping-taxable","35":"purchasable","36":"product-type-variable"},"brands":[{"id":8490,"name":"Custom Diet","slug":"custom-diet"}],"meta_box":{"lieferant":"Eigenlager (Da Dorana)","lieferanten_email":"","produktzusammensetzung":"","restock_quantities_galaxus":"5","galaxus_restock_time":"21","galaxus_restock_date":"","galaxus_preis":"","export":"Nein","signalwort":[],"gefahrenpiktogramm":[],"gefahrenhinweise":[]},"_links":{"self":[{"href":"https:\/\/dadorana.ch\/fr\/wp-json\/wp\/v2\/product\/77222","targetHints":{"allow":["GET"]}}],"collection":[{"href":"https:\/\/dadorana.ch\/fr\/wp-json\/wp\/v2\/product"}],"about":[{"href":"https:\/\/dadorana.ch\/fr\/wp-json\/wp\/v2\/types\/product"}],"version-history":[{"count":1,"href":"https:\/\/dadorana.ch\/fr\/wp-json\/wp\/v2\/product\/77222\/revisions"}],"predecessor-version":[{"id":78899,"href":"https:\/\/dadorana.ch\/fr\/wp-json\/wp\/v2\/product\/77222\/revisions\/78899"}],"wp:featuredmedia":[{"embeddable":true,"href":"https:\/\/dadorana.ch\/fr\/wp-json\/wp\/v2\/media\/77220"}],"wp:attachment":[{"href":"https:\/\/dadorana.ch\/fr\/wp-json\/wp\/v2\/media?parent=77222"}],"wp:term":[{"taxonomy":"pwb-brand","embeddable":true,"href":"https:\/\/dadorana.ch\/fr\/wp-json\/wp\/v2\/pwb-brand?post=77222"},{"taxonomy":"product_brand","embeddable":true,"href":"https:\/\/dadorana.ch\/fr\/wp-json\/wp\/v2\/product_brand?post=77222"},{"taxonomy":"product_cat","embeddable":true,"href":"https:\/\/dadorana.ch\/fr\/wp-json\/wp\/v2\/product_cat?post=77222"},{"taxonomy":"product_tag","embeddable":true,"href":"https:\/\/dadorana.ch\/fr\/wp-json\/wp\/v2\/product_tag?post=77222"}],"curies":[{"name":"wp","href":"https:\/\/api.w.org\/{rel}","templated":true}]}}