{"id":77310,"date":"2026-05-11T21:07:52","date_gmt":"2026-05-11T19:07:52","guid":{"rendered":"https:\/\/dadorana.ch\/?post_type=product&#038;p=77310"},"modified":"2026-05-11T21:25:25","modified_gmt":"2026-05-11T19:25:25","slug":"custom-diet-sterilized-croquettes-pour-chats-sterilises","status":"publish","type":"product","link":"https:\/\/dadorana.ch\/fr\/produit\/custom-diet-sterilized-croquettes-pour-chats-sterilises\/","title":{"rendered":"Custom Diet Sterilized \u2013 Croquettes pour chats st\u00e9rilis\u00e9s"},"content":{"rendered":"<p><strong>Custom Diet<\/strong> Sterilized est une nourriture s\u00e8che de haute qualit\u00e9\u00a0 sp\u00e9cialement con\u00e7ue pour <strong>les chats st\u00e9rilis\u00e9s<\/strong>. La formule combine <strong>du saumon frais et du poulet avec des additifs fonctionnels<\/strong> pour <strong>\u00a0soutenir une gestion saine du poids, une bonne digestion et une vitalit\u00e9<\/strong> optimale.<\/p>\n<p><strong>Id\u00e9al pour les chats st\u00e9rilis\u00e9s, apr\u00e8s la st\u00e9rilisation le m\u00e9tabolisme de nombreux chats change, cet aliment est pr\u00e9cis\u00e9ment adapt\u00e9 \u00e0 :<\/strong><\/p>\n<ul>\n<li>R\u00e9duction de la teneur en graisses pour le contr\u00f4le du poids<\/li>\n<li>Densit\u00e9 calorique ajust\u00e9e<\/li>\n<li>Soutient la sant\u00e9 des voies urinaires<\/li>\n<\/ul>\n<p>Gr\u00e2ce \u00e0 la <strong>L-carnitine et \u00e0 une teneur \u00e9nerg\u00e9tique mod\u00e9r\u00e9e<\/strong> , cet aliment aide \u00e0 maintenir un poids id\u00e9al sur le long terme.<\/p>\n<p><strong>Soutien \u00e0 la digestion et au syst\u00e8me immunitaire, les ingr\u00e9dients fonctionnels favorisent le bien-\u00eatre de votre chat :<\/strong><\/p>\n<ul>\n<li><strong>Les probiotiques (20 millions de micro-organismes\/kg)<\/strong> \u2192 une flore intestinale saine<\/li>\n<li><strong>Les pr\u00e9biotiques<\/strong> \u2192 aident \u00e0 la digestion<\/li>\n<li><strong>La taurine<\/strong> \u2192 importante pour le c\u0153ur et les yeux<\/li>\n<li><strong>Glucosamine et chondro\u00eftine<\/strong> \u2192 pour les articulations<\/li>\n<\/ul>\n","protected":false},"excerpt":{"rendered":"<p><span style=\"color: #ff8800;\"><strong>Custom Diet Sterilized<\/strong> est le choix id\u00e9al pour les propri\u00e9taires de chats qui souhaitent offrir \u00e0 leur chat st\u00e9rilis\u00e9 une <strong>alimentation de haute qualit\u00e9, fonctionnelle et \u00e9quilibr\u00e9e<\/strong> . La formule sp\u00e9cialement adapt\u00e9e soutient <strong>le poids, la digestion et la sant\u00e9 \u00e0 long terme<\/strong> \u2013 pour une vie de chat active et satisfaite.<\/span><\/p>\n<p><span style=\"color: #ff8800;\"><strong>Avantages en un coup d&rsquo;\u0153il :<\/strong><\/span><\/p>\n<ul>\n<li><span style=\"color: #ff8800;\">Sp\u00e9cialement con\u00e7u pour les chats st\u00e9rilis\u00e9s<\/span><\/li>\n<li><span style=\"color: #ff8800;\">Soutient la gestion du poids et le m\u00e9tabolisme<\/span><\/li>\n<li><span style=\"color: #ff8800;\">Forte proportion d&rsquo;ingr\u00e9dients animaux<\/span><\/li>\n<li><span style=\"color: #ff8800;\">Avec des probiotiques pour une digestion saine<\/span><\/li>\n<li><span style=\"color: #ff8800;\">Favorise la sant\u00e9 et la vitalit\u00e9 des voies urinaires<\/span><\/li>\n<\/ul>\n","protected":false},"featured_media":77308,"template":"","meta":[],"pwb-brand":[8490],"product_brand":[8492],"product_cat":[7230,7238,7167],"product_tag":[],"class_list":{"0":"post-77310","1":"product","2":"type-product","3":"status-publish","4":"has-post-thumbnail","6":"pwb-brand-custom-diet","7":"product_brand-custom-diet","8":"product_cat-nourriture-seche-chat","9":"product_cat-chats","10":"product_cat-tous","11":"pa_brand-custom-diet","12":"pa_eigenschaften-light-leger","13":"pa_eigenschaften-sans-ble","14":"pa_eigenschaften-sans-gluten","15":"pa_eigenschaften-sterilisation-castration","16":"pa_haustier-chat","17":"pa_lebensphase-katze-adulte","18":"pa_lebensphase-katze-senior","19":"pa_marke-custom-diet","20":"pa_ursprungsland-espagne","22":"first","23":"instock","24":"taxable","25":"shipping-taxable","26":"purchasable","27":"product-type-variable"},"brands":[{"id":8490,"name":"Custom Diet","slug":"custom-diet"}],"meta_box":{"lieferant":"Eigenlager (Da Dorana)","lieferanten_email":"","produktzusammensetzung":"","restock_quantities_galaxus":"5","galaxus_restock_time":"21","galaxus_restock_date":"","galaxus_preis":"","export":"Nein","signalwort":[],"gefahrenpiktogramm":[],"gefahrenhinweise":[]},"_links":{"self":[{"href":"https:\/\/dadorana.ch\/fr\/wp-json\/wp\/v2\/product\/77310","targetHints":{"allow":["GET"]}}],"collection":[{"href":"https:\/\/dadorana.ch\/fr\/wp-json\/wp\/v2\/product"}],"about":[{"href":"https:\/\/dadorana.ch\/fr\/wp-json\/wp\/v2\/types\/product"}],"version-history":[{"count":2,"href":"https:\/\/dadorana.ch\/fr\/wp-json\/wp\/v2\/product\/77310\/revisions"}],"predecessor-version":[{"id":78928,"href":"https:\/\/dadorana.ch\/fr\/wp-json\/wp\/v2\/product\/77310\/revisions\/78928"}],"wp:featuredmedia":[{"embeddable":true,"href":"https:\/\/dadorana.ch\/fr\/wp-json\/wp\/v2\/media\/77308"}],"wp:attachment":[{"href":"https:\/\/dadorana.ch\/fr\/wp-json\/wp\/v2\/media?parent=77310"}],"wp:term":[{"taxonomy":"pwb-brand","embeddable":true,"href":"https:\/\/dadorana.ch\/fr\/wp-json\/wp\/v2\/pwb-brand?post=77310"},{"taxonomy":"product_brand","embeddable":true,"href":"https:\/\/dadorana.ch\/fr\/wp-json\/wp\/v2\/product_brand?post=77310"},{"taxonomy":"product_cat","embeddable":true,"href":"https:\/\/dadorana.ch\/fr\/wp-json\/wp\/v2\/product_cat?post=77310"},{"taxonomy":"product_tag","embeddable":true,"href":"https:\/\/dadorana.ch\/fr\/wp-json\/wp\/v2\/product_tag?post=77310"}],"curies":[{"name":"wp","href":"https:\/\/api.w.org\/{rel}","templated":true}]}}