{"id":77372,"date":"2026-05-11T21:14:23","date_gmt":"2026-05-11T19:14:23","guid":{"rendered":"https:\/\/dadorana.ch\/?post_type=product&#038;p=77372"},"modified":"2026-05-13T17:15:12","modified_gmt":"2026-05-13T15:15:12","slug":"carnivoro-complet-croquettes-avec-poulet-et-du-riz","status":"publish","type":"product","link":"https:\/\/dadorana.ch\/fr\/produit\/carnivoro-complet-croquettes-avec-poulet-et-du-riz\/","title":{"rendered":"Carnivoro Complet \u2013 Croquettes avec poulet et du riz"},"content":{"rendered":"<p><strong>Carnivoro Complet<\/strong> est une nourriture s\u00e8che de haute qualit\u00e9 pour chiens adultes de toutes races avec des niveaux d&rsquo;activit\u00e9 normaux. Cette recette \u00e9quilibr\u00e9e combine <strong>du poulet de haute qualit\u00e9, du riz facilement digestible et des additifs fonctionnels <\/strong>pour offrir \u00e0 votre chien les meilleurs soins possibles \u2013 jour apr\u00e8s jour.<\/p>\n<p><strong>Ingr\u00e9dients de haute qualit\u00e9 pour une nutrition saine chez les chiens, <\/strong>cette recette repose sur des ingr\u00e9dients soigneusement s\u00e9lectionn\u00e9s. Gr\u00e2ce \u00e0 des ingr\u00e9dients de haute qualit\u00e9 et \u00e0 une recette \u00e9quilibr\u00e9e, Carnivoro Complet convient \u00e9galement aux chiens plus sensibles.<\/p>\n<p><strong>Soutien des articulations et du bien-\u00eatre, <\/strong>avec des additifs fonctionnels inclus tels que :<\/p>\n<ul>\n<li><strong>Glucosamine et chondro\u00eftine<\/strong> \u2192 pour des articulations saines<\/li>\n<li><strong>Les probiotiques<\/strong> \u2192 pour faciliter la digestion<\/li>\n<li><strong>Huile de saumon (acides gras om\u00e9ga-3)<\/strong> \u2192 pour la peau et le pelage brillant<\/li>\n<\/ul>\n<p>Votre chien est pris en charge partout.<\/p>\n","protected":false},"excerpt":{"rendered":"<p><span style=\"color: #ff8800;\"><strong>Carnivoro Complet<\/strong> est une nourriture pour chiens \u00e9quilibr\u00e9e et premium, adapt\u00e9e aux besoins des chiens adultes. Avec sa combinaison de poulet de haute qualit\u00e9, d&rsquo;ingr\u00e9dients faciles \u00e0 dig\u00e9rer et de nutriments fonctionnels, elle constitue une <strong>base id\u00e9ale pour une vie canine saine et active<\/strong>.<\/span><\/p>\n<p><span style=\"color: #ff8800;\"><strong>Pourquoi Carnivoro Complet est le bon choix :<\/strong><\/span><\/p>\n<ul>\n<li><span style=\"color: #ff8800;\">Teneur en viande \u00e9lev\u00e9e pour une nutrition adapt\u00e9e \u00e0 l&rsquo;esp\u00e8ce<\/span><\/li>\n<li><span style=\"color: #ff8800;\">M\u00e9lange \u00e9quilibr\u00e9 de prot\u00e9ines, de graisses et de glucides<\/span><\/li>\n<li><span style=\"color: #ff8800;\">Soutient la digestion, le syst\u00e8me immunitaire et les articulations<\/span><\/li>\n<li><span style=\"color: #ff8800;\">Tr\u00e8s bonne acceptation par les chiens<\/span><\/li>\n<\/ul>\n<p>&nbsp;<\/p>\n","protected":false},"featured_media":77371,"template":"","meta":[],"pwb-brand":[8489],"product_brand":[8491],"product_cat":[7156,7155,7167],"product_tag":[],"class_list":{"0":"post-77372","1":"product","2":"type-product","3":"status-publish","4":"has-post-thumbnail","6":"pwb-brand-carnivoro","7":"product_brand-carnivoro","8":"product_cat-nourriture-seche","9":"product_cat-chiens","10":"product_cat-tous","11":"pa_brand-carnivoro","12":"pa_eigenschaften-sans-ble","13":"pa_eigenschaften-sans-gluten","14":"pa_geschmack-poulet","15":"pa_groesee-de-large-de","16":"pa_groesee-de-medium-de","17":"pa_groesee-de-small","18":"pa_haustier-chien-2","19":"pa_lebensphase-de-adulte","20":"pa_marke-carnivoro","21":"pa_ursprungsland-espagne","23":"first","24":"instock","25":"taxable","26":"shipping-taxable","27":"purchasable","28":"product-type-simple"},"brands":[{"id":8489,"name":"Carnivoro","slug":"carnivoro"}],"meta_box":{"lieferant":"Eigenlager (Da Dorana)","lieferanten_email":"","produktzusammensetzung":"","restock_quantities_galaxus":"5","galaxus_restock_time":"21","galaxus_restock_date":"","galaxus_preis":"","export":"Nein","signalwort":[],"gefahrenpiktogramm":[],"gefahrenhinweise":[]},"_links":{"self":[{"href":"https:\/\/dadorana.ch\/fr\/wp-json\/wp\/v2\/product\/77372","targetHints":{"allow":["GET"]}}],"collection":[{"href":"https:\/\/dadorana.ch\/fr\/wp-json\/wp\/v2\/product"}],"about":[{"href":"https:\/\/dadorana.ch\/fr\/wp-json\/wp\/v2\/types\/product"}],"version-history":[{"count":1,"href":"https:\/\/dadorana.ch\/fr\/wp-json\/wp\/v2\/product\/77372\/revisions"}],"predecessor-version":[{"id":78924,"href":"https:\/\/dadorana.ch\/fr\/wp-json\/wp\/v2\/product\/77372\/revisions\/78924"}],"wp:featuredmedia":[{"embeddable":true,"href":"https:\/\/dadorana.ch\/fr\/wp-json\/wp\/v2\/media\/77371"}],"wp:attachment":[{"href":"https:\/\/dadorana.ch\/fr\/wp-json\/wp\/v2\/media?parent=77372"}],"wp:term":[{"taxonomy":"pwb-brand","embeddable":true,"href":"https:\/\/dadorana.ch\/fr\/wp-json\/wp\/v2\/pwb-brand?post=77372"},{"taxonomy":"product_brand","embeddable":true,"href":"https:\/\/dadorana.ch\/fr\/wp-json\/wp\/v2\/product_brand?post=77372"},{"taxonomy":"product_cat","embeddable":true,"href":"https:\/\/dadorana.ch\/fr\/wp-json\/wp\/v2\/product_cat?post=77372"},{"taxonomy":"product_tag","embeddable":true,"href":"https:\/\/dadorana.ch\/fr\/wp-json\/wp\/v2\/product_tag?post=77372"}],"curies":[{"name":"wp","href":"https:\/\/api.w.org\/{rel}","templated":true}]}}