{"id":77380,"date":"2026-05-11T21:14:21","date_gmt":"2026-05-11T19:14:21","guid":{"rendered":"https:\/\/dadorana.ch\/?post_type=product&#038;p=77380"},"modified":"2026-05-15T20:55:41","modified_gmt":"2026-05-15T18:55:41","slug":"carnivoro-daily-croquettes-au-boeuf-et-au-riz","status":"publish","type":"product","link":"https:\/\/dadorana.ch\/fr\/produit\/carnivoro-daily-croquettes-au-boeuf-et-au-riz\/","title":{"rendered":"Carnivoro Daily \u2013 Croquettes au b\u0153uf et au riz"},"content":{"rendered":"<p><strong>Carnivoro Daily<\/strong> est une nourriture s\u00e8che de haute qualit\u00e9 pour chiens adultes de toutes races avec des niveaux d&rsquo;activit\u00e9 normaux. La formule \u00e9quilibr\u00e9e combine <strong>b\u0153uf, poulet frais et glucides faciles \u00e0 dig\u00e9rer <\/strong>pour offrir \u00e0 votre chien une \u00e9nergie et des nutriments optimaux chaque jour.<\/p>\n<p>Cette combinaison garantit un <strong>apport \u00e9quilibr\u00e9 en prot\u00e9ines, \u00e9nergie et fibres<\/strong>.<\/p>\n<p><strong>Facile \u00e0 dig\u00e9rer et bien tol\u00e9r\u00e9, gr\u00e2ce \u00e0 une recette bien pens\u00e9e, cet aliment est particuli\u00e8rement digestible :<\/strong><\/p>\n<ul>\n<li>Le riz complet et les l\u00e9gumineuses \u2192 faciliter la digestion<\/li>\n<li>Les probiotiques \u2192 favorisent une flore intestinale saine<\/li>\n<li>Pas de colorants artificiels ni de conservateurs<\/li>\n<\/ul>\n<p>Id\u00e9al pour les chiens ayant une digestion sensible ou un estomac sensible.<\/p>\n<p><strong>Soutien pour les articulations, la couche et le poids, <\/strong>Carnivoro Daily contient des additifs fonctionnels importants :<\/p>\n<ul>\n<li><strong>Glucosamine et chondro\u00eftine<\/strong> \u2192 pour des articulations saines<\/li>\n<li><strong>Les acides gras om\u00e9ga<\/strong> \u2192 pour la peau et le pelage brillant<\/li>\n<li><strong>La L-carnitine \u2192 soutient le m\u00e9tabolisme des graisses et le poids id\u00e9al<\/strong><\/li>\n<\/ul>\n<p>Cela gardera votre chien <strong>flexible, en forme et vital sur le long <\/strong>terme.<\/p>\n","protected":false},"excerpt":{"rendered":"<p><span style=\"color: #ff8800;\"><strong>Carnivoro Daily<\/strong> est une <strong>nourriture id\u00e9ale pour chiens polyvalente pour les besoins quotidiens<\/strong>. La combinaison de prot\u00e9ines de haute qualit\u00e9, d&rsquo;ingr\u00e9dients faciles \u00e0 dig\u00e9rer et de nutriments fonctionnels en fait le choix id\u00e9al pour les propri\u00e9taires de chiens qui privil\u00e9gient <strong>une alimentation saine, \u00e9quilibr\u00e9e et fiable<\/strong> .<\/span><\/p>\n<p><span style=\"color: #ff8800;\"><strong>Avantages en un coup d&rsquo;\u0153il :<\/strong><\/span><\/p>\n<ul>\n<li><span style=\"color: #ff8800;\">B\u0153uf de haute qualit\u00e9 et poulet frais<\/span><\/li>\n<li><span style=\"color: #ff8800;\">Une nutrition \u00e9quilibr\u00e9e tout-en-un pour chaque jour<\/span><\/li>\n<li><span style=\"color: #ff8800;\">Soutient la digestion, les muscles et les articulations<\/span><\/li>\n<li><span style=\"color: #ff8800;\">Bonne tol\u00e9rabilit\u00e9 et grande acceptation<\/span><\/li>\n<li><span style=\"color: #ff8800;\">Pas d&rsquo;additifs artificiels<\/span><\/li>\n<\/ul>\n","protected":false},"featured_media":77379,"template":"","meta":[],"pwb-brand":[8489],"product_brand":[8491],"product_cat":[7156,7155,7167],"product_tag":[],"class_list":{"0":"post-77380","1":"product","2":"type-product","3":"status-publish","4":"has-post-thumbnail","6":"pwb-brand-carnivoro","7":"product_brand-carnivoro","8":"product_cat-nourriture-seche","9":"product_cat-chiens","10":"product_cat-tous","11":"pa_brand-carnivoro","12":"pa_eigenschaften-sans-ble","13":"pa_eigenschaften-sans-gluten","14":"pa_geschmack-boeuf","15":"pa_groesee-de-large-de","16":"pa_groesee-de-medium-de","17":"pa_groesee-de-small","18":"pa_haustier-chien-2","19":"pa_lebensphase-de-adulte","20":"pa_lebensphase-de-senior","21":"pa_marke-carnivoro","22":"pa_ursprungsland-espagne","24":"first","25":"instock","26":"taxable","27":"shipping-taxable","28":"purchasable","29":"product-type-simple"},"brands":[{"id":8489,"name":"Carnivoro","slug":"carnivoro"}],"meta_box":{"lieferant":"Eigenlager (Da Dorana)","lieferanten_email":"","produktzusammensetzung":"","restock_quantities_galaxus":"5","galaxus_restock_time":"21","galaxus_restock_date":"","galaxus_preis":"","export":"Nein","signalwort":[],"gefahrenpiktogramm":[],"gefahrenhinweise":[]},"_links":{"self":[{"href":"https:\/\/dadorana.ch\/fr\/wp-json\/wp\/v2\/product\/77380","targetHints":{"allow":["GET"]}}],"collection":[{"href":"https:\/\/dadorana.ch\/fr\/wp-json\/wp\/v2\/product"}],"about":[{"href":"https:\/\/dadorana.ch\/fr\/wp-json\/wp\/v2\/types\/product"}],"version-history":[{"count":3,"href":"https:\/\/dadorana.ch\/fr\/wp-json\/wp\/v2\/product\/77380\/revisions"}],"predecessor-version":[{"id":79449,"href":"https:\/\/dadorana.ch\/fr\/wp-json\/wp\/v2\/product\/77380\/revisions\/79449"}],"wp:featuredmedia":[{"embeddable":true,"href":"https:\/\/dadorana.ch\/fr\/wp-json\/wp\/v2\/media\/77379"}],"wp:attachment":[{"href":"https:\/\/dadorana.ch\/fr\/wp-json\/wp\/v2\/media?parent=77380"}],"wp:term":[{"taxonomy":"pwb-brand","embeddable":true,"href":"https:\/\/dadorana.ch\/fr\/wp-json\/wp\/v2\/pwb-brand?post=77380"},{"taxonomy":"product_brand","embeddable":true,"href":"https:\/\/dadorana.ch\/fr\/wp-json\/wp\/v2\/product_brand?post=77380"},{"taxonomy":"product_cat","embeddable":true,"href":"https:\/\/dadorana.ch\/fr\/wp-json\/wp\/v2\/product_cat?post=77380"},{"taxonomy":"product_tag","embeddable":true,"href":"https:\/\/dadorana.ch\/fr\/wp-json\/wp\/v2\/product_tag?post=77380"}],"curies":[{"name":"wp","href":"https:\/\/api.w.org\/{rel}","templated":true}]}}