{"id":77429,"date":"2026-05-11T21:14:15","date_gmt":"2026-05-11T19:14:15","guid":{"rendered":"https:\/\/dadorana.ch\/?post_type=product&#038;p=77429"},"modified":"2026-05-14T15:40:29","modified_gmt":"2026-05-14T13:40:29","slug":"carnivoro-sport-croquettes-a-lagneau-et-au-riz-pour-chiens-actifs","status":"publish","type":"product","link":"https:\/\/dadorana.ch\/fr\/produit\/carnivoro-sport-croquettes-a-lagneau-et-au-riz-pour-chiens-actifs\/","title":{"rendered":"Carnivoro Sport \u2013 Croquettes \u00e0 l&rsquo;agneau et au riz pour chiens actifs"},"content":{"rendered":"<p><strong>Carnivoro Sport<\/strong> est une nourriture s\u00e8che de haute qualit\u00e9 pour <strong>chiens actifs, sportifs et de travail<\/strong> ayant des besoins \u00e9nerg\u00e9tiques accrus. La formule sp\u00e9cialement d\u00e9velopp\u00e9e avec <strong>l&rsquo;agneau comme principale source de prot\u00e9ines<\/strong> fournit des nutriments optimaux pour <strong>l&rsquo;endurance, la construction musculaire et la r\u00e9g\u00e9n\u00e9ration<\/strong>.<\/p>\n<p><strong>Parfaite pour les chiens actifs et sportifs, <\/strong>cette nourriture a \u00e9t\u00e9 sp\u00e9cialement d\u00e9velopp\u00e9e pour les chiens ayant un niveau d&rsquo;activit\u00e9 \u00e9lev\u00e9 :<\/p>\n<ul>\n<li>Pour les chiens sportifs, actifs et de travail<\/li>\n<li>Soutient l&rsquo;endurance et la performance<\/li>\n<li>Id\u00e9al pour les chiens faisant beaucoup d&rsquo;exercice ou d&rsquo;activit\u00e9s en plein air<\/li>\n<\/ul>\n<p>Gr\u00e2ce \u00e0 une teneur \u00e9nerg\u00e9tique accrue, votre chien est parfaitement soutenu pendant l <strong>&lsquo;entra\u00eenement, le sport et la vie quotidienne<\/strong> . <strong>Forte teneur en viande et ingr\u00e9dients de haute qualit\u00e9, <\/strong>la recette est bas\u00e9e sur des ingr\u00e9dients naturels soigneusement s\u00e9lectionn\u00e9s.<\/p>\n<p>Cette combinaison fournit <strong>des prot\u00e9ines, de l&rsquo;\u00e9nergie et des fibres de haute qualit\u00e9<\/strong> pour un apport optimal. Ces nutriments sont particuli\u00e8rement importants pour les chiens actifs dans le sport, car ils am\u00e9liorent la <strong>r\u00e9g\u00e9n\u00e9ration et la r\u00e9silience.<\/strong><\/p>\n<p><strong>Bien tol\u00e9r\u00e9 et puissant :<\/strong><\/p>\n<ul>\n<li>Haute digestibilit\u00e9<\/li>\n<li>Soutient la prise de muscle et la r\u00e9cup\u00e9ration<\/li>\n<li>Fournit une \u00e9nergie durable<\/li>\n<li>Aussi adapt\u00e9 aux chiens plus sensibles<\/li>\n<\/ul>\n","protected":false},"excerpt":{"rendered":"<p><span style=\"color: #ff8800;\"><strong>Carnivoro Sport<\/strong> est le choix id\u00e9al pour les chiens ayant des besoins \u00e9nerg\u00e9tiques accrus. La formule puissante garantit <strong>une endurance maximale, des muscles forts et une r\u00e9cup\u00e9ration<\/strong> rapide \u2013 parfaite pour les amis actifs \u00e0 quatre pattes qui donnent le meilleur d&rsquo;eux-m\u00eames chaque jour.<\/span><\/p>\n<p><span style=\"color: #ff8800;\"><strong>Avantages en un coup d&rsquo;\u0153il :<\/strong><\/span><\/p>\n<ul>\n<li><span style=\"color: #ff8800;\">Surtout pour les chiens actifs et sportifs<\/span><\/li>\n<li><span style=\"color: #ff8800;\">Teneur \u00e9lev\u00e9e en viande (agneau)<\/span><\/li>\n<li><span style=\"color: #ff8800;\">Formule riche en \u00e9nergie et en prot\u00e9ines<\/span><\/li>\n<li><span style=\"color: #ff8800;\">Soutient les muscles, les articulations et l&rsquo;endurance<\/span><\/li>\n<li><span style=\"color: #ff8800;\">Tr\u00e8s bonne tol\u00e9rance<\/span><\/li>\n<\/ul>\n<p>&nbsp;<\/p>\n","protected":false},"featured_media":77427,"template":"","meta":[],"pwb-brand":[8489],"product_brand":[8491],"product_cat":[7156,7155,7167],"product_tag":[],"class_list":{"0":"post-77429","1":"product","2":"type-product","3":"status-publish","4":"has-post-thumbnail","6":"pwb-brand-carnivoro","7":"product_brand-carnivoro","8":"product_cat-nourriture-seche","9":"product_cat-chiens","10":"product_cat-tous","11":"pa_brand-carnivoro","12":"pa_eigenschaften-actif","13":"pa_eigenschaften-sans-ble","14":"pa_eigenschaften-sans-gluten","15":"pa_geschmack-agneau","16":"pa_groesee-de-large-de","17":"pa_groesee-de-medium-de","18":"pa_haustier-chien-2","19":"pa_lebensphase-de-adulte","20":"pa_marke-carnivoro","21":"pa_ursprungsland-espagne","23":"first","24":"instock","25":"taxable","26":"shipping-taxable","27":"purchasable","28":"product-type-simple"},"brands":[{"id":8489,"name":"Carnivoro","slug":"carnivoro"}],"meta_box":{"lieferant":"Eigenlager (Da Dorana)","lieferanten_email":"","produktzusammensetzung":"","restock_quantities_galaxus":"5","galaxus_restock_time":"21","galaxus_restock_date":"","galaxus_preis":"","export":"Nein","signalwort":[],"gefahrenpiktogramm":[],"gefahrenhinweise":[]},"_links":{"self":[{"href":"https:\/\/dadorana.ch\/fr\/wp-json\/wp\/v2\/product\/77429","targetHints":{"allow":["GET"]}}],"collection":[{"href":"https:\/\/dadorana.ch\/fr\/wp-json\/wp\/v2\/product"}],"about":[{"href":"https:\/\/dadorana.ch\/fr\/wp-json\/wp\/v2\/types\/product"}],"version-history":[{"count":1,"href":"https:\/\/dadorana.ch\/fr\/wp-json\/wp\/v2\/product\/77429\/revisions"}],"predecessor-version":[{"id":78916,"href":"https:\/\/dadorana.ch\/fr\/wp-json\/wp\/v2\/product\/77429\/revisions\/78916"}],"wp:featuredmedia":[{"embeddable":true,"href":"https:\/\/dadorana.ch\/fr\/wp-json\/wp\/v2\/media\/77427"}],"wp:attachment":[{"href":"https:\/\/dadorana.ch\/fr\/wp-json\/wp\/v2\/media?parent=77429"}],"wp:term":[{"taxonomy":"pwb-brand","embeddable":true,"href":"https:\/\/dadorana.ch\/fr\/wp-json\/wp\/v2\/pwb-brand?post=77429"},{"taxonomy":"product_brand","embeddable":true,"href":"https:\/\/dadorana.ch\/fr\/wp-json\/wp\/v2\/product_brand?post=77429"},{"taxonomy":"product_cat","embeddable":true,"href":"https:\/\/dadorana.ch\/fr\/wp-json\/wp\/v2\/product_cat?post=77429"},{"taxonomy":"product_tag","embeddable":true,"href":"https:\/\/dadorana.ch\/fr\/wp-json\/wp\/v2\/product_tag?post=77429"}],"curies":[{"name":"wp","href":"https:\/\/api.w.org\/{rel}","templated":true}]}}