{"id":77624,"date":"2026-04-27T06:00:56","date_gmt":"2026-04-27T04:00:56","guid":{"rendered":"https:\/\/dadorana.ch\/produkt\/milome-protein-shampoo-fuer-hunde\/"},"modified":"2026-04-27T16:44:54","modified_gmt":"2026-04-27T14:44:54","slug":"milome-shampooing-proteine-pour-chiens","status":"publish","type":"product","link":"https:\/\/dadorana.ch\/fr\/produit\/milome-shampooing-proteine-pour-chiens\/","title":{"rendered":"Milo+Me Shampooing prot\u00e9in\u00e9 pour chiens"},"content":{"rendered":"<p><strong>Le shampooing Milo+Me, enrichi en pr\u00e9cieuses prot\u00e9ines de soie et d&rsquo;avoine, est sp\u00e9cialement formul\u00e9 pour prendre soin intens\u00e9ment de la peau et du pelage de votre chien.<\/strong><\/p>\n<p>Sa formule nourrissante hydrate, favorise une peau saine et laisse le pelage de votre chien doux et brillant. Les prot\u00e9ines de soie conf\u00e8rent au pelage une texture lisse et soyeuse, tandis que les prot\u00e9ines d&rsquo;avoine apaisent et fortifient la peau. Ce shampooing est parfaitement adapt\u00e9 aux besoins des chiens \u00e0 la peau sensible et id\u00e9al pour un usage r\u00e9gulier. Il nettoie en douceur sans dess\u00e9cher la peau et favorise l&rsquo;\u00e9quilibre naturel de la peau et du pelage. Milo+Me utilise des ingr\u00e9dients de haute qualit\u00e9 qui contribuent au bien-\u00eatre et \u00e0 la sant\u00e9 de votre chien.<\/p>\n<p>Ce shampooing nettoie le pelage de votre chien tout en lui apportant une brillance soyeuse et une meilleure r\u00e9sistance. Parfait pour un soin du pelage \u00e0 la fois doux et efficace.<\/p>\n","protected":false},"excerpt":{"rendered":"<ul>\n<li><span style=\"color: #ff8800;\">Pour le soin de la peau sensible du chien<\/span><\/li>\n<li><span style=\"color: #ff8800;\">Les prot\u00e9ines de soie assurent une structure douce et lisse du pelage<\/span><\/li>\n<li><span style=\"color: #ff8800;\">Prot\u00e9ines d&rsquo;avoine apaisant la peau et favorisant sa sant\u00e9<\/span><\/li>\n<li><span style=\"color: #ff8800;\">Hydrate la peau et le pelage<\/span><\/li>\n<\/ul>\n","protected":false},"featured_media":77622,"template":"","meta":[],"pwb-brand":[8525],"product_brand":[8526],"product_cat":[7360,7155,7167],"product_tag":[],"class_list":{"0":"post-77624","1":"product","2":"type-product","3":"status-publish","4":"has-post-thumbnail","6":"pwb-brand-milome","7":"product_brand-milome","8":"product_cat-produits-de-soins","9":"product_cat-chiens","10":"product_cat-tous","11":"pa_brand-milome","12":"pa_eigenschaften-pflegeprodukte-soins-de-la-peau-et-du-pelage","13":"pa_haustier-chien-2","14":"pa_marke-milome","15":"pa_ursprungsland-chine","16":"pa_z_cat2-pflege","18":"first","19":"instock","20":"taxable","21":"shipping-taxable","22":"purchasable","23":"product-type-simple"},"brands":[{"id":8525,"name":"Milo+Me","slug":"milome"}],"meta_box":{"lieferant":"Businesscom","lieferanten_email":"","produktzusammensetzung":"","restock_quantities_galaxus":"5","galaxus_restock_time":"21","galaxus_restock_date":"","galaxus_preis":"","export":"Nein","signalwort":[],"gefahrenpiktogramm":[],"gefahrenhinweise":[]},"_links":{"self":[{"href":"https:\/\/dadorana.ch\/fr\/wp-json\/wp\/v2\/product\/77624","targetHints":{"allow":["GET"]}}],"collection":[{"href":"https:\/\/dadorana.ch\/fr\/wp-json\/wp\/v2\/product"}],"about":[{"href":"https:\/\/dadorana.ch\/fr\/wp-json\/wp\/v2\/types\/product"}],"version-history":[{"count":3,"href":"https:\/\/dadorana.ch\/fr\/wp-json\/wp\/v2\/product\/77624\/revisions"}],"predecessor-version":[{"id":77631,"href":"https:\/\/dadorana.ch\/fr\/wp-json\/wp\/v2\/product\/77624\/revisions\/77631"}],"wp:featuredmedia":[{"embeddable":true,"href":"https:\/\/dadorana.ch\/fr\/wp-json\/wp\/v2\/media\/77622"}],"wp:attachment":[{"href":"https:\/\/dadorana.ch\/fr\/wp-json\/wp\/v2\/media?parent=77624"}],"wp:term":[{"taxonomy":"pwb-brand","embeddable":true,"href":"https:\/\/dadorana.ch\/fr\/wp-json\/wp\/v2\/pwb-brand?post=77624"},{"taxonomy":"product_brand","embeddable":true,"href":"https:\/\/dadorana.ch\/fr\/wp-json\/wp\/v2\/product_brand?post=77624"},{"taxonomy":"product_cat","embeddable":true,"href":"https:\/\/dadorana.ch\/fr\/wp-json\/wp\/v2\/product_cat?post=77624"},{"taxonomy":"product_tag","embeddable":true,"href":"https:\/\/dadorana.ch\/fr\/wp-json\/wp\/v2\/product_tag?post=77624"}],"curies":[{"name":"wp","href":"https:\/\/api.w.org\/{rel}","templated":true}]}}