{"id":77652,"date":"2026-04-27T06:30:31","date_gmt":"2026-04-27T04:30:31","guid":{"rendered":"https:\/\/dadorana.ch\/produkt\/milome-neutral-shampoo-fuer-hunde-und-katzen\/"},"modified":"2026-04-27T17:19:50","modified_gmt":"2026-04-27T15:19:50","slug":"milome-neutral-shampooing-pour-chiens-et-chats","status":"publish","type":"product","link":"https:\/\/dadorana.ch\/fr\/produit\/milome-neutral-shampooing-pour-chiens-et-chats\/","title":{"rendered":"Milo+Me Neutral Shampooing pour chiens et chats"},"content":{"rendered":"<p><strong>Le shampooing Milo+Me, enrichi en huile d&rsquo;argan et en extrait d&rsquo;avoine, est id\u00e9al pour les chiens et les chats.<\/strong><\/p>\n<p>Sa formule douce a \u00e9t\u00e9 sp\u00e9cialement con\u00e7ue pour r\u00e9pondre aux besoins de la peau sensible des animaux. L&rsquo;huile d&rsquo;argan nourrit intens\u00e9ment le pelage, le laissant doux et naturellement brillant. L&rsquo;extrait d&rsquo;avoine apaise, hydrate et favorise la r\u00e9g\u00e9n\u00e9ration cutan\u00e9e en cas d&rsquo;irritation ou de s\u00e9cheresse. Ce shampooing est id\u00e9al pour un entretien r\u00e9gulier, car il nettoie et revitalise sans irriter la peau. Milo+Me privil\u00e9gie des ingr\u00e9dients de haute qualit\u00e9 et bien tol\u00e9r\u00e9s, qui prennent soin de la peau et du pelage des chiens et des chats.<\/p>\n<p>Avec ce shampooing, le toilettage devient un v\u00e9ritable moment de d\u00e9tente, et votre animal b\u00e9n\u00e9ficiera d&rsquo;un pelage sain et brillant et d&rsquo;une peau apais\u00e9e.<\/p>\n","protected":false},"excerpt":{"rendered":"<ul>\n<li><span style=\"color: #ff8800;\">Avec de l&rsquo;huile d&rsquo;argan nourrissante<\/span><\/li>\n<li><span style=\"color: #ff8800;\">L&rsquo;extrait d&rsquo;avoine apaise la peau<\/span><\/li>\n<li><span style=\"color: #ff8800;\">Soigne intens\u00e9ment le pelage<\/span><\/li>\n<li><span style=\"color: #ff8800;\">Donne un \u00e9clat naturel<\/span><\/li>\n<\/ul>\n","protected":false},"featured_media":77650,"template":"","meta":[],"pwb-brand":[8525],"product_brand":[8526],"product_cat":[7360,7238,7155,7272,7167],"product_tag":[],"class_list":{"0":"post-77652","1":"product","2":"type-product","3":"status-publish","4":"has-post-thumbnail","6":"pwb-brand-milome","7":"product_brand-milome","8":"product_cat-produits-de-soins","9":"product_cat-chats","10":"product_cat-chiens","11":"product_cat-produits-de-soin-chats","12":"product_cat-tous","13":"pa_brand-milome","14":"pa_eigenschaften-pflegeprodukte-soins-de-la-peau-et-du-pelage","15":"pa_haustier-chat","16":"pa_haustier-chien-2","17":"pa_marke-milome","18":"pa_ursprungsland-chine","19":"pa_z_cat2-pflege","21":"first","22":"instock","23":"taxable","24":"shipping-taxable","25":"purchasable","26":"product-type-simple"},"brands":[{"id":8525,"name":"Milo+Me","slug":"milome"}],"meta_box":{"lieferant":"Businesscom","lieferanten_email":"","produktzusammensetzung":"","restock_quantities_galaxus":"5","galaxus_restock_time":"21","galaxus_restock_date":"","galaxus_preis":"","export":"Nein","signalwort":[],"gefahrenpiktogramm":[],"gefahrenhinweise":[]},"_links":{"self":[{"href":"https:\/\/dadorana.ch\/fr\/wp-json\/wp\/v2\/product\/77652","targetHints":{"allow":["GET"]}}],"collection":[{"href":"https:\/\/dadorana.ch\/fr\/wp-json\/wp\/v2\/product"}],"about":[{"href":"https:\/\/dadorana.ch\/fr\/wp-json\/wp\/v2\/types\/product"}],"version-history":[{"count":2,"href":"https:\/\/dadorana.ch\/fr\/wp-json\/wp\/v2\/product\/77652\/revisions"}],"predecessor-version":[{"id":77657,"href":"https:\/\/dadorana.ch\/fr\/wp-json\/wp\/v2\/product\/77652\/revisions\/77657"}],"wp:featuredmedia":[{"embeddable":true,"href":"https:\/\/dadorana.ch\/fr\/wp-json\/wp\/v2\/media\/77650"}],"wp:attachment":[{"href":"https:\/\/dadorana.ch\/fr\/wp-json\/wp\/v2\/media?parent=77652"}],"wp:term":[{"taxonomy":"pwb-brand","embeddable":true,"href":"https:\/\/dadorana.ch\/fr\/wp-json\/wp\/v2\/pwb-brand?post=77652"},{"taxonomy":"product_brand","embeddable":true,"href":"https:\/\/dadorana.ch\/fr\/wp-json\/wp\/v2\/product_brand?post=77652"},{"taxonomy":"product_cat","embeddable":true,"href":"https:\/\/dadorana.ch\/fr\/wp-json\/wp\/v2\/product_cat?post=77652"},{"taxonomy":"product_tag","embeddable":true,"href":"https:\/\/dadorana.ch\/fr\/wp-json\/wp\/v2\/product_tag?post=77652"}],"curies":[{"name":"wp","href":"https:\/\/api.w.org\/{rel}","templated":true}]}}