{"id":77697,"date":"2026-04-20T14:45:56","date_gmt":"2026-04-20T12:45:56","guid":{"rendered":"https:\/\/dadorana.ch\/produkt\/in-fluence-catnip-spray-beruhigungsmittel-fuer-katzen\/"},"modified":"2026-04-28T09:50:19","modified_gmt":"2026-04-28T07:50:19","slug":"in-fluence-catnip-spray-calmant-pour-chats","status":"publish","type":"product","link":"https:\/\/dadorana.ch\/fr\/produit\/in-fluence-catnip-spray-calmant-pour-chats\/","title":{"rendered":"In\u200b-\u200bFluence Catnip Spray calmant pour chats"},"content":{"rendered":"<p><strong>Transformez le quotidien de votre chat en un paradis de jeu<\/strong><br \/>Avec le spray \u00e0 la cataire In-Fluence 50 ml, chaque objet ordinaire devient en un clin d&rsquo;\u0153il un jouet irr\u00e9sistible. Il suffit de le vaporiser sur les arbres \u00e0 chat, les lits pour chats ou dans les caisses de transport pour que le spray d\u00e9ploie son effet et cr\u00e9e une zone de bien-\u00eatre accueillante pour votre chat. Gr\u00e2ce \u00e0 sa taille compacte, il est facile \u00e0 ranger et toujours \u00e0 port\u00e9e de main pour la prochaine utilisation.<\/p>\n<p><strong>Des moments sans stress pour vous et votre chat<\/strong><br \/>Le spray \u00e0 la cataire In-Fluence est la solution id\u00e9ale dans les moments de stress, comme avant une visite chez le v\u00e9t\u00e9rinaire ou lors de changements dans la maison. L&rsquo;effet apaisant du spray aide votre chat \u00e0 se d\u00e9tendre et \u00e0 g\u00e9rer la situation avec plus de s\u00e9r\u00e9nit\u00e9. Ainsi, la visite chez le v\u00e9t\u00e9rinaire devient moins un d\u00e9fi et plus une occasion de soutenir affectueusement votre chat.<\/p>\n<p><strong>Encouragez l&rsquo;instinct naturel de jeu de votre chat<\/strong><br \/>En plus de son effet apaisant, le spray \u00e0 la cataire In-Fluence contribue de mani\u00e8re significative \u00e0 stimuler l&rsquo;instinct naturel de jeu de votre chat. Une simple pulv\u00e9risation suffit \u00e0 \u00e9veiller l&rsquo;int\u00e9r\u00eat de votre chat et \u00e0 l&rsquo;encourager \u00e0 jouer activement. Avec un contenu de 50 ml, le spray offre une utilisation durable et garantit que le plaisir n&rsquo;est jamais de courte dur\u00e9e. Id\u00e9al pour une utilisation sur les arbres \u00e0 chat et dans les lits, ce spray devient rapidement un compagnon indispensable dans le quotidien de votre chat.<\/p>\n","protected":false},"excerpt":{"rendered":"<ul>\n<li><span style=\"color: #ff8800;\">Transforme les objets en jouets<\/span><\/li>\n<li><span style=\"color: #ff8800;\">Apaisant dans les situations stressantes<\/span><\/li>\n<li><span style=\"color: #ff8800;\">Favorise l&rsquo;instinct de jeu naturel<\/span><\/li>\n<li><span style=\"color: #ff8800;\">50 ml pour une utilisation de longue dur\u00e9e<\/span><\/li>\n<li><span style=\"color: #ff8800;\">Id\u00e9al pour les arbres \u00e0 chat et les lits<\/span><\/li>\n<\/ul>\n","protected":false},"featured_media":77696,"template":"","meta":[],"pwb-brand":[7880],"product_brand":[7883],"product_cat":[7272,7238,7167],"product_tag":[],"class_list":{"0":"post-77697","1":"product","2":"type-product","3":"status-publish","4":"has-post-thumbnail","6":"pwb-brand-in-fluence","7":"product_brand-in-fluence","8":"product_cat-produits-de-soin-chats","9":"product_cat-chats","10":"product_cat-tous","11":"pa_brand-in-fluence","12":"pa_eigenschaften-pflegeprodukte-calmant","13":"pa_haustier-chat","14":"pa_marke-in-fluence","15":"pa_ursprungsland-suisse","16":"pa_z_cat2-katzenfutter","17":"pa_z_product_type-beruhigung","19":"first","20":"instock","21":"taxable","22":"shipping-taxable","23":"purchasable","24":"product-type-simple"},"brands":[{"id":7880,"name":"In-Fluence","slug":"in-fluence"}],"meta_box":{"lieferant":"Businesscom","lieferanten_email":"","produktzusammensetzung":"","restock_quantities_galaxus":"5","galaxus_restock_time":"21","galaxus_restock_date":"","galaxus_preis":"","export":"Nein","signalwort":[],"gefahrenpiktogramm":[],"gefahrenhinweise":[]},"_links":{"self":[{"href":"https:\/\/dadorana.ch\/fr\/wp-json\/wp\/v2\/product\/77697","targetHints":{"allow":["GET"]}}],"collection":[{"href":"https:\/\/dadorana.ch\/fr\/wp-json\/wp\/v2\/product"}],"about":[{"href":"https:\/\/dadorana.ch\/fr\/wp-json\/wp\/v2\/types\/product"}],"version-history":[{"count":0,"href":"https:\/\/dadorana.ch\/fr\/wp-json\/wp\/v2\/product\/77697\/revisions"}],"wp:featuredmedia":[{"embeddable":true,"href":"https:\/\/dadorana.ch\/fr\/wp-json\/wp\/v2\/media\/77696"}],"wp:attachment":[{"href":"https:\/\/dadorana.ch\/fr\/wp-json\/wp\/v2\/media?parent=77697"}],"wp:term":[{"taxonomy":"pwb-brand","embeddable":true,"href":"https:\/\/dadorana.ch\/fr\/wp-json\/wp\/v2\/pwb-brand?post=77697"},{"taxonomy":"product_brand","embeddable":true,"href":"https:\/\/dadorana.ch\/fr\/wp-json\/wp\/v2\/product_brand?post=77697"},{"taxonomy":"product_cat","embeddable":true,"href":"https:\/\/dadorana.ch\/fr\/wp-json\/wp\/v2\/product_cat?post=77697"},{"taxonomy":"product_tag","embeddable":true,"href":"https:\/\/dadorana.ch\/fr\/wp-json\/wp\/v2\/product_tag?post=77697"}],"curies":[{"name":"wp","href":"https:\/\/api.w.org\/{rel}","templated":true}]}}