{"id":77704,"date":"2026-04-20T14:30:46","date_gmt":"2026-04-20T12:30:46","guid":{"rendered":"https:\/\/dadorana.ch\/produkt\/in-fluence-katzenminze-spielball\/"},"modified":"2026-04-28T09:58:40","modified_gmt":"2026-04-28T07:58:40","slug":"in-fluence-balle-dherbe-de-cataire","status":"publish","type":"product","link":"https:\/\/dadorana.ch\/fr\/produit\/in-fluence-balle-dherbe-de-cataire\/","title":{"rendered":"In\u200b-\u200bFluence Balle d\u2019Herbe de cataire"},"content":{"rendered":"<p><strong>Plaisir de jeu pour votre f\u00e9lin d&rsquo;int\u00e9rieur<\/strong><br \/>La balle \u00e0 la cataire In-Fluence 1 pi\u00e8ce attire l&rsquo;attention de votre chat gr\u00e2ce \u00e0 sa cataire naturelle et offre des heures de jeu. Sa composition particuli\u00e8re incite les chats \u00e0 \u00eatre plus actifs et rend le jeu v\u00e9ritablement captivant. Que ce soit en roulant, en sautant ou en chassant, cette balle de jeu deviendra rapidement le jouet pr\u00e9f\u00e9r\u00e9 de votre chat.<\/p>\n<p><strong>Faciliter l&rsquo;am\u00e9lioration de la condition physique<\/strong><br \/>Gr\u00e2ce aux mouvements ludiques avec la balle \u00e0 la cataire In-Fluence, la condition physique de votre chat est am\u00e9lior\u00e9e. La balle offre l&rsquo;occasion parfaite de pr\u00e9venir le surpoids, car elle encourage votre chat \u00e0 se d\u00e9placer davantage. Cela contribue \u00e0 un mode de vie plus sain et garantit en m\u00eame temps que votre chat soit bien occup\u00e9 et satisfait.<\/p>\n<p><strong>Un rem\u00e8de contre l&rsquo;ennui<\/strong><br \/>La balle \u00e0 la cataire In-Fluence aide efficacement \u00e0 r\u00e9duire l&rsquo;ennui chez votre chat. Gr\u00e2ce aux possibilit\u00e9s de jeu vari\u00e9es, votre animal reste actif mentalement et physiquement. La balle est id\u00e9ale pour le plaisir de jeu quotidien et offre un moyen simple d&rsquo;am\u00e9liorer la qualit\u00e9 de vie de votre chat. Ainsi, vous pouvez \u00eatre s\u00fbr que votre compagnon \u00e0 quatre pattes est toujours bien occup\u00e9.<\/p>\n","protected":false},"excerpt":{"rendered":"<ul>\n<li>Cataire naturelle pour une activit\u00e9 accrue<\/li>\n<li>Favorise la forme physique en jouant<\/li>\n<li>R\u00e9duit l&rsquo;ennui de votre chat<\/li>\n<li>Aide \u00e0 pr\u00e9venir le surpoids<\/li>\n<li>Id\u00e9al pour rouler et chasser<\/li>\n<\/ul>\n","protected":false},"featured_media":77702,"template":"","meta":[],"pwb-brand":[7880],"product_brand":[7883],"product_cat":[8533,7831,7238,7167],"product_tag":[],"class_list":{"0":"post-77704","1":"product","2":"type-product","3":"status-publish","4":"has-post-thumbnail","6":"pwb-brand-in-fluence","7":"product_brand-in-fluence","8":"product_cat-jouet","9":"product_cat-accessoires-chat","10":"product_cat-chats","11":"product_cat-tous","12":"pa_brand-in-fluence","13":"pa_haustier-chat","14":"pa_marke-in-fluence","15":"pa_ursprungsland-suisse","16":"pa_z_cat2-katzenspielzeug","17":"pa_z_product_type-katzenspielzeug","18":"pa_zubehoer-jouets","20":"first","21":"instock","22":"taxable","23":"shipping-taxable","24":"purchasable","25":"product-type-simple"},"brands":[{"id":7880,"name":"In-Fluence","slug":"in-fluence"}],"meta_box":{"lieferant":"Businesscom","lieferanten_email":"","produktzusammensetzung":"","restock_quantities_galaxus":"5","galaxus_restock_time":"21","galaxus_restock_date":"","galaxus_preis":"","export":"Nein","signalwort":[],"gefahrenpiktogramm":[],"gefahrenhinweise":[]},"_links":{"self":[{"href":"https:\/\/dadorana.ch\/fr\/wp-json\/wp\/v2\/product\/77704","targetHints":{"allow":["GET"]}}],"collection":[{"href":"https:\/\/dadorana.ch\/fr\/wp-json\/wp\/v2\/product"}],"about":[{"href":"https:\/\/dadorana.ch\/fr\/wp-json\/wp\/v2\/types\/product"}],"version-history":[{"count":0,"href":"https:\/\/dadorana.ch\/fr\/wp-json\/wp\/v2\/product\/77704\/revisions"}],"wp:featuredmedia":[{"embeddable":true,"href":"https:\/\/dadorana.ch\/fr\/wp-json\/wp\/v2\/media\/77702"}],"wp:attachment":[{"href":"https:\/\/dadorana.ch\/fr\/wp-json\/wp\/v2\/media?parent=77704"}],"wp:term":[{"taxonomy":"pwb-brand","embeddable":true,"href":"https:\/\/dadorana.ch\/fr\/wp-json\/wp\/v2\/pwb-brand?post=77704"},{"taxonomy":"product_brand","embeddable":true,"href":"https:\/\/dadorana.ch\/fr\/wp-json\/wp\/v2\/product_brand?post=77704"},{"taxonomy":"product_cat","embeddable":true,"href":"https:\/\/dadorana.ch\/fr\/wp-json\/wp\/v2\/product_cat?post=77704"},{"taxonomy":"product_tag","embeddable":true,"href":"https:\/\/dadorana.ch\/fr\/wp-json\/wp\/v2\/product_tag?post=77704"}],"curies":[{"name":"wp","href":"https:\/\/api.w.org\/{rel}","templated":true}]}}