{"id":77710,"date":"2026-04-27T08:15:30","date_gmt":"2026-04-27T06:15:30","guid":{"rendered":"https:\/\/dadorana.ch\/produkt\/in-fluence-skin-drops-anti-juckreiz-bachblueten\/"},"modified":"2026-04-28T16:24:20","modified_gmt":"2026-04-28T14:24:20","slug":"in-fluence-skin-drops-fleurs-de-bach-antidemangeaisons","status":"publish","type":"product","link":"https:\/\/dadorana.ch\/fr\/produit\/in-fluence-skin-drops-fleurs-de-bach-antidemangeaisons\/","title":{"rendered":"In\u200b-\u200bFluence Skin Drops Fleurs de Bach antid\u00e9mangeaisons"},"content":{"rendered":"<p><strong>Soin apaisant pour la peau stress\u00e9e des animaux<\/strong><br \/>Les In-Fluence Skin Drops Fleurs de Bach 50 ml offrent un soutien doux pour la peau de vos animaux de compagnie. Ces gouttes pour la peau sont enrichies de fleurs de Bach BIO s\u00e9lectionn\u00e9es, qui ont un effet apaisant sur la peau irrit\u00e9e, stress\u00e9e et s\u00e8che. Elles sont sp\u00e9cialement con\u00e7ues pour les chiens et les chats afin d&rsquo;augmenter le confort et de favoriser le bien-\u00eatre.<\/p>\n<p><strong>Application polyvalente pour les animaux souffrant d&rsquo;allergies<\/strong><br \/>Les In-Fluence Skin Drops sont id\u00e9ales en cas de grattage fr\u00e9quent d\u00fb \u00e0 des allergies, des champignons ou des parasites. Elles offrent un soulagement efficace et contribuent \u00e0 ce que votre animal se sente \u00e0 nouveau bien dans sa peau. Les gouttes pour la peau sont faciles \u00e0 appliquer et s&rsquo;int\u00e8grent sans effort dans les soins quotidiens de votre animal pour obtenir des r\u00e9sultats durables.<\/p>\n<p><strong>Facile \u00e0 utiliser pour des r\u00e9sultats sans stress<\/strong><br \/>Gr\u00e2ce \u00e0 leur formulation sp\u00e9ciale, les In-Fluence Skin Drops sont con\u00e7ues pour une utilisation facile. Elles peuvent \u00eatre m\u00e9lang\u00e9es directement \u00e0 la nourriture ou administr\u00e9es avec de l&rsquo;eau, ce qui facilite votre quotidien et celui de votre animal. Cette solution pratique vous permet de passer plus de temps avec votre animal de compagnie tout en g\u00e9rant efficacement les probl\u00e8mes de peau. Optez pour une m\u00e9thode \u00e9prouv\u00e9e qui offre \u00e0 vos amis \u00e0 quatre pattes les soins qu&rsquo;ils m\u00e9ritent.<\/p>\n","protected":false},"excerpt":{"rendered":"<ul>\n<li><span style=\"color: #ff8800;\">Convient aux chiens et aux chats<\/span><\/li>\n<li><span style=\"color: #ff8800;\">Apaisant gr\u00e2ce aux fleurs de Bach BIO<\/span><\/li>\n<li><span style=\"color: #ff8800;\">Id\u00e9al pour la peau s\u00e8che et qui d\u00e9mange<\/span><\/li>\n<li><span style=\"color: #ff8800;\">Aide en cas de d\u00e9mangeaisons dues aux allergies<\/span><\/li>\n<li><span style=\"color: #ff8800;\">Efficace contre les champignons et les parasites<\/span><\/li>\n<\/ul>\n","protected":false},"featured_media":77709,"template":"","meta":[],"pwb-brand":[7880],"product_brand":[7883],"product_cat":[7360,7238,7155,7272,7167],"product_tag":[],"class_list":{"0":"post-77710","1":"product","2":"type-product","3":"status-publish","4":"has-post-thumbnail","6":"pwb-brand-in-fluence","7":"product_brand-in-fluence","8":"product_cat-produits-de-soins","9":"product_cat-chats","10":"product_cat-chiens","11":"product_cat-produits-de-soin-chats","12":"product_cat-tous","13":"pa_brand-in-fluence","14":"pa_eigenschaften-pflegeprodukte-soins-de-la-peau-et-du-pelage","15":"pa_haustier-chat","16":"pa_haustier-chien-2","17":"pa_marke-in-fluence","18":"pa_ursprungsland-allemagne","19":"pa_z_cat2-pflege","21":"first","22":"instock","23":"taxable","24":"shipping-taxable","25":"purchasable","26":"product-type-simple"},"brands":[{"id":7880,"name":"In-Fluence","slug":"in-fluence"}],"meta_box":{"lieferant":"Businesscom","lieferanten_email":"","produktzusammensetzung":"","restock_quantities_galaxus":"5","galaxus_restock_time":"21","galaxus_restock_date":"","galaxus_preis":"","export":"Nein","signalwort":[],"gefahrenpiktogramm":[],"gefahrenhinweise":[]},"_links":{"self":[{"href":"https:\/\/dadorana.ch\/fr\/wp-json\/wp\/v2\/product\/77710","targetHints":{"allow":["GET"]}}],"collection":[{"href":"https:\/\/dadorana.ch\/fr\/wp-json\/wp\/v2\/product"}],"about":[{"href":"https:\/\/dadorana.ch\/fr\/wp-json\/wp\/v2\/types\/product"}],"version-history":[{"count":2,"href":"https:\/\/dadorana.ch\/fr\/wp-json\/wp\/v2\/product\/77710\/revisions"}],"predecessor-version":[{"id":77713,"href":"https:\/\/dadorana.ch\/fr\/wp-json\/wp\/v2\/product\/77710\/revisions\/77713"}],"wp:featuredmedia":[{"embeddable":true,"href":"https:\/\/dadorana.ch\/fr\/wp-json\/wp\/v2\/media\/77709"}],"wp:attachment":[{"href":"https:\/\/dadorana.ch\/fr\/wp-json\/wp\/v2\/media?parent=77710"}],"wp:term":[{"taxonomy":"pwb-brand","embeddable":true,"href":"https:\/\/dadorana.ch\/fr\/wp-json\/wp\/v2\/pwb-brand?post=77710"},{"taxonomy":"product_brand","embeddable":true,"href":"https:\/\/dadorana.ch\/fr\/wp-json\/wp\/v2\/product_brand?post=77710"},{"taxonomy":"product_cat","embeddable":true,"href":"https:\/\/dadorana.ch\/fr\/wp-json\/wp\/v2\/product_cat?post=77710"},{"taxonomy":"product_tag","embeddable":true,"href":"https:\/\/dadorana.ch\/fr\/wp-json\/wp\/v2\/product_tag?post=77710"}],"curies":[{"name":"wp","href":"https:\/\/api.w.org\/{rel}","templated":true}]}}