{"id":77720,"date":"2026-04-27T07:15:54","date_gmt":"2026-04-27T05:15:54","guid":{"rendered":"https:\/\/dadorana.ch\/?post_type=product&#038;p=77720"},"modified":"2026-04-28T16:25:41","modified_gmt":"2026-04-28T14:25:41","slug":"in-fluence-sos-spray-fleurs-de-bach-premiers-secours","status":"publish","type":"product","link":"https:\/\/dadorana.ch\/fr\/produit\/in-fluence-sos-spray-fleurs-de-bach-premiers-secours\/","title":{"rendered":"In\u200b-\u200bFluence SOS Spray \u2013 Fleurs de bach premiers secours"},"content":{"rendered":"<p><strong>D\u00e9tente pour les moments stressants de votre animal<\/strong><br \/>Le spray In-Fluence SOS 50 ml offre une solution simple pour les situations stressantes de la vie quotidienne avec votre animal de compagnie. Que ce soit lors de feux d&rsquo;artifice, de visites chez le v\u00e9t\u00e9rinaire ou d&rsquo;autres \u00e9v\u00e9nements excitants, ce spray est sp\u00e9cialement con\u00e7u pour r\u00e9pondre aux besoins des chiens et des chats. Il contient un m\u00e9lange soigneusement compos\u00e9 de fleurs de Bach BIO, qui proviennent de la r\u00e9gion idyllique du lac de Constance et qui aident votre animal \u00e0 se d\u00e9tendre et \u00e0 se calmer.<\/p>\n<p><strong>Application polyvalente pour chiens et chats<\/strong><br \/>Une caract\u00e9ristique particuli\u00e8re du spray In-Fluence SOS est sa polyvalence. Adapt\u00e9 \u00e0 la fois pour les chiens et les chats, il offre un soutien pratique pour apaiser votre animal dans les moments stressants. Que votre ami \u00e0 quatre pattes r\u00e9agisse \u00e0 des bruits forts ou soit excit\u00e9 avant une visite chez le v\u00e9t\u00e9rinaire, le spray est facile \u00e0 appliquer et peut \u00eatre utilis\u00e9 dans n&rsquo;importe quelle situation. De plus, le produit est \u00e9galement disponible sous forme de gouttes, vous permettant de choisir la variante id\u00e9ale pour les besoins de votre animal de compagnie.<\/p>\n<p><strong>Ingr\u00e9dients naturels pour une exp\u00e9rience apaisante<\/strong><br \/>Avec les fleurs de Bach BIO incluses, le spray In-Fluence SOS mise sur des ingr\u00e9dients naturels qui apportent plus de s\u00e9r\u00e9nit\u00e9 \u00e0 votre animal. Ces extraits de fleurs sont connus pour leurs propri\u00e9t\u00e9s apaisantes et aident votre animal de compagnie \u00e0 g\u00e9rer les situations stressantes avec plus de calme. Gr\u00e2ce \u00e0 sa taille compacte de 50 ml, le spray est facile \u00e0 transporter et toujours \u00e0 port\u00e9e de main quand il est n\u00e9cessaire. D\u00e9couvrez les avantages du spray In-Fluence SOS et offrez \u00e0 votre animal le soutien qu&rsquo;il m\u00e9rite.<\/p>\n","protected":false},"excerpt":{"rendered":"<ul>\n<li><span style=\"color: #ff8800;\">Convient aux chiens et aux chats<\/span><\/li>\n<li><span style=\"color: #ff8800;\">Id\u00e9al en cas de situations de stress aigu\u00ebs<\/span><\/li>\n<li><span style=\"color: #ff8800;\">Contient des fleurs de Bach BIO du Lac de Constance<\/span><\/li>\n<li><span style=\"color: #ff8800;\">Aide les animaux \u00e0 se d\u00e9tendre<\/span><\/li>\n<li><span style=\"color: #ff8800;\">Disponible en spray et en gouttes<\/span><\/li>\n<\/ul>\n","protected":false},"featured_media":77718,"template":"","meta":[],"pwb-brand":[7880],"product_brand":[7883],"product_cat":[7360,7238,7155,7272,7167],"product_tag":[],"class_list":{"0":"post-77720","1":"product","2":"type-product","3":"status-publish","4":"has-post-thumbnail","6":"pwb-brand-in-fluence","7":"product_brand-in-fluence","8":"product_cat-produits-de-soins","9":"product_cat-chats","10":"product_cat-chiens","11":"product_cat-produits-de-soin-chats","12":"product_cat-tous","13":"pa_brand-in-fluence","14":"pa_eigenschaften-pflegeprodukte-calmant","15":"pa_haustier-chat","16":"pa_haustier-chien-2","17":"pa_marke-in-fluence","18":"pa_ursprungsland-allemagne","19":"pa_z_cat2-pflege","21":"first","22":"instock","23":"taxable","24":"shipping-taxable","25":"purchasable","26":"product-type-simple"},"brands":[{"id":7880,"name":"In-Fluence","slug":"in-fluence"}],"meta_box":{"lieferant":"Businesscom","lieferanten_email":"","produktzusammensetzung":"","restock_quantities_galaxus":"5","galaxus_restock_time":"21","galaxus_restock_date":"","galaxus_preis":"","export":"Nein","signalwort":[],"gefahrenpiktogramm":[],"gefahrenhinweise":[]},"_links":{"self":[{"href":"https:\/\/dadorana.ch\/fr\/wp-json\/wp\/v2\/product\/77720","targetHints":{"allow":["GET"]}}],"collection":[{"href":"https:\/\/dadorana.ch\/fr\/wp-json\/wp\/v2\/product"}],"about":[{"href":"https:\/\/dadorana.ch\/fr\/wp-json\/wp\/v2\/types\/product"}],"version-history":[{"count":2,"href":"https:\/\/dadorana.ch\/fr\/wp-json\/wp\/v2\/product\/77720\/revisions"}],"predecessor-version":[{"id":77764,"href":"https:\/\/dadorana.ch\/fr\/wp-json\/wp\/v2\/product\/77720\/revisions\/77764"}],"wp:featuredmedia":[{"embeddable":true,"href":"https:\/\/dadorana.ch\/fr\/wp-json\/wp\/v2\/media\/77718"}],"wp:attachment":[{"href":"https:\/\/dadorana.ch\/fr\/wp-json\/wp\/v2\/media?parent=77720"}],"wp:term":[{"taxonomy":"pwb-brand","embeddable":true,"href":"https:\/\/dadorana.ch\/fr\/wp-json\/wp\/v2\/pwb-brand?post=77720"},{"taxonomy":"product_brand","embeddable":true,"href":"https:\/\/dadorana.ch\/fr\/wp-json\/wp\/v2\/product_brand?post=77720"},{"taxonomy":"product_cat","embeddable":true,"href":"https:\/\/dadorana.ch\/fr\/wp-json\/wp\/v2\/product_cat?post=77720"},{"taxonomy":"product_tag","embeddable":true,"href":"https:\/\/dadorana.ch\/fr\/wp-json\/wp\/v2\/product_tag?post=77720"}],"curies":[{"name":"wp","href":"https:\/\/api.w.org\/{rel}","templated":true}]}}