{"id":77842,"date":"2026-04-29T06:45:51","date_gmt":"2026-04-29T04:45:51","guid":{"rendered":"https:\/\/dadorana.ch\/produkt\/in-fluence-r-go-entwirrungskamm-fuer-hunde-und-katzen\/"},"modified":"2026-04-30T11:55:55","modified_gmt":"2026-04-30T09:55:55","slug":"in-fluence-r-go-peigne-a-demeler-pour-chiens-et-chats","status":"publish","type":"product","link":"https:\/\/dadorana.ch\/fr\/produit\/in-fluence-r-go-peigne-a-demeler-pour-chiens-et-chats\/","title":{"rendered":"In\u200b-\u200bFluence R\u200b-\u200bGO Peigne \u00e0 d\u00e9m\u00ealer pour chiens et chats"},"content":{"rendered":"<p><strong>Soins efficaces pour un pelage long et fris\u00e9<\/strong><br \/>Le peigne d\u00e9m\u00ealant In-Fluence R-GO offre la solution parfaite pour le soin quotidien du pelage de votre compagnon \u00e0 quatre pattes. Avec ses 29 broches rotatives et ses dents larges, il est sp\u00e9cialement con\u00e7u pour les poils longs et fris\u00e9s. Cela permet de peigner sans effort, sans ab\u00eemer inutilement les poils. Ainsi, le pelage de votre animal reste toujours bien entretenu, et vous gagnez un temps pr\u00e9cieux.<\/p>\n<p><strong>Application douce pour une exp\u00e9rience agr\u00e9able<\/strong><br \/>Gr\u00e2ce aux dents rotatives du peigne, il glisse doucement \u00e0 travers les poils, minimisant ainsi le risque de dommages capillaires. Cela rend le brossage particuli\u00e8rement doux et agr\u00e9able pour votre animal. De nombreux animaux trouvent m\u00eame l&rsquo;application apaisante, transformant le processus de toilettage en une exp\u00e9rience relaxante. En particulier pendant la mue, le peigne d\u00e9m\u00ealant s&rsquo;av\u00e8re \u00eatre un outil utile pour r\u00e9duire l&rsquo;ingestion de poils et faciliter le soin.<\/p>\n<p><strong>Brossage plus rapide et plus facile au quotidien<\/strong><br \/>L&rsquo;utilisation r\u00e9guli\u00e8re du peigne d\u00e9m\u00ealant In-Fluence R-GO rend le brossage de plus en plus simple et rapide au fil du temps. La conception r\u00e9fl\u00e9chie des dents assure que m\u00eame le pelage dense ou nou\u00e9 est d\u00e9m\u00eal\u00e9 efficacement. Vous pouvez ainsi g\u00e9rer les besoins de toilettage de votre animal sans stress et profiter de plus de temps pour des aventures partag\u00e9es. Offrez \u00e0 votre compagnon \u00e0 quatre pattes un soin du pelage doux et efficace et profitez des avantages de ce peigne d\u00e9m\u00ealant bien pens\u00e9.<\/p>\n","protected":false},"excerpt":{"rendered":"<ul>\n<li><span style=\"color: #ff8800;\">29 broches pour un d\u00e9m\u00ealage optimal<\/span><\/li>\n<li><span style=\"color: #ff8800;\">Denture longue pour pelage long<\/span><\/li>\n<li><span style=\"color: #ff8800;\">Dents rotatives pr\u00e9servant le poil<\/span><\/li>\n<li><span style=\"color: #ff8800;\">Facilite le toilettage lors de la mue<\/span><\/li>\n<li><span style=\"color: #ff8800;\">Le peignage devient plus rapide et plus facile<\/span><\/li>\n<\/ul>\n","protected":false},"featured_media":77841,"template":"","meta":[],"pwb-brand":[7880],"product_brand":[7883],"product_cat":[7360,7238,7155,7272,7167],"product_tag":[],"class_list":{"0":"post-77842","1":"product","2":"type-product","3":"status-publish","4":"has-post-thumbnail","6":"pwb-brand-in-fluence","7":"product_brand-in-fluence","8":"product_cat-produits-de-soins","9":"product_cat-chats","10":"product_cat-chiens","11":"product_cat-produits-de-soin-chats","12":"product_cat-tous","13":"pa_brand-in-fluence","14":"pa_eigenschaften-pflegeprodukte-soins-de-la-peau-et-du-pelage","15":"pa_haustier-chat","16":"pa_haustier-chien-2","17":"pa_marke-in-fluence","18":"pa_ursprungsland-chine","19":"pa_z_cat2-pflege","20":"pa_z_product_type-fellpflege","22":"first","23":"instock","24":"taxable","25":"shipping-taxable","26":"purchasable","27":"product-type-simple"},"brands":[{"id":7880,"name":"In-Fluence","slug":"in-fluence"}],"meta_box":{"lieferant":"Businesscom","lieferanten_email":"","produktzusammensetzung":"","restock_quantities_galaxus":"5","galaxus_restock_time":"21","galaxus_restock_date":"","galaxus_preis":"","export":"Nein","signalwort":[],"gefahrenpiktogramm":[],"gefahrenhinweise":[]},"_links":{"self":[{"href":"https:\/\/dadorana.ch\/fr\/wp-json\/wp\/v2\/product\/77842","targetHints":{"allow":["GET"]}}],"collection":[{"href":"https:\/\/dadorana.ch\/fr\/wp-json\/wp\/v2\/product"}],"about":[{"href":"https:\/\/dadorana.ch\/fr\/wp-json\/wp\/v2\/types\/product"}],"version-history":[{"count":2,"href":"https:\/\/dadorana.ch\/fr\/wp-json\/wp\/v2\/product\/77842\/revisions"}],"predecessor-version":[{"id":77844,"href":"https:\/\/dadorana.ch\/fr\/wp-json\/wp\/v2\/product\/77842\/revisions\/77844"}],"wp:featuredmedia":[{"embeddable":true,"href":"https:\/\/dadorana.ch\/fr\/wp-json\/wp\/v2\/media\/77841"}],"wp:attachment":[{"href":"https:\/\/dadorana.ch\/fr\/wp-json\/wp\/v2\/media?parent=77842"}],"wp:term":[{"taxonomy":"pwb-brand","embeddable":true,"href":"https:\/\/dadorana.ch\/fr\/wp-json\/wp\/v2\/pwb-brand?post=77842"},{"taxonomy":"product_brand","embeddable":true,"href":"https:\/\/dadorana.ch\/fr\/wp-json\/wp\/v2\/product_brand?post=77842"},{"taxonomy":"product_cat","embeddable":true,"href":"https:\/\/dadorana.ch\/fr\/wp-json\/wp\/v2\/product_cat?post=77842"},{"taxonomy":"product_tag","embeddable":true,"href":"https:\/\/dadorana.ch\/fr\/wp-json\/wp\/v2\/product_tag?post=77842"}],"curies":[{"name":"wp","href":"https:\/\/api.w.org\/{rel}","templated":true}]}}