{"id":77864,"date":"2026-04-29T07:15:10","date_gmt":"2026-04-29T05:15:10","guid":{"rendered":"https:\/\/dadorana.ch\/produkt\/in-fluence-r-go-entwirrungskamm-langhaar-fuer-hunde-katzen\/"},"modified":"2026-04-30T17:00:39","modified_gmt":"2026-04-30T15:00:39","slug":"in-fluence-r-go-peigne-de-demelage-cheveux-longs-pour-chiens-et-chats","status":"publish","type":"product","link":"https:\/\/dadorana.ch\/fr\/produit\/in-fluence-r-go-peigne-de-demelage-cheveux-longs-pour-chiens-et-chats\/","title":{"rendered":"In\u200b-\u200bFluence R\u200b-\u200bGO Peigne de d\u00e9m\u00ealage cheveux longs pour chiens et chats"},"content":{"rendered":"<p><strong>Entretien efficace du pelage pour les animaux \u00e0 poils longs<\/strong><br \/>Avec le peigne d\u00e9m\u00ealant In-Fluence R-GO pour poils longs, l&rsquo;entretien du pelage de votre animal devient un jeu d&rsquo;enfant. Les dents m\u00e9talliques rotatives du peigne d\u00e9m\u00ealant p\u00e9n\u00e8trent facilement \u00e0 travers le poil de couverture et atteignent le sous-poil plus profond. Cela permet un d\u00e9m\u00ealage efficace sans stress inutile pour le poil et garantit que votre compagnon \u00e0 quatre pattes a toujours une apparence soign\u00e9e. Pendant la mue en particulier, le peigne est un outil pr\u00e9cieux pour faciliter l&rsquo;entretien du pelage et minimiser l&rsquo;ingestion de poils.<\/p>\n<p><strong>Soin doux avec double avantage<\/strong><br \/>Les longues dents rotatives du peigne d\u00e9m\u00ealant glissent doucement \u00e0 travers le poil sans l&rsquo;ab\u00eemer, ce qui r\u00e9duit le temps de brossage. Cette caract\u00e9ristique rend le peigne R-GO id\u00e9al pour les animaux avec un sous-poil dense et un poil de couverture long. Une utilisation r\u00e9guli\u00e8re rend le brossage non seulement plus facile et plus rapide, mais emp\u00eache \u00e9galement le feutrage du pelage. Le soin doux est per\u00e7u par de nombreux animaux comme un massage apaisant, ce qui fait de l&rsquo;entretien du pelage une exp\u00e9rience agr\u00e9able pour votre animal.<\/p>\n<p><strong>Facile d&rsquo;entretien pour un usage quotidien<\/strong><br \/>Le peigne d\u00e9m\u00ealant In-Fluence R-GO n&rsquo;est pas seulement extr\u00eamement efficace, mais aussi facile \u00e0 manipuler. Il est sp\u00e9cialement con\u00e7u pour simplifier l&rsquo;entretien du pelage et optimiser les rituels de soins quotidiens. Avec ce peigne, vous pouvez organiser efficacement l&rsquo;entretien du pelage de votre animal sans sacrifier le confort. Utilisez le peigne d\u00e9m\u00ealant R-GO r\u00e9guli\u00e8rement pour offrir \u00e0 votre compagnon \u00e0 quatre pattes un soin doux et rapide qui am\u00e9liore \u00e0 la fois le pelage et le bien-\u00eatre de votre animal.<\/p>\n","protected":false},"excerpt":{"rendered":"<ul>\n<li><span style=\"color: #ff8800;\">Broches m\u00e9talliques pour un soin du pelage sans effort<\/span><\/li>\n<li><span style=\"color: #ff8800;\">Peigne id\u00e9al pour sous-poil et poil de couverture<\/span><\/li>\n<li><span style=\"color: #ff8800;\">Dents rotatives pr\u00e9servant le poil<\/span><\/li>\n<li><span style=\"color: #ff8800;\">Soin rapide pour une apparence soign\u00e9e<\/span><\/li>\n<li><span style=\"color: #ff8800;\">Massage doux pour votre animal<\/span><\/li>\n<\/ul>\n","protected":false},"featured_media":77863,"template":"","meta":[],"pwb-brand":[7880],"product_brand":[7883],"product_cat":[7360,7238,7155,7272,7167],"product_tag":[],"class_list":{"0":"post-77864","1":"product","2":"type-product","3":"status-publish","4":"has-post-thumbnail","6":"pwb-brand-in-fluence","7":"product_brand-in-fluence","8":"product_cat-produits-de-soins","9":"product_cat-chats","10":"product_cat-chiens","11":"product_cat-produits-de-soin-chats","12":"product_cat-tous","13":"pa_brand-in-fluence","14":"pa_eigenschaften-pflegeprodukte-soins-de-la-peau-et-du-pelage","15":"pa_haustier-chat","16":"pa_haustier-chien-2","17":"pa_marke-in-fluence","18":"pa_ursprungsland-chine","19":"pa_z_cat2-pflege","20":"pa_z_product_type-fellpflege","22":"first","23":"instock","24":"taxable","25":"shipping-taxable","26":"purchasable","27":"product-type-simple"},"brands":[{"id":7880,"name":"In-Fluence","slug":"in-fluence"}],"meta_box":{"lieferant":"Businesscom","lieferanten_email":"","produktzusammensetzung":"","restock_quantities_galaxus":"5","galaxus_restock_time":"21","galaxus_restock_date":"","galaxus_preis":"","export":"Nein","signalwort":[],"gefahrenpiktogramm":[],"gefahrenhinweise":[]},"_links":{"self":[{"href":"https:\/\/dadorana.ch\/fr\/wp-json\/wp\/v2\/product\/77864","targetHints":{"allow":["GET"]}}],"collection":[{"href":"https:\/\/dadorana.ch\/fr\/wp-json\/wp\/v2\/product"}],"about":[{"href":"https:\/\/dadorana.ch\/fr\/wp-json\/wp\/v2\/types\/product"}],"version-history":[{"count":2,"href":"https:\/\/dadorana.ch\/fr\/wp-json\/wp\/v2\/product\/77864\/revisions"}],"predecessor-version":[{"id":77866,"href":"https:\/\/dadorana.ch\/fr\/wp-json\/wp\/v2\/product\/77864\/revisions\/77866"}],"wp:featuredmedia":[{"embeddable":true,"href":"https:\/\/dadorana.ch\/fr\/wp-json\/wp\/v2\/media\/77863"}],"wp:attachment":[{"href":"https:\/\/dadorana.ch\/fr\/wp-json\/wp\/v2\/media?parent=77864"}],"wp:term":[{"taxonomy":"pwb-brand","embeddable":true,"href":"https:\/\/dadorana.ch\/fr\/wp-json\/wp\/v2\/pwb-brand?post=77864"},{"taxonomy":"product_brand","embeddable":true,"href":"https:\/\/dadorana.ch\/fr\/wp-json\/wp\/v2\/product_brand?post=77864"},{"taxonomy":"product_cat","embeddable":true,"href":"https:\/\/dadorana.ch\/fr\/wp-json\/wp\/v2\/product_cat?post=77864"},{"taxonomy":"product_tag","embeddable":true,"href":"https:\/\/dadorana.ch\/fr\/wp-json\/wp\/v2\/product_tag?post=77864"}],"curies":[{"name":"wp","href":"https:\/\/api.w.org\/{rel}","templated":true}]}}