{"id":77888,"date":"2026-04-30T22:40:54","date_gmt":"2026-04-30T20:40:54","guid":{"rendered":"https:\/\/dadorana.ch\/produkt\/animonda-integra-protect-adult-renal-mit-huhn\/"},"modified":"2026-04-30T23:07:02","modified_gmt":"2026-04-30T21:07:02","slug":"integra-protect-adulte-renal-avec-poulet","status":"publish","type":"product","link":"https:\/\/dadorana.ch\/fr\/produit\/integra-protect-adulte-renal-avec-poulet\/","title":{"rendered":"INTEGRA PROTECT Adulte R\u00e9nal avec poulet"},"content":{"rendered":"<p><strong>INTEGRA PROTECT R\u00e9nal avec poulet : R\u00e9gime r\u00e9nal pour chiens<\/strong><\/p>\n<p>Adapt\u00e9 aux besoins nutritionnels des chiens souffrant d\u2019insuffisance r\u00e9nale chronique :\u00a0<strong>INTEGRA PROTECT R\u00e9nal avec poulet<\/strong>. Cette alimentation sp\u00e9ciale contient une teneur en prot\u00e9ines inf\u00e9rieure \u00e0 la nourriture conventionnelle. En cons\u00e9quence, moins de produits de d\u00e9gradation sont produits dans le m\u00e9tabolisme des prot\u00e9ines du chien, qui doivent \u00eatre excr\u00e9t\u00e9s par les reins.<\/p>\n<p>De plus, la teneur en phosphore de cette\u00a0<strong>nourriture r\u00e9nale pour chiens\u00a0<\/strong>est\u00a0<strong>r\u00e9duite,\u00a0<\/strong>ce qui soutient le tissu r\u00e9nal existant et retarde la progression de la maladie. Cela peut am\u00e9liorer le bien-\u00eatre de l\u2019ami \u00e0 quatre pattes et prolonger son esp\u00e9rance de vie.<\/p>\n<p><strong>INTEGRA PROTECT \u2013 L\u2019aliment di\u00e9t\u00e9tique qui a bon go\u00fbt<\/strong><\/p>\n<p>La nourriture di\u00e9t\u00e9tique INTEGRA PROTECT est adapt\u00e9e aux chiens malades et \u00e0 leurs besoins sp\u00e9cifiques. Notre nourriture sp\u00e9ciale INTEGRA PROTECT est disponible pour les maladies suivantes :<\/p>\n<ul>\n<li>Dans la performance r\u00e9nale chronique<\/li>\n<li>en cas d\u2019allergie alimentaire<\/li>\n<li>Probl\u00e8mes gastro-intestinaux avec diarrh\u00e9e aigu\u00eb<\/li>\n<\/ul>\n","protected":false},"excerpt":{"rendered":"<div class=\"product-detail-description-item\">\n<ul>\n<li class=\"product-detail-description-item__text\"><span style=\"color: #ff8800;\">dans l\u2019insuffisance r\u00e9nale chronique<\/span><\/li>\n<li class=\"product-detail-description-item__text\"><span style=\"color: #ff8800;\">R\u00e9duction du phosphore<\/span><\/li>\n<li class=\"product-detail-description-item__text\"><span style=\"color: #ff8800;\">Prot\u00e9ines r\u00e9duites<\/span><\/li>\n<li class=\"product-detail-description-item__text\"><span style=\"color: #ff8800;\">sans c\u00e9r\u00e9ales<\/span><\/li>\n<li class=\"product-detail-description-item__text\"><span style=\"color: #ff8800;\">Excellente acceptation<\/span><\/li>\n<\/ul>\n<\/div>\n","protected":false},"featured_media":77886,"template":"","meta":[],"pwb-brand":[8548],"product_brand":[8549],"product_cat":[7650,7155,7167],"product_tag":[],"class_list":{"0":"post-77888","1":"product","2":"type-product","3":"status-publish","4":"has-post-thumbnail","6":"pwb-brand-animonda","7":"product_brand-animonda","8":"product_cat-nourriture-humide","9":"product_cat-chiens","10":"product_cat-tous","11":"pa_brand-animonda","12":"pa_eigenschaften-nieren-renal","13":"pa_eigenschaften-sans-ble","14":"pa_eigenschaften-sans-cereales","15":"pa_eigenschaften-sans-gluten","16":"pa_geschmack-poulet","17":"pa_haustier-chien-2","18":"pa_marke-animonda","19":"pa_ursprungsland-pays-bas","20":"pa_z_cat2-hundefutter","22":"first","23":"instock","24":"taxable","25":"shipping-taxable","26":"purchasable","27":"product-type-simple"},"brands":[{"id":8548,"name":"Animonda","slug":"animonda"}],"meta_box":{"lieferant":"Businesscom","lieferanten_email":"","produktzusammensetzung":"","restock_quantities_galaxus":"5","galaxus_restock_time":"21","galaxus_restock_date":"","galaxus_preis":"","export":"Nein","signalwort":[],"gefahrenpiktogramm":[],"gefahrenhinweise":[]},"_links":{"self":[{"href":"https:\/\/dadorana.ch\/fr\/wp-json\/wp\/v2\/product\/77888","targetHints":{"allow":["GET"]}}],"collection":[{"href":"https:\/\/dadorana.ch\/fr\/wp-json\/wp\/v2\/product"}],"about":[{"href":"https:\/\/dadorana.ch\/fr\/wp-json\/wp\/v2\/types\/product"}],"version-history":[{"count":4,"href":"https:\/\/dadorana.ch\/fr\/wp-json\/wp\/v2\/product\/77888\/revisions"}],"predecessor-version":[{"id":77893,"href":"https:\/\/dadorana.ch\/fr\/wp-json\/wp\/v2\/product\/77888\/revisions\/77893"}],"wp:featuredmedia":[{"embeddable":true,"href":"https:\/\/dadorana.ch\/fr\/wp-json\/wp\/v2\/media\/77886"}],"wp:attachment":[{"href":"https:\/\/dadorana.ch\/fr\/wp-json\/wp\/v2\/media?parent=77888"}],"wp:term":[{"taxonomy":"pwb-brand","embeddable":true,"href":"https:\/\/dadorana.ch\/fr\/wp-json\/wp\/v2\/pwb-brand?post=77888"},{"taxonomy":"product_brand","embeddable":true,"href":"https:\/\/dadorana.ch\/fr\/wp-json\/wp\/v2\/product_brand?post=77888"},{"taxonomy":"product_cat","embeddable":true,"href":"https:\/\/dadorana.ch\/fr\/wp-json\/wp\/v2\/product_cat?post=77888"},{"taxonomy":"product_tag","embeddable":true,"href":"https:\/\/dadorana.ch\/fr\/wp-json\/wp\/v2\/product_tag?post=77888"}],"curies":[{"name":"wp","href":"https:\/\/api.w.org\/{rel}","templated":true}]}}