{"id":78039,"date":"2026-05-02T05:00:56","date_gmt":"2026-05-02T03:00:56","guid":{"rendered":"https:\/\/dadorana.ch\/produkt\/ferplast-feedy-futtercontainer\/"},"modified":"2026-05-02T18:05:13","modified_gmt":"2026-05-02T16:05:13","slug":"ferplast-feedy-conteneur-daliments","status":"publish","type":"product","link":"https:\/\/dadorana.ch\/fr\/produit\/ferplast-feedy-conteneur-daliments\/","title":{"rendered":"Ferplast Feedy Conteneur d\u2019aliments"},"content":{"rendered":"<p>La nourriture de votre chien doit rester fra\u00eeche et croustillante \u2013 alors la bo\u00eete Feedy de Ferplast est parfaite. Dans ce <strong>contenant en plastique<\/strong>, 5 kg de nourriture s\u00e8che peuvent \u00eatre stock\u00e9s de mani\u00e8re optimale.<\/p>\n<p>Le couvercle et le seau sont munis d&rsquo;un <strong>joint.<\/strong> Ainsi, la nourriture peut\u00a0 \u00eatre <strong>conserv\u00e9e s\u00e8che et, surtout, pendant longtemps<\/strong>, les odeurs peuvent \u00eatre \u00e9vit\u00e9es. Il y a une poign\u00e9e dans le couvercle du bac \u00e0 alimentation Feedy qui facilite son ouverture. Avec ce tonneau moderne et pratique, vous pouvez toujours offrir \u00e0 votre fid\u00e8le ami \u00e0 quatre pattes un d\u00e9lice culinaire frais et croustillant.<\/p>\n<p><strong>Bacs \u00e0 alimentation Ferplast Feedy en un coup d&rsquo;\u0153il :<\/strong><\/p>\n<ul>\n<li>Contenants pour stocker la nourriture s\u00e8che<\/li>\n<li>Pour des plats frais et croustillants<\/li>\n<li><strong>Scellez le couvercle et le seau<\/strong> pour conserver la nourriture longtemps<\/li>\n<li><strong>Une poign\u00e9e pratique dans le couvercle<\/strong> facilite l&rsquo;ouverture du bac<\/li>\n<li><strong>Fabriqu\u00e9 en Italie<\/strong><\/li>\n<li><strong>Couleur : <\/strong>blanc barrique, couvercle vari\u00e9 (gris, vert, rouge)<\/li>\n<li><strong>Mat\u00e9riau :<\/strong> plastique<\/li>\n<li><strong>Dimensions : <\/strong>26,5 x 24 x 35,5 cm<\/li>\n<li><strong>Ouverture :<\/strong> L 23 x F 20 cm<\/li>\n<li><strong>Capacit\u00e9 : <\/strong>13 litres \u2013 jusqu&rsquo;\u00e0 5 kg de nourriture s\u00e8che<\/li>\n<\/ul>\n","protected":false},"excerpt":{"rendered":"<p><span style=\"color: #ff8800;\"><strong>Contenants vari\u00e9s et pratiques :<\/strong><\/span><\/p>\n<ul>\n<li><span style=\"color: #ff8800;\"><strong>Couleur :<\/strong> vari\u00e9e<\/span><\/li>\n<li><span style=\"color: #ff8800;\">Contenants en plastique pour la nourriture s\u00e8che<\/span><\/li>\n<li><span style=\"color: #ff8800;\"><strong>Garder vos aliments frais et croustillants pendant de longues p\u00e9riodes<\/strong><\/span><\/li>\n<li><span style=\"color: #ff8800;\"><strong>Avec couvercle et joint de seau<\/strong><\/span><\/li>\n<li><span style=\"color: #ff8800;\">Poign\u00e9e int\u00e9gr\u00e9e dans le couvercle pour une ouverture facile<\/span><\/li>\n<\/ul>\n","protected":false},"featured_media":78036,"template":"","meta":[],"pwb-brand":[8579],"product_brand":[8584],"product_cat":[7219,7831,7238,7155,7167],"product_tag":[],"class_list":{"0":"post-78039","1":"product","2":"type-product","3":"status-publish","4":"has-post-thumbnail","6":"pwb-brand-ferplast","7":"product_brand-ferplast","8":"product_cat-accessoires","9":"product_cat-accessoires-chat","10":"product_cat-chats","11":"product_cat-chiens","12":"product_cat-tous","13":"pa_brand-ferplast","14":"pa_haustier-chat","15":"pa_haustier-chien-2","16":"pa_marke-ferplast","17":"pa_ursprungsland-italie","18":"pa_z_cat2-zubehoer","19":"pa_z_categorie-tierbedarf","20":"pa_z_product_type-futterbehaelter","21":"pa_zubehoer-recipient-pour-nourrir","23":"first","24":"instock","25":"taxable","26":"shipping-taxable","27":"purchasable","28":"product-type-simple"},"brands":[{"id":8579,"name":"Ferplast","slug":"ferplast"}],"meta_box":{"lieferant":"Businesscom","lieferanten_email":"","produktzusammensetzung":"","restock_quantities_galaxus":"5","galaxus_restock_time":"21","galaxus_restock_date":"","galaxus_preis":"","export":"Nein","signalwort":[],"gefahrenpiktogramm":[],"gefahrenhinweise":[]},"_links":{"self":[{"href":"https:\/\/dadorana.ch\/fr\/wp-json\/wp\/v2\/product\/78039","targetHints":{"allow":["GET"]}}],"collection":[{"href":"https:\/\/dadorana.ch\/fr\/wp-json\/wp\/v2\/product"}],"about":[{"href":"https:\/\/dadorana.ch\/fr\/wp-json\/wp\/v2\/types\/product"}],"version-history":[{"count":3,"href":"https:\/\/dadorana.ch\/fr\/wp-json\/wp\/v2\/product\/78039\/revisions"}],"predecessor-version":[{"id":78121,"href":"https:\/\/dadorana.ch\/fr\/wp-json\/wp\/v2\/product\/78039\/revisions\/78121"}],"wp:featuredmedia":[{"embeddable":true,"href":"https:\/\/dadorana.ch\/fr\/wp-json\/wp\/v2\/media\/78036"}],"wp:attachment":[{"href":"https:\/\/dadorana.ch\/fr\/wp-json\/wp\/v2\/media?parent=78039"}],"wp:term":[{"taxonomy":"pwb-brand","embeddable":true,"href":"https:\/\/dadorana.ch\/fr\/wp-json\/wp\/v2\/pwb-brand?post=78039"},{"taxonomy":"product_brand","embeddable":true,"href":"https:\/\/dadorana.ch\/fr\/wp-json\/wp\/v2\/product_brand?post=78039"},{"taxonomy":"product_cat","embeddable":true,"href":"https:\/\/dadorana.ch\/fr\/wp-json\/wp\/v2\/product_cat?post=78039"},{"taxonomy":"product_tag","embeddable":true,"href":"https:\/\/dadorana.ch\/fr\/wp-json\/wp\/v2\/product_tag?post=78039"}],"curies":[{"name":"wp","href":"https:\/\/api.w.org\/{rel}","templated":true}]}}