{"id":78046,"date":"2026-05-02T06:00:18","date_gmt":"2026-05-02T04:00:18","guid":{"rendered":"https:\/\/dadorana.ch\/produkt\/freezack-round-flip-futterbehaelter-pet-food\/"},"modified":"2026-05-02T18:05:40","modified_gmt":"2026-05-02T16:05:40","slug":"freezack-round-flip-conteneur-daliment-pet-food","status":"publish","type":"product","link":"https:\/\/dadorana.ch\/fr\/produit\/freezack-round-flip-conteneur-daliment-pet-food\/","title":{"rendered":"Freezack Round Flip Conteneur d\u2019aliment \u2013 \u00ab\u00a0Pet Food\u00a0\u00bb"},"content":{"rendered":"<p>R\u00e9cipient de stockage pratique en plastique avec fermeture \u00e0 clip en forme de patte. La nourriture ou les friandises restent ainsi longtemps fra\u00eeches et croustillantes. L&rsquo;imprim\u00e9 styl\u00e9 sur le devant attire tous les regards.<\/p>\n<p>Les Bo\u00eetes sont empilables et faciles \u00e0 nettoyer.<\/p>\n<p><strong>Avantages :<\/strong><\/p>\n<ul>\n<li>joli design<\/li>\n<li>fermeture \u00e9tanche \u00e0 l&rsquo;air<\/li>\n<li>empilable<\/li>\n<\/ul>\n<p><strong>Conseils d&rsquo;entretien :<\/strong><\/p>\n<ul>\n<li>passe au lave-vaisselle dans le compartiment sup\u00e9rieur<\/li>\n<li>le couvercle doit \u00eatre lav\u00e9 \u00e0 la main<\/li>\n<li>ne convient pas au four \u00e0 micro-ondes<\/li>\n<\/ul>\n","protected":false},"excerpt":{"rendered":"<ul>\n<li><span style=\"color: #ff8800;\"><strong>D\u00e9couvrez le Container Round Flip de Freezack :<\/strong> une solution de stockage \u00e9l\u00e9gante, durable et pratique pour les aliments pour animaux de compagnie, avec un couvercle rabattable pour un acc\u00e8s facile et une fra\u00eecheur optimale.<\/span><\/li>\n<\/ul>\n","protected":false},"featured_media":78045,"template":"","meta":[],"pwb-brand":[7781],"product_brand":[7782],"product_cat":[7219,7831,7238,7155,7167],"product_tag":[],"class_list":{"0":"post-78046","1":"product","2":"type-product","3":"status-publish","4":"has-post-thumbnail","6":"pwb-brand-freezack","7":"product_brand-freezack","8":"product_cat-accessoires","9":"product_cat-accessoires-chat","10":"product_cat-chats","11":"product_cat-chiens","12":"product_cat-tous","13":"pa_brand-freezack","14":"pa_farbe-blanc","15":"pa_haustier-chat","16":"pa_haustier-chien-2","17":"pa_marke-freezack","18":"pa_ursprungsland-taiwan","19":"pa_z_cat2-zubehoer","20":"pa_z_categorie-tierbedarf","21":"pa_z_product_type-futterbehaelter","22":"pa_zubehoer-recipient-pour-nourrir","24":"first","25":"instock","26":"taxable","27":"shipping-taxable","28":"purchasable","29":"product-type-simple"},"brands":[{"id":7781,"name":"Freezack","slug":"freezack"}],"meta_box":{"lieferant":"Businesscom","lieferanten_email":"","produktzusammensetzung":"","restock_quantities_galaxus":"5","galaxus_restock_time":"21","galaxus_restock_date":"","galaxus_preis":"","export":"Nein","signalwort":[],"gefahrenpiktogramm":[],"gefahrenhinweise":[]},"_links":{"self":[{"href":"https:\/\/dadorana.ch\/fr\/wp-json\/wp\/v2\/product\/78046","targetHints":{"allow":["GET"]}}],"collection":[{"href":"https:\/\/dadorana.ch\/fr\/wp-json\/wp\/v2\/product"}],"about":[{"href":"https:\/\/dadorana.ch\/fr\/wp-json\/wp\/v2\/types\/product"}],"version-history":[{"count":3,"href":"https:\/\/dadorana.ch\/fr\/wp-json\/wp\/v2\/product\/78046\/revisions"}],"predecessor-version":[{"id":78049,"href":"https:\/\/dadorana.ch\/fr\/wp-json\/wp\/v2\/product\/78046\/revisions\/78049"}],"wp:featuredmedia":[{"embeddable":true,"href":"https:\/\/dadorana.ch\/fr\/wp-json\/wp\/v2\/media\/78045"}],"wp:attachment":[{"href":"https:\/\/dadorana.ch\/fr\/wp-json\/wp\/v2\/media?parent=78046"}],"wp:term":[{"taxonomy":"pwb-brand","embeddable":true,"href":"https:\/\/dadorana.ch\/fr\/wp-json\/wp\/v2\/pwb-brand?post=78046"},{"taxonomy":"product_brand","embeddable":true,"href":"https:\/\/dadorana.ch\/fr\/wp-json\/wp\/v2\/product_brand?post=78046"},{"taxonomy":"product_cat","embeddable":true,"href":"https:\/\/dadorana.ch\/fr\/wp-json\/wp\/v2\/product_cat?post=78046"},{"taxonomy":"product_tag","embeddable":true,"href":"https:\/\/dadorana.ch\/fr\/wp-json\/wp\/v2\/product_tag?post=78046"}],"curies":[{"name":"wp","href":"https:\/\/api.w.org\/{rel}","templated":true}]}}