{"id":78066,"date":"2026-05-02T06:45:53","date_gmt":"2026-05-02T04:45:53","guid":{"rendered":"https:\/\/dadorana.ch\/produkt\/freezack-square-flip-futterbehaelter-pet-food\/"},"modified":"2026-05-02T18:06:43","modified_gmt":"2026-05-02T16:06:43","slug":"freezack-square-flip-conteneur-daliment-pet-food","status":"publish","type":"product","link":"https:\/\/dadorana.ch\/fr\/produit\/freezack-square-flip-conteneur-daliment-pet-food\/","title":{"rendered":"Freezack Square Flip Conteneur d\u2019aliment \u2013 \u00ab\u00a0Pet Food\u00a0\u00bb"},"content":{"rendered":"<p>R\u00e9cipient de stockage pratique en plastique avec fermeture \u00e0 clip en forme de patte. La nourriture ou les friandises restent ainsi longtemps fra\u00eeches et croustillantes. L&rsquo;imprim\u00e9 styl\u00e9 sur le devant attire tous les regards.<\/p>\n<p>Les Bo\u00eetes sont empilables et faciles \u00e0 nettoyer.<\/p>\n<p><strong>Avantages :<\/strong><\/p>\n<ul>\n<li>joli design<\/li>\n<li>fermeture \u00e9tanche \u00e0 l&rsquo;air<\/li>\n<li>empilable<\/li>\n<\/ul>\n<p><strong>Conseils d&rsquo;entretien :<\/strong><\/p>\n<ul>\n<li>passe au lave-vaisselle dans le compartiment sup\u00e9rieur<\/li>\n<li>le couvercle doit \u00eatre lav\u00e9 \u00e0 la main<\/li>\n<li>ne convient pas au four \u00e0 micro-ondes<\/li>\n<\/ul>\n<p><strong>Taille :<\/strong><\/p>\n<ul>\n<li>1000 ml \/ 13\u202fx 13\u202fx\u202f13\u202fcm<\/li>\n<li>1700 ml \/ 12,8 x 18 x 12,6 cm<\/li>\n<li>2400 ml \/ 12,5 x 23 x 12,6 cm<\/li>\n<\/ul>\n","protected":false},"excerpt":{"rendered":"<ul>\n<li><span style=\"color: #ff8800;\">R\u00e9cipient herm\u00e9tique avec couvercle \u00e0 charni\u00e8re Square Flip<\/span><\/li>\n<\/ul>\n","protected":false},"featured_media":78065,"template":"","meta":[],"pwb-brand":[7781],"product_brand":[7782],"product_cat":[7219,7831,7238,7155,7167],"product_tag":[],"class_list":{"0":"post-78066","1":"product","2":"type-product","3":"status-publish","4":"has-post-thumbnail","6":"pwb-brand-freezack","7":"product_brand-freezack","8":"product_cat-accessoires","9":"product_cat-accessoires-chat","10":"product_cat-chats","11":"product_cat-chiens","12":"product_cat-tous","14":"first","15":"instock","16":"taxable","17":"shipping-taxable","18":"purchasable","19":"product-type-variable"},"brands":[{"id":7781,"name":"Freezack","slug":"freezack"}],"meta_box":{"lieferant":"Businesscom","lieferanten_email":"","produktzusammensetzung":"","restock_quantities_galaxus":"5","galaxus_restock_time":"21","galaxus_restock_date":"","galaxus_preis":"","export":"Nein","signalwort":[],"gefahrenpiktogramm":[],"gefahrenhinweise":[]},"_links":{"self":[{"href":"https:\/\/dadorana.ch\/fr\/wp-json\/wp\/v2\/product\/78066","targetHints":{"allow":["GET"]}}],"collection":[{"href":"https:\/\/dadorana.ch\/fr\/wp-json\/wp\/v2\/product"}],"about":[{"href":"https:\/\/dadorana.ch\/fr\/wp-json\/wp\/v2\/types\/product"}],"version-history":[{"count":2,"href":"https:\/\/dadorana.ch\/fr\/wp-json\/wp\/v2\/product\/78066\/revisions"}],"predecessor-version":[{"id":78071,"href":"https:\/\/dadorana.ch\/fr\/wp-json\/wp\/v2\/product\/78066\/revisions\/78071"}],"wp:featuredmedia":[{"embeddable":true,"href":"https:\/\/dadorana.ch\/fr\/wp-json\/wp\/v2\/media\/78065"}],"wp:attachment":[{"href":"https:\/\/dadorana.ch\/fr\/wp-json\/wp\/v2\/media?parent=78066"}],"wp:term":[{"taxonomy":"pwb-brand","embeddable":true,"href":"https:\/\/dadorana.ch\/fr\/wp-json\/wp\/v2\/pwb-brand?post=78066"},{"taxonomy":"product_brand","embeddable":true,"href":"https:\/\/dadorana.ch\/fr\/wp-json\/wp\/v2\/product_brand?post=78066"},{"taxonomy":"product_cat","embeddable":true,"href":"https:\/\/dadorana.ch\/fr\/wp-json\/wp\/v2\/product_cat?post=78066"},{"taxonomy":"product_tag","embeddable":true,"href":"https:\/\/dadorana.ch\/fr\/wp-json\/wp\/v2\/product_tag?post=78066"}],"curies":[{"name":"wp","href":"https:\/\/api.w.org\/{rel}","templated":true}]}}