{"id":78074,"date":"2026-05-02T07:00:57","date_gmt":"2026-05-02T05:00:57","guid":{"rendered":"https:\/\/dadorana.ch\/produkt\/freezack-futterbehaelter-life-is-better-with-pets\/"},"modified":"2026-05-02T15:15:00","modified_gmt":"2026-05-02T13:15:00","slug":"freezack-conteneur-daliment-life-is-better-with-pets","status":"publish","type":"product","link":"https:\/\/dadorana.ch\/fr\/produit\/freezack-conteneur-daliment-life-is-better-with-pets\/","title":{"rendered":"Freezack Conteneur d\u2019aliment \u2013 \u00ab\u00a0Life is better with pets\u00a0\u00bb"},"content":{"rendered":"<p>Ce conteneur de nourriture de Freezack est id\u00e9al pour conserver les aliments secs afin qu&rsquo;ils restent croustillants et frais le plus longtemps possible.<br \/>La pelle pratique facilite la mesure de la quantit\u00e9 de nourriture. Le conteneur est blanc, d\u00e9cor\u00e9 d&rsquo;une jolie inscription et a une capacit\u00e9 de 14 litres.<\/p>\n<p><strong>Avantages :<\/strong><\/p>\n<ul>\n<li>Conteneur d&rsquo;aliments pour animaux secs<\/li>\n<li>Fermeture \u00e9tanche \u00e0 l&rsquo;air<\/li>\n<li>Pelle pratique incluse<\/li>\n<\/ul>\n<p><strong>Conseils d&rsquo;entretien :<\/strong><\/p>\n<ul>\n<li>Laver \u00e0 la main<\/li>\n<li>Ne convient pas au four \u00e0 micro-ondes<\/li>\n<\/ul>\n","protected":false},"excerpt":{"rendered":"<ul>\n<li><span style=\"color: #ff8800;\">Conteneur d&rsquo;aliments pour animaux secs, pelle incluse<\/span><\/li>\n<\/ul>\n","protected":false},"featured_media":78073,"template":"","meta":[],"pwb-brand":[7781],"product_brand":[7782],"product_cat":[7219,7155,7167],"product_tag":[],"class_list":{"0":"post-78074","1":"product","2":"type-product","3":"status-publish","4":"has-post-thumbnail","6":"pwb-brand-freezack","7":"product_brand-freezack","8":"product_cat-accessoires","9":"product_cat-chiens","10":"product_cat-tous","11":"pa_brand-freezack","12":"pa_farbe-blanc","13":"pa_haustier-chien-2","14":"pa_marke-freezack","15":"pa_ursprungsland-chine","16":"pa_z_cat2-zubehoer","17":"pa_z_categorie-tierbedarf","18":"pa_z_product_type-futterbehaelter","19":"pa_zubehoer-recipient-pour-nourrir","21":"first","22":"instock","23":"taxable","24":"shipping-taxable","25":"purchasable","26":"product-type-simple"},"brands":[{"id":7781,"name":"Freezack","slug":"freezack"}],"meta_box":{"lieferant":"Businesscom","lieferanten_email":"","produktzusammensetzung":"","restock_quantities_galaxus":"5","galaxus_restock_time":"21","galaxus_restock_date":"","galaxus_preis":"","export":"Nein","signalwort":[],"gefahrenpiktogramm":[],"gefahrenhinweise":[]},"_links":{"self":[{"href":"https:\/\/dadorana.ch\/fr\/wp-json\/wp\/v2\/product\/78074","targetHints":{"allow":["GET"]}}],"collection":[{"href":"https:\/\/dadorana.ch\/fr\/wp-json\/wp\/v2\/product"}],"about":[{"href":"https:\/\/dadorana.ch\/fr\/wp-json\/wp\/v2\/types\/product"}],"version-history":[{"count":1,"href":"https:\/\/dadorana.ch\/fr\/wp-json\/wp\/v2\/product\/78074\/revisions"}],"predecessor-version":[{"id":78075,"href":"https:\/\/dadorana.ch\/fr\/wp-json\/wp\/v2\/product\/78074\/revisions\/78075"}],"wp:featuredmedia":[{"embeddable":true,"href":"https:\/\/dadorana.ch\/fr\/wp-json\/wp\/v2\/media\/78073"}],"wp:attachment":[{"href":"https:\/\/dadorana.ch\/fr\/wp-json\/wp\/v2\/media?parent=78074"}],"wp:term":[{"taxonomy":"pwb-brand","embeddable":true,"href":"https:\/\/dadorana.ch\/fr\/wp-json\/wp\/v2\/pwb-brand?post=78074"},{"taxonomy":"product_brand","embeddable":true,"href":"https:\/\/dadorana.ch\/fr\/wp-json\/wp\/v2\/product_brand?post=78074"},{"taxonomy":"product_cat","embeddable":true,"href":"https:\/\/dadorana.ch\/fr\/wp-json\/wp\/v2\/product_cat?post=78074"},{"taxonomy":"product_tag","embeddable":true,"href":"https:\/\/dadorana.ch\/fr\/wp-json\/wp\/v2\/product_tag?post=78074"}],"curies":[{"name":"wp","href":"https:\/\/api.w.org\/{rel}","templated":true}]}}