{"id":78151,"date":"2026-05-02T07:45:12","date_gmt":"2026-05-02T05:45:12","guid":{"rendered":"https:\/\/dadorana.ch\/produkt\/bepure-airtight-pet-food-container-futterbehaelter\/"},"modified":"2026-05-03T13:53:39","modified_gmt":"2026-05-03T11:53:39","slug":"bepure-airtight-pet-food-container-conteneur-daliment","status":"publish","type":"product","link":"https:\/\/dadorana.ch\/fr\/produit\/bepure-airtight-pet-food-container-conteneur-daliment\/","title":{"rendered":"bePure Airtight Pet Food Container conteneur d\u2019aliment"},"content":{"rendered":"<p>Avec le\u00a0<strong>conteneur pour aliments pour<\/strong>\u00a0chiens et chats\u00a0<strong>bePure Airtight Pet Food Container<\/strong>, vous conservez les aliments pour chiens et chats en toute s\u00e9curit\u00e9, proprement et avec style. Le couvercle \u00e0 fermeture herm\u00e9tique conserve longtemps la fra\u00eecheur et l&rsquo;ar\u00f4me de la nourriture. Une louche de dosage est fournie pour faciliter le dosage.<\/p>\n<p>Gr\u00e2ce aux roulettes, le r\u00e9cipient est facile \u00e0 d\u00e9placer et son design sobre s&rsquo;adapte \u00e0 tous les int\u00e9rieurs. Le plastique robuste de qualit\u00e9 alimentaire est facile \u00e0 entretenir \u2013 id\u00e9al pour une utilisation quotidienne.<\/p>\n<p><strong>Avantages :<\/strong><\/p>\n<ul>\n<li>couvercle \u00e9tanche \u00e0 l&rsquo;air pour une longue fra\u00eecheur<\/li>\n<li>louche de dosage incluse<\/li>\n<li>facile \u00e0 d\u00e9placer gr\u00e2ce aux roulettes<\/li>\n<li>plastique hygi\u00e9nique et facile \u00e0 entretenir<\/li>\n<li>design moderne et intemporel<\/li>\n<\/ul>\n<p><strong>Mat\u00e9riau :<\/strong>\u00a0plastique sans BPA<br \/><strong>Volume de remplissage :<\/strong>\u00a030 litres<\/p>\n<p><strong>Dimensions :<\/strong><\/p>\n<ul>\n<li><strong>L x l :<\/strong>\u00a033 x 23 cm<\/li>\n<li><strong>Hauteur sans les roues :\u00a0<\/strong>42 cm<\/li>\n<li><strong>Hauteur avec roues :<\/strong> 45,5 cm<\/li>\n<\/ul>\n<p><strong>Entretien :<\/strong>\u00a0peut \u00eatre nettoy\u00e9 avec un chiffon humide<\/p>\n","protected":false},"excerpt":{"rendered":"<ul>\n<li><span style=\"color: #ff8800;\">Conteneur d&rsquo;aliments avec louche de dosage<\/span><\/li>\n<\/ul>\n<p>&nbsp;<\/p>\n","protected":false},"featured_media":78150,"template":"","meta":[],"pwb-brand":[7769],"product_brand":[7770],"product_cat":[7219,7831,7238,7155,7167],"product_tag":[],"class_list":{"0":"post-78151","1":"product","2":"type-product","3":"status-publish","4":"has-post-thumbnail","6":"pwb-brand-bepure","7":"product_brand-bepure","8":"product_cat-accessoires","9":"product_cat-accessoires-chat","10":"product_cat-chats","11":"product_cat-chiens","12":"product_cat-tous","13":"pa_brand-bepure","14":"pa_haustier-chat","15":"pa_haustier-chien-2","16":"pa_marke-bepure","17":"pa_ursprungsland-chine","18":"pa_z_cat2-zubehoer","19":"pa_z_categorie-tierbedarf","20":"pa_z_product_type-futterbehaelter","21":"pa_zubehoer-recipient-pour-nourrir","23":"first","24":"instock","25":"taxable","26":"shipping-taxable","27":"purchasable","28":"product-type-simple"},"brands":[{"id":7769,"name":"bePure","slug":"bepure"}],"meta_box":{"lieferant":"Businesscom","lieferanten_email":"","produktzusammensetzung":"","restock_quantities_galaxus":"5","galaxus_restock_time":"21","galaxus_restock_date":"","galaxus_preis":"","export":"Nein","signalwort":[],"gefahrenpiktogramm":[],"gefahrenhinweise":[]},"_links":{"self":[{"href":"https:\/\/dadorana.ch\/fr\/wp-json\/wp\/v2\/product\/78151","targetHints":{"allow":["GET"]}}],"collection":[{"href":"https:\/\/dadorana.ch\/fr\/wp-json\/wp\/v2\/product"}],"about":[{"href":"https:\/\/dadorana.ch\/fr\/wp-json\/wp\/v2\/types\/product"}],"version-history":[{"count":3,"href":"https:\/\/dadorana.ch\/fr\/wp-json\/wp\/v2\/product\/78151\/revisions"}],"predecessor-version":[{"id":78155,"href":"https:\/\/dadorana.ch\/fr\/wp-json\/wp\/v2\/product\/78151\/revisions\/78155"}],"wp:featuredmedia":[{"embeddable":true,"href":"https:\/\/dadorana.ch\/fr\/wp-json\/wp\/v2\/media\/78150"}],"wp:attachment":[{"href":"https:\/\/dadorana.ch\/fr\/wp-json\/wp\/v2\/media?parent=78151"}],"wp:term":[{"taxonomy":"pwb-brand","embeddable":true,"href":"https:\/\/dadorana.ch\/fr\/wp-json\/wp\/v2\/pwb-brand?post=78151"},{"taxonomy":"product_brand","embeddable":true,"href":"https:\/\/dadorana.ch\/fr\/wp-json\/wp\/v2\/product_brand?post=78151"},{"taxonomy":"product_cat","embeddable":true,"href":"https:\/\/dadorana.ch\/fr\/wp-json\/wp\/v2\/product_cat?post=78151"},{"taxonomy":"product_tag","embeddable":true,"href":"https:\/\/dadorana.ch\/fr\/wp-json\/wp\/v2\/product_tag?post=78151"}],"curies":[{"name":"wp","href":"https:\/\/api.w.org\/{rel}","templated":true}]}}