{"id":78196,"date":"2026-05-02T08:45:07","date_gmt":"2026-05-02T06:45:07","guid":{"rendered":"https:\/\/dadorana.ch\/produkt\/aqua-coolkeeper-kuehlendes-halsband-pacific-blue-fuer-hunde\/"},"modified":"2026-05-03T15:10:25","modified_gmt":"2026-05-03T13:10:25","slug":"aqua-coolkeeper-kuehlendes-halsband-pacific-blue-fuer-hunde","status":"publish","type":"product","link":"https:\/\/dadorana.ch\/fr\/produit\/aqua-coolkeeper-kuehlendes-halsband-pacific-blue-fuer-hunde\/","title":{"rendered":"Aqua Coolkeeper Collier rafra\u00eechissant Pacific Blue pour chiens"},"content":{"rendered":"<p>Le\u00a0<strong>collier r\u00e9frig\u00e9rant Aqua Coolkeeper Pacific Blue<\/strong>\u00a0est id\u00e9al pour l&rsquo;\u00e9t\u00e9. Offrez \u00e0 votre chien un rafra\u00eechissement agr\u00e9able pendant les journ\u00e9es chaudes.<\/p>\n<p>Les jours de chaleur ne sont pas amusants pour les chiens, qui n&rsquo;ont presque pas de glandes sudoripares. Le collier aide votre chien \u00e0 se rafra\u00eechir lorsqu&rsquo;il fait chaud, en voyage, \u00e0 l&rsquo;entra\u00eenement, etc.<\/p>\n<p>Lorsque vous plongez le collier dans l&rsquo;eau, l&rsquo;Hydro-Quartz sp\u00e9cialement con\u00e7u \u00e0 l&rsquo;int\u00e9rieur du produit est activ\u00e9 et forme un gel rafra\u00eechissant. Ce gel rafra\u00eechissant Hydro-Quartz absorbe la chaleur corporelle de votre chien et la laisse s&rsquo;\u00e9vaporer. Cela permet d&rsquo;obtenir un refroidissement imm\u00e9diat et durable.<\/p>\n<p>Le collier Aqua Coolkeeper reste frais jusqu&rsquo;\u00e0 5 jours !<\/p>\n<p><strong>Taille\u00a0 \u00a0 \u00a0 \u00a0 \u00a0 \u00a0 \u00a0 \u00a0 \u00a0 \u00a0 \u00a0 \u00a0 \u00a0 \u00a0 \u00a0 \u00a0 \u00a0Cou<\/strong><\/p>\n<p>XS\u00a0\u00a0\u00a0\u00a0\u00a0\u00a0\u00a0\u00a0\u00a0\u00a0\u00a0\u00a0\u00a0\u00a0\u00a0\u00a0\u00a0\u00a0\u00a0\u00a0\u00a0\u00a0\u00a0\u00a0\u00a0\u00a0\u00a0\u00a0\u00a0\u00a0\u00a0\u00a0\u00a0\u00a0\u00a0\u00a0\u00a0\u00a0\u00a0\u00a0\u00a0 16 \u2013 19 cm<\/p>\n<p>S\u00a0\u00a0\u00a0\u00a0\u00a0\u00a0\u00a0\u00a0\u00a0\u00a0\u00a0\u00a0\u00a0\u00a0\u00a0\u00a0\u00a0\u00a0\u00a0\u00a0\u00a0\u00a0\u00a0\u00a0\u00a0\u00a0\u00a0\u00a0\u00a0\u00a0\u00a0\u00a0\u00a0\u00a0\u00a0\u00a0\u00a0\u00a0\u00a0\u00a0\u00a0\u00a0\u00a0\u00a0 25 \u2013 29 cm<\/p>\n<p>M\u00a0\u00a0\u00a0\u00a0\u00a0\u00a0\u00a0\u00a0\u00a0\u00a0\u00a0\u00a0\u00a0\u00a0\u00a0\u00a0\u00a0\u00a0\u00a0\u00a0\u00a0\u00a0\u00a0\u00a0\u00a0\u00a0\u00a0\u00a0\u00a0\u00a0\u00a0\u00a0\u00a0\u00a0\u00a0\u00a0\u00a0\u00a0\u00a0\u00a0\u00a0\u00a0 30 \u2013 34 cm<\/p>\n<p>L\u00a0\u00a0\u00a0\u00a0\u00a0\u00a0\u00a0\u00a0\u00a0\u00a0\u00a0\u00a0\u00a0\u00a0\u00a0\u00a0\u00a0\u00a0\u00a0\u00a0\u00a0\u00a0\u00a0\u00a0\u00a0\u00a0\u00a0\u00a0\u00a0\u00a0\u00a0\u00a0\u00a0\u00a0\u00a0\u00a0\u00a0\u00a0\u00a0\u00a0\u00a0\u00a0\u00a0\u00a0 35 \u2013 45 cm<\/p>\n<p>XL\u00a0 \u00a0 \u00a0 \u00a0 \u00a0 \u00a0 \u00a0 \u00a0 \u00a0 \u00a0 \u00a0 \u00a0 \u00a0 \u00a0 \u00a0 \u00a0 \u00a0 \u00a0 \u00a0 \u00a0 \u00a0 46 \u2013 53 cm<\/p>\n<p>XXL\u00a0 \u00a0 \u00a0 \u00a0 \u00a0 \u00a0 \u00a0 \u00a0 \u00a0 \u00a0 \u00a0 \u00a0 \u00a0 \u00a0 \u00a0 \u00a0 \u00a0 \u00a0 \u00a0 \u00a054 \u2013 61 cm<\/p>\n","protected":false},"excerpt":{"rendered":"<ul>\n<li><span style=\"color: #ff8800;\">Avec un gel de refroidissement actif \u00e0 l&rsquo;int\u00e9rieur, qui rafra\u00eechit en cas de chaleur, id\u00e9al pour l&rsquo;\u00e9t\u00e9<\/span><\/li>\n<\/ul>\n","protected":false},"featured_media":78194,"template":"","meta":[],"pwb-brand":[8577],"product_brand":[8582],"product_cat":[7155,7219,7239,7167,8650],"product_tag":[],"class_list":{"0":"post-78196","1":"product","2":"type-product","3":"status-publish","4":"has-post-thumbnail","6":"pwb-brand-aqua-coolkeeper","7":"product_brand-aqua-coolkeeper","8":"product_cat-chiens","9":"product_cat-accessoires","10":"product_cat-collier-pour-chien","11":"product_cat-tous","12":"product_cat-vetements","13":"pa_brand-aqua-coolkeeper","14":"pa_farbe-bleu","15":"pa_haustier-chien-2","16":"pa_marke-aqua-coolkeeper","17":"pa_ursprungsland-chine","18":"pa_z_cat2-zubehoer","19":"pa_z_categorie-tierbedarf","20":"pa_z_product_type-bekleidung","21":"pa_z_product_type-halsband","22":"pa_zubehoer-collier","23":"pa_zubehoer-vetements","25":"first","26":"instock","27":"taxable","28":"shipping-taxable","29":"purchasable","30":"product-type-variable"},"brands":[{"id":8577,"name":"Aqua Coolkeeper","slug":"aqua-coolkeeper"}],"meta_box":{"lieferant":"Businesscom","lieferanten_email":"","produktzusammensetzung":"","restock_quantities_galaxus":"5","galaxus_restock_time":"21","galaxus_restock_date":"","galaxus_preis":"","export":"Nein","signalwort":[],"gefahrenpiktogramm":[],"gefahrenhinweise":[]},"_links":{"self":[{"href":"https:\/\/dadorana.ch\/fr\/wp-json\/wp\/v2\/product\/78196","targetHints":{"allow":["GET"]}}],"collection":[{"href":"https:\/\/dadorana.ch\/fr\/wp-json\/wp\/v2\/product"}],"about":[{"href":"https:\/\/dadorana.ch\/fr\/wp-json\/wp\/v2\/types\/product"}],"version-history":[{"count":4,"href":"https:\/\/dadorana.ch\/fr\/wp-json\/wp\/v2\/product\/78196\/revisions"}],"predecessor-version":[{"id":78203,"href":"https:\/\/dadorana.ch\/fr\/wp-json\/wp\/v2\/product\/78196\/revisions\/78203"}],"wp:featuredmedia":[{"embeddable":true,"href":"https:\/\/dadorana.ch\/fr\/wp-json\/wp\/v2\/media\/78194"}],"wp:attachment":[{"href":"https:\/\/dadorana.ch\/fr\/wp-json\/wp\/v2\/media?parent=78196"}],"wp:term":[{"taxonomy":"pwb-brand","embeddable":true,"href":"https:\/\/dadorana.ch\/fr\/wp-json\/wp\/v2\/pwb-brand?post=78196"},{"taxonomy":"product_brand","embeddable":true,"href":"https:\/\/dadorana.ch\/fr\/wp-json\/wp\/v2\/product_brand?post=78196"},{"taxonomy":"product_cat","embeddable":true,"href":"https:\/\/dadorana.ch\/fr\/wp-json\/wp\/v2\/product_cat?post=78196"},{"taxonomy":"product_tag","embeddable":true,"href":"https:\/\/dadorana.ch\/fr\/wp-json\/wp\/v2\/product_tag?post=78196"}],"curies":[{"name":"wp","href":"https:\/\/api.w.org\/{rel}","templated":true}]}}