{"id":78229,"date":"2026-05-02T09:00:48","date_gmt":"2026-05-02T07:00:48","guid":{"rendered":"https:\/\/dadorana.ch\/produkt\/all-for-paws-chill-out-life-jacket-schwimmweste-fuer-hunde\/"},"modified":"2026-05-04T12:27:41","modified_gmt":"2026-05-04T10:27:41","slug":"all-for-paws-chill-out-life-jacket-gilet-de-sauvetage-pour-chiens","status":"publish","type":"product","link":"https:\/\/dadorana.ch\/fr\/produit\/all-for-paws-chill-out-life-jacket-gilet-de-sauvetage-pour-chiens\/","title":{"rendered":"All for Paws Chill Out Life Jacket gilet de sauvetage pour chiens"},"content":{"rendered":"<p>Le\u00a0<strong>gilet de sauvetage Chill Out d&rsquo;All For Paws\u00a0<\/strong>est fabriqu\u00e9 en nylon ripstop, en filet alv\u00e9ol\u00e9 et en mousse, ce qui assure une flottabilit\u00e9 maximale. Des\u00a0<strong>sangles r\u00e9glables et des boucles lat\u00e9rales<\/strong>\u00a0assurent un ajustement s\u00fbr. Une\u00a0<strong>poign\u00e9e au dos<\/strong>\u00a0du gilet permet un acc\u00e8s facile et rapide. Le mat\u00e9riau r\u00e9fl\u00e9chissant assure une bonne visibilit\u00e9 pendant la natation.<\/p>\n<p><strong>Dimensions :<\/strong><\/p>\n<p><strong>\u00a0 \u00a0 \u00a0 \u00a0 \u00a0 \u00a0 \u00a0 \u00a0 \u00a0 \u00a0 \u00a0 \u00a0 \u00a0 \u00a0 \u00a0 \u00a0Tour de poitrine (cm)\u00a0 \u00a0 \u00a0 \u00a0 \u00a0 \u00a0 \u00a0 Longueur du dos (cm)\u00a0 \u00a0 \u00a0 \u00a0 \u00a0 \u00a0 \u00a0Tour de cou (cm)\u00a0 \u00a0 \u00a0 \u00a0 \u00a0Poids (kg)<\/strong><\/p>\n<p><strong>Taille S<\/strong> \u00a0\u00a0\u00a0\u00a0\u00a0\u00a0\u00a0\u00a0\u00a0\u00a0\u00a0\u00a0\u00a0\u00a0\u00a0 56 \u2013 69\u00a0 \u00a0 \u00a0 \u00a0 \u00a0 \u00a0 \u00a0 \u00a0 \u00a0 \u00a0 \u00a0 \u00a0 \u00a0 \u00a0 \u00a0 \u00a0 \u00a0 \u00a0 \u00a0 \u00a0 \u00a0 \u00a0 \u00a0 \u00a0 jusque 30\u00a0 \u00a0 \u00a0 \u00a0 \u00a0 \u00a0 \u00a0 \u00a0 \u00a0 \u00a0 \u00a0 \u00a0 \u00a0 \u00a0 \u00a0 \u00a0 \u00a0 \u00a0 \u00a0 \u00a0 \u00a0 \u00a038 \u2013 50 \u00a0\u00a0\u00a0\u00a0\u00a0\u00a0\u00a0\u00a0\u00a0\u00a0\u00a0\u00a0\u00a0\u00a0\u00a0\u00a0\u00a0\u00a0\u00a0\u00a0\u00a0\u00a0\u00a0\u00a0\u00a0\u00a0\u00a0\u00a0\u00a0\u00a0\u00a0 12 \u2013 25<\/p>\n<p><strong>Taille M<\/strong> \u00a0\u00a0\u00a0\u00a0\u00a0\u00a0\u00a0\u00a0\u00a0\u00a0\u00a0\u00a0\u00a0 69 \u2013 81\u00a0 \u00a0\u00a0\u00a0\u00a0\u00a0\u00a0\u00a0\u00a0\u00a0\u00a0\u00a0\u00a0\u00a0\u00a0\u00a0\u00a0\u00a0\u00a0\u00a0\u00a0\u00a0\u00a0\u00a0\u00a0\u00a0\u00a0\u00a0\u00a0\u00a0\u00a0 \u00a0\u00a0\u00a0\u00a0\u00a0\u00a0\u00a0\u00a0\u00a0\u00a0\u00a0\u00a0\u00a0\u00a0\u00a0 jusque 35.5\u00a0\u00a0\u00a0\u00a0\u00a0\u00a0 \u00a0\u00a0\u00a0\u00a0\u00a0\u00a0\u00a0\u00a0\u00a0\u00a0\u00a0\u00a0\u00a0\u00a0\u00a0 \u00a0\u00a0\u00a0\u00a0\u00a0\u00a0\u00a0\u00a0\u00a0\u00a0\u00a0\u00a0\u00a0\u00a0\u00a0 48 \u2013 58.5\u00a0 \u00a0 \u00a0 \u00a0 \u00a0 \u00a0 \u00a0 \u00a0 \u00a0 \u00a0 \u00a0 \u00a0 \u00a0 \u00a0 \u00a0 25 \u2013 39<\/p>\n<p><strong>Taille L<\/strong> \u00a0\u00a0\u00a0\u00a0\u00a0\u00a0\u00a0\u00a0\u00a0\u00a0\u00a0\u00a0\u00a0\u00a0\u00a0 81 \u2013 96.5\u00a0\u00a0\u00a0\u00a0\u00a0\u00a0\u00a0\u00a0\u00a0\u00a0\u00a0\u00a0 \u00a0\u00a0\u00a0\u00a0\u00a0\u00a0\u00a0\u00a0\u00a0\u00a0\u00a0\u00a0\u00a0\u00a0\u00a0 \u00a0\u00a0\u00a0\u00a0\u00a0\u00a0\u00a0\u00a0\u00a0\u00a0\u00a0\u00a0\u00a0\u00a0\u00a0 jusque 39\u00a0\u00a0\u00a0\u00a0\u00a0\u00a0\u00a0\u00a0\u00a0\u00a0 \u00a0\u00a0\u00a0\u00a0\u00a0\u00a0\u00a0\u00a0\u00a0\u00a0\u00a0\u00a0\u00a0\u00a0\u00a0 \u00a0\u00a0\u00a0\u00a0\u00a0\u00a0\u00a0\u00a0\u00a0\u00a0\u00a0\u00a0\u00a0\u00a0\u00a0 53 \u2013 68.5\u00a0\u00a0\u00a0\u00a0\u00a0\u00a0\u00a0\u00a0\u00a0\u00a0\u00a0\u00a0 \u00a0\u00a0\u00a0\u00a0\u00a0\u00a0\u00a0\u00a0\u00a0\u00a0\u00a0\u00a0\u00a0\u00a0\u00a0 39 \u2013 45<\/p>\n<p>&nbsp;<\/p>\n","protected":false},"excerpt":{"rendered":"<ul>\n<li><span style=\"color: #ff8800;\">Pour plus de s\u00e9curit\u00e9<\/span><\/li>\n<li><span style=\"color: #ff8800;\">Avec une poign\u00e9e de transport pratique au dos<\/span><\/li>\n<li><span style=\"color: #ff8800;\">Fabriqu\u00e9 en mat\u00e9riaux robustes<\/span><\/li>\n<li><span style=\"color: #ff8800;\">Couleur bleu vif pour une meilleure visibilit\u00e9<\/span><\/li>\n<li><span style=\"color: #ff8800;\">Fermetures \u00e0 pression r\u00e9glables<\/span><\/li>\n<\/ul>\n","protected":false},"featured_media":78225,"template":"","meta":[],"pwb-brand":[8576],"product_brand":[8581],"product_cat":[7219,7155,7167,8650],"product_tag":[],"class_list":{"0":"post-78229","1":"product","2":"type-product","3":"status-publish","4":"has-post-thumbnail","6":"pwb-brand-all-for-paws","7":"product_brand-all-for-paws","8":"product_cat-accessoires","9":"product_cat-chiens","10":"product_cat-tous","11":"product_cat-vetements","12":"pa_brand-all-for-paws","13":"pa_farbe-bleu","14":"pa_haustier-chien-2","15":"pa_marke-all-for-paws","16":"pa_ursprungsland-chine","17":"pa_z_cat2-zubehoer","18":"pa_z_categorie-tierbedarf","19":"pa_z_product_type-bekleidung","20":"pa_z_product_type-schwimmweste","21":"pa_zubehoer-gilet-de-sauvetage","22":"pa_zubehoer-vetements","24":"first","25":"instock","26":"taxable","27":"shipping-taxable","28":"purchasable","29":"product-type-variable"},"brands":[{"id":8576,"name":"All for Paws","slug":"all-for-paws"}],"meta_box":{"lieferant":"Businesscom","lieferanten_email":"","produktzusammensetzung":"","restock_quantities_galaxus":"5","galaxus_restock_time":"21","galaxus_restock_date":"","galaxus_preis":"","export":"Nein","signalwort":[],"gefahrenpiktogramm":[],"gefahrenhinweise":[]},"_links":{"self":[{"href":"https:\/\/dadorana.ch\/fr\/wp-json\/wp\/v2\/product\/78229","targetHints":{"allow":["GET"]}}],"collection":[{"href":"https:\/\/dadorana.ch\/fr\/wp-json\/wp\/v2\/product"}],"about":[{"href":"https:\/\/dadorana.ch\/fr\/wp-json\/wp\/v2\/types\/product"}],"version-history":[{"count":0,"href":"https:\/\/dadorana.ch\/fr\/wp-json\/wp\/v2\/product\/78229\/revisions"}],"wp:featuredmedia":[{"embeddable":true,"href":"https:\/\/dadorana.ch\/fr\/wp-json\/wp\/v2\/media\/78225"}],"wp:attachment":[{"href":"https:\/\/dadorana.ch\/fr\/wp-json\/wp\/v2\/media?parent=78229"}],"wp:term":[{"taxonomy":"pwb-brand","embeddable":true,"href":"https:\/\/dadorana.ch\/fr\/wp-json\/wp\/v2\/pwb-brand?post=78229"},{"taxonomy":"product_brand","embeddable":true,"href":"https:\/\/dadorana.ch\/fr\/wp-json\/wp\/v2\/product_brand?post=78229"},{"taxonomy":"product_cat","embeddable":true,"href":"https:\/\/dadorana.ch\/fr\/wp-json\/wp\/v2\/product_cat?post=78229"},{"taxonomy":"product_tag","embeddable":true,"href":"https:\/\/dadorana.ch\/fr\/wp-json\/wp\/v2\/product_tag?post=78229"}],"curies":[{"name":"wp","href":"https:\/\/api.w.org\/{rel}","templated":true}]}}