{"id":78238,"date":"2026-05-02T09:15:15","date_gmt":"2026-05-02T07:15:15","guid":{"rendered":"https:\/\/dadorana.ch\/?post_type=product&#038;p=78238"},"modified":"2026-05-04T12:42:42","modified_gmt":"2026-05-04T10:42:42","slug":"freezack-life-jacket-gilet-de-sauvetage-pour-chiens","status":"publish","type":"product","link":"https:\/\/dadorana.ch\/fr\/produit\/freezack-life-jacket-gilet-de-sauvetage-pour-chiens\/","title":{"rendered":"Freezack Life Jacket gilet de sauvetage pour chiens"},"content":{"rendered":"<p>Avec ce gilet, votre chien nage plus tranquillement, reste hors de l&rsquo;eau et ne se fatigue pas. Le gilet color\u00e9 permet \u00e9galement de mieux le rep\u00e9rer dans l&rsquo;eau et la poign\u00e9e pratique permet de sortir le chien de l&rsquo;eau et de le ramener sur la terre ferme sans probl\u00e8me.<\/p>\n<p><strong>Avantages :<\/strong><\/p>\n<ul>\n<li>Bonne visibilit\u00e9 dans l&rsquo;eau<\/li>\n<li>Avec poign\u00e9e pratique<\/li>\n<li>Maintient le chien hors de l&rsquo;eau<\/li>\n<\/ul>\n<p><strong>Taille\u00a0 \u00a0 \u00a0 \u00a0 \u00a0 \u00a0 \u00a0 \u00a0 \u00a0 \u00a0Tour de taille\u00a0 \u00a0 \u00a0 \u00a0 \u00a0 \u00a0 \u00a0 \u00a0Poids du chien<\/strong><\/p>\n<p><strong>S<\/strong>\u00a0\u00a0\u00a0\u00a0\u00a0\u00a0\u00a0\u00a0\u00a0\u00a0\u00a0\u00a0 \u00a0\u00a0\u00a0\u00a0\u00a0\u00a0\u00a0\u00a0\u00a0\u00a0\u00a0\u00a0\u00a0\u00a0\u00a0 48 \u2013 61 cm\u00a0\u00a0\u00a0\u00a0\u00a0\u00a0\u00a0\u00a0\u00a0 \u00a0\u00a0\u00a0\u00a0\u00a0\u00a0\u00a0\u00a0\u00a0\u00a0\u00a0\u00a0\u00a0\u00a0\u00a0 7 \u2013 11 kg<\/p>\n<p><strong>M<\/strong>\u00a0\u00a0\u00a0\u00a0\u00a0\u00a0\u00a0\u00a0\u00a0\u00a0\u00a0 \u00a0\u00a0\u00a0\u00a0\u00a0\u00a0\u00a0\u00a0\u00a0\u00a0\u00a0\u00a0\u00a0\u00a0\u00a0 56 \u2013 73 cm\u00a0\u00a0\u00a0\u00a0\u00a0\u00a0\u00a0\u00a0\u00a0 \u00a0\u00a0\u00a0\u00a0\u00a0\u00a0\u00a0\u00a0\u00a0\u00a0\u00a0\u00a0\u00a0\u00a0\u00a0 9 \u2013 22 kg<\/p>\n<p><strong>L<\/strong>\u00a0\u00a0\u00a0\u00a0\u00a0\u00a0\u00a0\u00a0\u00a0\u00a0\u00a0\u00a0 \u00a0\u00a0\u00a0\u00a0\u00a0\u00a0\u00a0\u00a0\u00a0\u00a0\u00a0\u00a0\u00a0\u00a0\u00a0 66 \u2013 89 cm\u00a0\u00a0\u00a0\u00a0\u00a0\u00a0\u00a0\u00a0\u00a0 \u00a0\u00a0\u00a0\u00a0\u00a0\u00a0\u00a0\u00a0\u00a0\u00a0\u00a0\u00a0\u00a0\u00a0\u00a0 18 \u2013 32 kg<\/p>\n","protected":false},"excerpt":{"rendered":"<p><strong><span style=\"color: #ff8800;\">Gilet de s\u00e9curit\u00e9 orange pour chiens :<\/span><\/strong><\/p>\n<ul>\n<li><span style=\"color: #ff8800;\">Bonne visibilit\u00e9 dans l\u2019eau<\/span><\/li>\n<li><span style=\"color: #ff8800;\">Avec poign\u00e9e pratique<\/span><\/li>\n<li><span style=\"color: #ff8800;\">Maintient le chien \u00e0 flot<\/span><\/li>\n<\/ul>\n","protected":false},"featured_media":78237,"template":"","meta":[],"pwb-brand":[7781],"product_brand":[7782],"product_cat":[7219,7155,7167,8650],"product_tag":[],"class_list":{"0":"post-78238","1":"product","2":"type-product","3":"status-publish","4":"has-post-thumbnail","6":"pwb-brand-freezack","7":"product_brand-freezack","8":"product_cat-accessoires","9":"product_cat-chiens","10":"product_cat-tous","11":"product_cat-vetements","12":"pa_brand-freezack","13":"pa_farbe-orange","14":"pa_haustier-chien-2","15":"pa_marke-freezack","16":"pa_ursprungsland-chine","17":"pa_z_cat2-zubehoer","18":"pa_z_categorie-tierbedarf","19":"pa_z_product_type-bekleidung","20":"pa_z_product_type-schwimmweste","21":"pa_zubehoer-gilet-de-sauvetage","22":"pa_zubehoer-vetements","24":"first","25":"instock","26":"taxable","27":"shipping-taxable","28":"purchasable","29":"product-type-variable"},"brands":[{"id":7781,"name":"Freezack","slug":"freezack"}],"meta_box":{"lieferant":"Businesscom","lieferanten_email":"","produktzusammensetzung":"","restock_quantities_galaxus":"5","galaxus_restock_time":"3","galaxus_restock_date":"","galaxus_preis":"","export":"Nein","signalwort":[],"gefahrenpiktogramm":[],"gefahrenhinweise":[]},"_links":{"self":[{"href":"https:\/\/dadorana.ch\/fr\/wp-json\/wp\/v2\/product\/78238","targetHints":{"allow":["GET"]}}],"collection":[{"href":"https:\/\/dadorana.ch\/fr\/wp-json\/wp\/v2\/product"}],"about":[{"href":"https:\/\/dadorana.ch\/fr\/wp-json\/wp\/v2\/types\/product"}],"version-history":[{"count":0,"href":"https:\/\/dadorana.ch\/fr\/wp-json\/wp\/v2\/product\/78238\/revisions"}],"wp:featuredmedia":[{"embeddable":true,"href":"https:\/\/dadorana.ch\/fr\/wp-json\/wp\/v2\/media\/78237"}],"wp:attachment":[{"href":"https:\/\/dadorana.ch\/fr\/wp-json\/wp\/v2\/media?parent=78238"}],"wp:term":[{"taxonomy":"pwb-brand","embeddable":true,"href":"https:\/\/dadorana.ch\/fr\/wp-json\/wp\/v2\/pwb-brand?post=78238"},{"taxonomy":"product_brand","embeddable":true,"href":"https:\/\/dadorana.ch\/fr\/wp-json\/wp\/v2\/product_brand?post=78238"},{"taxonomy":"product_cat","embeddable":true,"href":"https:\/\/dadorana.ch\/fr\/wp-json\/wp\/v2\/product_cat?post=78238"},{"taxonomy":"product_tag","embeddable":true,"href":"https:\/\/dadorana.ch\/fr\/wp-json\/wp\/v2\/product_tag?post=78238"}],"curies":[{"name":"wp","href":"https:\/\/api.w.org\/{rel}","templated":true}]}}