{"id":78300,"date":"2026-05-02T10:00:39","date_gmt":"2026-05-02T08:00:39","guid":{"rendered":"https:\/\/dadorana.ch\/produkt\/freezack-bademantel-fuer-hunde\/"},"modified":"2026-05-06T14:55:42","modified_gmt":"2026-05-06T12:55:42","slug":"freezack-peignoir-vetemement-pour-chiens","status":"publish","type":"product","link":"https:\/\/dadorana.ch\/fr\/produit\/freezack-peignoir-vetemement-pour-chiens\/","title":{"rendered":"Freezack Peignoir v\u00eatemement pour chiens"},"content":{"rendered":"<p>Le\u00a0<strong>Freezack\u00a0<\/strong><strong>peignoir<\/strong>\u00a0<strong>bleu<\/strong>\u00a0et doux s\u00e8che votre chien rapidement et en douceur apr\u00e8s la pluie ou le bain et l&#8217;emp\u00eache de se refroidir. Il \u00e9vite \u00e9galement que le sol ou le lit du chien ne soit mouill\u00e9 et sale. Il peut \u00eatre utilis\u00e9 humidifi\u00e9 pour se rafra\u00eechir en \u00e9t\u00e9 et n&rsquo;a pas besoin de boucles en plastique, ce qui le rend confortable et facile \u00e0 enfiler et \u00e0 enlever.<\/p>\n<p><strong>Avantages :<\/strong><\/p>\n<ul>\n<li>S\u00e9chage rapide et en douceur de votre chien<\/li>\n<li>Facile \u00e0 enfiler et \u00e0 enlever<\/li>\n<li>Chauffant et rafra\u00eechissant<\/li>\n<li>Sans boucles en plastique g\u00eanantes<\/li>\n<\/ul>\n<p><strong>Taille longueur du dos :<\/strong><\/p>\n<ul>\n<li><strong>XS:<\/strong> 23 cm<\/li>\n<li><strong>S:<\/strong> 28 cm<\/li>\n<\/ul>\n","protected":false},"excerpt":{"rendered":"<p><span style=\"color: #ff8800;\"><strong>Peignoir doux pour un s\u00e9chage rapide, couleur bleue :<\/strong><\/span><\/p>\n<ul>\n<li><span style=\"color: #ff8800;\">S\u00e9chage rapide et doux pour votre chien<\/span><\/li>\n<li><span style=\"color: #ff8800;\">Facile \u00e0 mettre et \u00e0 enlever<\/span><\/li>\n<li><span style=\"color: #ff8800;\">Chaleur et fra\u00eecheur garanties<\/span><\/li>\n<li><span style=\"color: #ff8800;\">Sans boucles en plastique g\u00eanantes<\/span><\/li>\n<\/ul>\n","protected":false},"featured_media":78299,"template":"","meta":[],"pwb-brand":[7781],"product_brand":[7782],"product_cat":[8650,7219,7155,7167],"product_tag":[],"class_list":{"0":"post-78300","1":"product","2":"type-product","3":"status-publish","4":"has-post-thumbnail","6":"pwb-brand-freezack","7":"product_brand-freezack","8":"product_cat-vetements","9":"product_cat-accessoires","10":"product_cat-chiens","11":"product_cat-tous","12":"pa_brand-freezack","13":"pa_farbe-bleu","14":"pa_haustier-chien-2","15":"pa_marke-freezack","16":"pa_ursprungsland-chine","17":"pa_z_cat2-zubehoer","18":"pa_z_categorie-tierbedarf","19":"pa_z_product_type-bekleidung","20":"pa_zubehoer-vetements","22":"first","23":"instock","24":"taxable","25":"shipping-taxable","26":"purchasable","27":"product-type-variable"},"brands":[{"id":7781,"name":"Freezack","slug":"freezack"}],"meta_box":{"lieferant":"Businesscom","lieferanten_email":"","produktzusammensetzung":"","restock_quantities_galaxus":"5","galaxus_restock_time":"21","galaxus_restock_date":"","galaxus_preis":"","export":"Nein","signalwort":[],"gefahrenpiktogramm":[],"gefahrenhinweise":[]},"_links":{"self":[{"href":"https:\/\/dadorana.ch\/fr\/wp-json\/wp\/v2\/product\/78300","targetHints":{"allow":["GET"]}}],"collection":[{"href":"https:\/\/dadorana.ch\/fr\/wp-json\/wp\/v2\/product"}],"about":[{"href":"https:\/\/dadorana.ch\/fr\/wp-json\/wp\/v2\/types\/product"}],"version-history":[{"count":2,"href":"https:\/\/dadorana.ch\/fr\/wp-json\/wp\/v2\/product\/78300\/revisions"}],"predecessor-version":[{"id":78305,"href":"https:\/\/dadorana.ch\/fr\/wp-json\/wp\/v2\/product\/78300\/revisions\/78305"}],"wp:featuredmedia":[{"embeddable":true,"href":"https:\/\/dadorana.ch\/fr\/wp-json\/wp\/v2\/media\/78299"}],"wp:attachment":[{"href":"https:\/\/dadorana.ch\/fr\/wp-json\/wp\/v2\/media?parent=78300"}],"wp:term":[{"taxonomy":"pwb-brand","embeddable":true,"href":"https:\/\/dadorana.ch\/fr\/wp-json\/wp\/v2\/pwb-brand?post=78300"},{"taxonomy":"product_brand","embeddable":true,"href":"https:\/\/dadorana.ch\/fr\/wp-json\/wp\/v2\/product_brand?post=78300"},{"taxonomy":"product_cat","embeddable":true,"href":"https:\/\/dadorana.ch\/fr\/wp-json\/wp\/v2\/product_cat?post=78300"},{"taxonomy":"product_tag","embeddable":true,"href":"https:\/\/dadorana.ch\/fr\/wp-json\/wp\/v2\/product_tag?post=78300"}],"curies":[{"name":"wp","href":"https:\/\/api.w.org\/{rel}","templated":true}]}}