{"id":78330,"date":"2026-05-02T10:45:12","date_gmt":"2026-05-02T08:45:12","guid":{"rendered":"https:\/\/dadorana.ch\/?post_type=product&#038;p=78330"},"modified":"2026-05-06T15:57:52","modified_gmt":"2026-05-06T13:57:52","slug":"kong-reflex-ball-8-x-8-x-8-cm","status":"publish","type":"product","link":"https:\/\/dadorana.ch\/fr\/produit\/kong-reflex-ball-8-x-8-x-8-cm\/","title":{"rendered":"KONG Reflex Ball 8 x 8 x 8 cm"},"content":{"rendered":"<p><strong>Robustesse rencontre confort ludique<\/strong><br \/>Le jouet pour chiens KONG Reflex Ball offre la combinaison parfaite de durabilit\u00e9 et de plaisir de jeu. Fabriqu\u00e9 \u00e0 partir du m\u00eame mat\u00e9riau de pointe que les semelles des chaussures de course haute performance, ce ballon est si robuste qu&rsquo;il r\u00e9siste facilement aux jeux de rapport intensifs. Cette caract\u00e9ristique vous permet d&rsquo;offrir \u00e0 votre chien un plaisir de jeu durable sans vous soucier d&rsquo;une usure pr\u00e9matur\u00e9e.<\/p>\n<p><strong>Plaisir de jeu par tous les temps<\/strong><br \/>Une autre caract\u00e9ristique remarquable du KONG Reflex Ball est sa capacit\u00e9 \u00e0 briller m\u00eame dans des conditions difficiles. Le ballon est r\u00e9sistant aux intemp\u00e9ries et est parfait pour les jeux de rapport \u00e0 tout moment de l&rsquo;ann\u00e9e. Que ce soit en \u00e9t\u00e9 sur la plage ou en hiver dans la neige, le ballon offre \u00e0 votre compagnon \u00e0 quatre pattes un plaisir de jeu illimit\u00e9. Gr\u00e2ce \u00e0 sa flottabilit\u00e9, il est \u00e9galement id\u00e9al pour les jeux aquatiques, ce qui en fait un compagnon polyvalent pour les aventures avec votre chien.<\/p>\n<p><strong>Technologie auto-r\u00e9paratrice pour un plaisir durable<\/strong><br \/>Le jouet pour chiens KONG Reflex Ball impressionne par sa caract\u00e9ristique unique d&rsquo;auto-r\u00e9paration. Les traces de morsure sont automatiquement r\u00e9par\u00e9es, ce qui prolonge consid\u00e9rablement la dur\u00e9e de vie du ballon. Cette technologie garantit que votre chien dispose toujours d&rsquo;un jouet intact, m\u00eame en cas d&rsquo;utilisation intensive. Vous pouvez donc \u00eatre s\u00fbr que le plaisir de jeu ne manque jamais et que votre chien peut toujours suivre ses instincts.<\/p>\n","protected":false},"excerpt":{"rendered":"<ul>\n<li><span style=\"color: #ff8800;\">Mat\u00e9riau durable pour un plaisir sans fin<\/span><\/li>\n<li><span style=\"color: #ff8800;\">Auto-r\u00e9parant en cas de marques de morsure<\/span><\/li>\n<li><span style=\"color: #ff8800;\">Parfait pour le rapport dans l&rsquo;eau<\/span><\/li>\n<li><span style=\"color: #ff8800;\">R\u00e9sistant aux intemp\u00e9ries en toute saison<\/span><\/li>\n<li><span style=\"color: #ff8800;\">Technologie de pointe pour les chiens puissants<\/span><\/li>\n<\/ul>\n","protected":false},"featured_media":78329,"template":"","meta":[],"pwb-brand":[8002],"product_brand":[8076],"product_cat":[8641,7219,7155,7167],"product_tag":[],"class_list":{"0":"post-78330","1":"product","2":"type-product","3":"status-publish","4":"has-post-thumbnail","6":"pwb-brand-kong","7":"product_brand-kong","8":"product_cat-jouet","9":"product_cat-accessoires","10":"product_cat-chiens","11":"product_cat-tous","12":"pa_brand-kong","13":"pa_haustier-chien-2","14":"pa_marke-kong","15":"pa_ursprungsland-chine","16":"pa_z_cat2-hundespielzeug-training","17":"pa_z_categorie-tierbedarf","18":"pa_z_product_type-hundespielzeug","19":"pa_zubehoer-jouets","21":"first","22":"instock","23":"taxable","24":"shipping-taxable","25":"purchasable","26":"product-type-simple"},"brands":[{"id":8002,"name":"KONG","slug":"kong"}],"meta_box":{"lieferant":"Businesscom","lieferanten_email":"","produktzusammensetzung":"","restock_quantities_galaxus":"5","galaxus_restock_time":"3","galaxus_restock_date":"","galaxus_preis":"","export":"Nein","signalwort":[],"gefahrenpiktogramm":[],"gefahrenhinweise":[]},"_links":{"self":[{"href":"https:\/\/dadorana.ch\/fr\/wp-json\/wp\/v2\/product\/78330","targetHints":{"allow":["GET"]}}],"collection":[{"href":"https:\/\/dadorana.ch\/fr\/wp-json\/wp\/v2\/product"}],"about":[{"href":"https:\/\/dadorana.ch\/fr\/wp-json\/wp\/v2\/types\/product"}],"version-history":[{"count":1,"href":"https:\/\/dadorana.ch\/fr\/wp-json\/wp\/v2\/product\/78330\/revisions"}],"predecessor-version":[{"id":78331,"href":"https:\/\/dadorana.ch\/fr\/wp-json\/wp\/v2\/product\/78330\/revisions\/78331"}],"wp:featuredmedia":[{"embeddable":true,"href":"https:\/\/dadorana.ch\/fr\/wp-json\/wp\/v2\/media\/78329"}],"wp:attachment":[{"href":"https:\/\/dadorana.ch\/fr\/wp-json\/wp\/v2\/media?parent=78330"}],"wp:term":[{"taxonomy":"pwb-brand","embeddable":true,"href":"https:\/\/dadorana.ch\/fr\/wp-json\/wp\/v2\/pwb-brand?post=78330"},{"taxonomy":"product_brand","embeddable":true,"href":"https:\/\/dadorana.ch\/fr\/wp-json\/wp\/v2\/product_brand?post=78330"},{"taxonomy":"product_cat","embeddable":true,"href":"https:\/\/dadorana.ch\/fr\/wp-json\/wp\/v2\/product_cat?post=78330"},{"taxonomy":"product_tag","embeddable":true,"href":"https:\/\/dadorana.ch\/fr\/wp-json\/wp\/v2\/product_tag?post=78330"}],"curies":[{"name":"wp","href":"https:\/\/api.w.org\/{rel}","templated":true}]}}