{"id":78352,"date":"2026-05-02T12:15:53","date_gmt":"2026-05-02T10:15:53","guid":{"rendered":"https:\/\/dadorana.ch\/produkt\/kong-bunji-high-viz-bumper\/"},"modified":"2026-05-06T16:40:40","modified_gmt":"2026-05-06T14:40:40","slug":"kong-bunji-high-viz-bumper","status":"publish","type":"product","link":"https:\/\/dadorana.ch\/fr\/produit\/kong-bunji-high-viz-bumper\/","title":{"rendered":"KONG Bunji High\u200b-\u200bViz Bumper"},"content":{"rendered":"<p><strong>KONG Bunji Bumper \u00e0 haute visibilit\u00e9 \u2013 Visibilit\u00e9 maximale et caract\u00e9ristiques de puissance des projections<\/strong><br \/>Quand les choses se mettent vraiment au travail pendant la formation, le KONG Bunji High-Vis Bumper est dans son \u00e9l\u00e9ment. Ce jouet de collecte est con\u00e7u pour les propri\u00e9taires de chiens qui ne veulent pas compromettre la visibilit\u00e9 et la durabilit\u00e9. Que ce soit dans les hautes herbes, dans les broussailles ou par temps sombre \u2013 ce pare-chocs est fait pour se d\u00e9marquer !<\/p>\n<p><strong>Le mat\u00e9riau du tuyau d\u2019incendie rencontre l\u2019action de l\u2019\u00e9lastique<\/strong><br \/>Le KONG Bunji n\u2019est pas qu\u2019un mannequin de lancer. Fabriqu\u00e9 dans un mat\u00e9riau de tuyau d\u2019extinction incendie extr\u00eamement r\u00e9sistant et avec des bords renforc\u00e9s en sangle, il peut r\u00e9sister m\u00eame aux \u00ab packers \u00bb les plus motiv\u00e9s. Le point fort, cependant, est la corde \u00e9lastique int\u00e9gr\u00e9e : elle absorbe la secousse lors du lancer, prot\u00e9geant ainsi votre \u00e9paule tout en permettant d\u2019\u00e9normes distances lors du lancer.<\/p>\n<p><strong>Ergonomie pour le propri\u00e9taire, action pour le chien<\/strong><br \/>La poign\u00e9e ergonomique assure une prise solide, m\u00eame lorsque vos mains sont mouill\u00e9es. \u00c0 l\u2019int\u00e9rieur du pare-chocs, il y a aussi un grincement int\u00e9gr\u00e9 qui stimule l\u2019instinct naturel de chasse de votre chien et rend l\u2019entra\u00eenement particuli\u00e8rement excitant.<\/p>\n<p><strong>Vos avantages en un coup d\u2019\u0153il :<\/strong><\/p>\n<ul>\n<li><strong>Haute visibilit\u00e9 :<\/strong> Des couleurs vives et des motifs contrast\u00e9s pour une meilleure visibilit\u00e9 sur n\u2019importe quelle surface.<\/li>\n<li><strong>Douce pour les articulations :<\/strong> La corde \u00e9lastique amortit la pression sur les humains et les animaux.<\/li>\n<li><strong>Mat\u00e9riel professionnel :<\/strong> Boyaux d\u2019incendie robustes avec joints renforc\u00e9s pour une grande durabilit\u00e9.<\/li>\n<li><strong>Garantie de longue dur\u00e9e :<\/strong> Poign\u00e9e ergonomique pour un lancer pr\u00e9cis et long.<\/li>\n<li><strong>Stimuler l\u2019instinct de chasse :<\/strong> Le grin\u00e7eur int\u00e9gr\u00e9 apporte une motivation suppl\u00e9mentaire lors de la r\u00e9cup\u00e9ration.<\/li>\n<\/ul>\n","protected":false},"excerpt":{"rendered":"<ul>\n<li><span style=\"color: #ff8800;\">Id\u00e9al pour lancer et rapporter<\/span><\/li>\n<li><span style=\"color: #ff8800;\">La corde permet des lancers larges et ergonomiques<\/span><\/li>\n<li><span style=\"color: #ff8800;\">Couleurs et motifs lumineux bien visibles<\/span><\/li>\n<li><span style=\"color: #ff8800;\">Mat\u00e9riau de tuyau d&rsquo;incendie r\u00e9sistant<\/span><\/li>\n<li><span style=\"color: #ff8800;\">Id\u00e9al pour les s\u00e9ances d&rsquo;entra\u00eenement<\/span><\/li>\n<\/ul>\n","protected":false},"featured_media":78348,"template":"","meta":[],"pwb-brand":[8002],"product_brand":[8076],"product_cat":[8641,7219,7155,7167],"product_tag":[],"class_list":{"0":"post-78352","1":"product","2":"type-product","3":"status-publish","4":"has-post-thumbnail","6":"pwb-brand-kong","7":"product_brand-kong","8":"product_cat-jouet","9":"product_cat-accessoires","10":"product_cat-chiens","11":"product_cat-tous","12":"pa_brand-kong","13":"pa_farbe-assorti","14":"pa_haustier-chien-2","15":"pa_marke-kong","16":"pa_ursprungsland-chine","17":"pa_z_cat2-hundespielzeug-training","18":"pa_z_categorie-tierbedarf","19":"pa_z_product_type-hundespielzeug","20":"pa_zubehoer-jouets","22":"first","23":"instock","24":"taxable","25":"shipping-taxable","26":"purchasable","27":"product-type-simple"},"brands":[{"id":8002,"name":"KONG","slug":"kong"}],"meta_box":{"lieferant":"Businesscom","lieferanten_email":"","produktzusammensetzung":"","restock_quantities_galaxus":"5","galaxus_restock_time":"21","galaxus_restock_date":"","galaxus_preis":"","export":"Nein","signalwort":[],"gefahrenpiktogramm":[],"gefahrenhinweise":[]},"_links":{"self":[{"href":"https:\/\/dadorana.ch\/fr\/wp-json\/wp\/v2\/product\/78352","targetHints":{"allow":["GET"]}}],"collection":[{"href":"https:\/\/dadorana.ch\/fr\/wp-json\/wp\/v2\/product"}],"about":[{"href":"https:\/\/dadorana.ch\/fr\/wp-json\/wp\/v2\/types\/product"}],"version-history":[{"count":2,"href":"https:\/\/dadorana.ch\/fr\/wp-json\/wp\/v2\/product\/78352\/revisions"}],"predecessor-version":[{"id":78356,"href":"https:\/\/dadorana.ch\/fr\/wp-json\/wp\/v2\/product\/78352\/revisions\/78356"}],"wp:featuredmedia":[{"embeddable":true,"href":"https:\/\/dadorana.ch\/fr\/wp-json\/wp\/v2\/media\/78348"}],"wp:attachment":[{"href":"https:\/\/dadorana.ch\/fr\/wp-json\/wp\/v2\/media?parent=78352"}],"wp:term":[{"taxonomy":"pwb-brand","embeddable":true,"href":"https:\/\/dadorana.ch\/fr\/wp-json\/wp\/v2\/pwb-brand?post=78352"},{"taxonomy":"product_brand","embeddable":true,"href":"https:\/\/dadorana.ch\/fr\/wp-json\/wp\/v2\/product_brand?post=78352"},{"taxonomy":"product_cat","embeddable":true,"href":"https:\/\/dadorana.ch\/fr\/wp-json\/wp\/v2\/product_cat?post=78352"},{"taxonomy":"product_tag","embeddable":true,"href":"https:\/\/dadorana.ch\/fr\/wp-json\/wp\/v2\/product_tag?post=78352"}],"curies":[{"name":"wp","href":"https:\/\/api.w.org\/{rel}","templated":true}]}}