{"id":78365,"date":"2026-05-06T17:09:44","date_gmt":"2026-05-06T15:09:44","guid":{"rendered":"https:\/\/dadorana.ch\/produkt\/kong-maxx-bone-fuer-hunde\/"},"modified":"2026-05-06T17:33:20","modified_gmt":"2026-05-06T15:33:20","slug":"kong-maxx-bone-jouet-pour-chien","status":"publish","type":"product","link":"https:\/\/dadorana.ch\/fr\/produit\/kong-maxx-bone-jouet-pour-chien\/","title":{"rendered":"KONG Maxx Bone jouet pour chien"},"content":{"rendered":"<p><strong>Durabilit\u00e9 maximale pour un plaisir de jeu sans limites<\/strong><br \/>Le KONG Maxx Bone est le jouet id\u00e9al pour les chiens en qu\u00eate de d\u00e9fi. Fabriqu\u00e9 \u00e0 partir d&rsquo;un mat\u00e9riau sp\u00e9cial, jusqu&rsquo;\u00e0 cinq fois plus r\u00e9sistant aux perforations, il offre un plaisir durable lors des s\u00e9ances de rapport et de jeu. Sa construction robuste garantit que m\u00eame les chiens les plus \u00e9nergiques en profiteront pleinement. Avec des coutures minimales et un fil extr\u00eamement r\u00e9sistant, le KONG Maxx Bone est con\u00e7u pour les s\u00e9ances de jeu les plus intenses.<\/p>\n<p><strong>Susciter l&rsquo;int\u00e9r\u00eat avec un couineur int\u00e9gr\u00e9<\/strong><br \/>Un point fort particulier du KONG Maxx Bone est le couineur int\u00e9gr\u00e9, qui suscite l&rsquo;int\u00e9r\u00eat de votre chien et l&rsquo;incite \u00e0 jouer encore et encore. Cette caract\u00e9ristique rend le jouet non seulement plus excitant, mais stimule \u00e9galement la curiosit\u00e9 naturelle et l&rsquo;instinct de jeu de votre chien. Id\u00e9al pour des s\u00e9ances de jeu interactives o\u00f9 vous et votre compagnon \u00e0 quatre pattes prendrez plaisir ensemble.<\/p>\n<p><strong>Robustesse et maniabilit\u00e9 confortable<\/strong><br \/>Le KONG Maxx Bone n&rsquo;est pas seulement extr\u00eamement durable, mais aussi facile \u00e0 manipuler. Gr\u00e2ce \u00e0 son design bien pens\u00e9, il tient bien en main, facilitant ainsi le lancer et le rapport. Le mat\u00e9riau doux mais n\u00e9anmoins robuste est doux pour les dents de votre chien tout en offrant la stabilit\u00e9 n\u00e9cessaire pour des heures de jeu prolong\u00e9es. Offrez \u00e0 votre chien un jouet qui combine plaisir, d\u00e9fi et long\u00e9vit\u00e9 avec le KONG Maxx Bone.<\/p>\n<p><strong>Disponible en diff\u00e9rentes tailles :<\/strong><\/p>\n<ul>\n<li><strong><strong>S\/M : <\/strong><\/strong>Largeur 15 cm, Longueur 24 cm, Hauteur 5 cm<\/li>\n<li><strong>M\/L : <\/strong>Largeur 17 cm, Longueur 28 cm, Hauteur 8 cm<\/li>\n<\/ul>\n","protected":false},"excerpt":{"rendered":"<ul>\n<li><span style=\"color: #ff8800;\">Sp\u00e9cialement con\u00e7u pour une durabilit\u00e9 maximale<\/span><\/li>\n<li><span style=\"color: #ff8800;\">Amusement durable garanti<\/span><\/li>\n<li><span style=\"color: #ff8800;\">Jusqu&rsquo;\u00e0 5 fois plus r\u00e9sistant<\/span><\/li>\n<li><span style=\"color: #ff8800;\">Minimal de coutures, fil extr\u00eamement r\u00e9sistant<\/span><\/li>\n<li><span style=\"color: #ff8800;\">Le couineur suscite l&rsquo;int\u00e9r\u00eat de votre chien<\/span><\/li>\n<\/ul>\n","protected":false},"featured_media":78364,"template":"","meta":[],"pwb-brand":[8002],"product_brand":[8076],"product_cat":[8641,7219,7155,7167],"product_tag":[],"class_list":{"0":"post-78365","1":"product","2":"type-product","3":"status-publish","4":"has-post-thumbnail","6":"pwb-brand-kong","7":"product_brand-kong","8":"product_cat-jouet","9":"product_cat-accessoires","10":"product_cat-chiens","11":"product_cat-tous","12":"pa_brand-kong","13":"pa_haustier-chien-2","14":"pa_marke-kong","15":"pa_ursprungsland-chine","16":"pa_z_cat2-zubehoer","17":"pa_z_categorie-tierbedarf","18":"pa_z_product_type-hundespielzeug","19":"pa_zubehoer-jouets","21":"first","22":"instock","23":"taxable","24":"shipping-taxable","25":"purchasable","26":"product-type-variable"},"brands":[{"id":8002,"name":"KONG","slug":"kong"}],"meta_box":{"lieferant":"Businesscom","lieferanten_email":"","produktzusammensetzung":"","restock_quantities_galaxus":"5","galaxus_restock_time":"21","galaxus_restock_date":"","galaxus_preis":"","export":"Nein","signalwort":[],"gefahrenpiktogramm":[],"gefahrenhinweise":[]},"_links":{"self":[{"href":"https:\/\/dadorana.ch\/fr\/wp-json\/wp\/v2\/product\/78365","targetHints":{"allow":["GET"]}}],"collection":[{"href":"https:\/\/dadorana.ch\/fr\/wp-json\/wp\/v2\/product"}],"about":[{"href":"https:\/\/dadorana.ch\/fr\/wp-json\/wp\/v2\/types\/product"}],"version-history":[{"count":3,"href":"https:\/\/dadorana.ch\/fr\/wp-json\/wp\/v2\/product\/78365\/revisions"}],"predecessor-version":[{"id":78370,"href":"https:\/\/dadorana.ch\/fr\/wp-json\/wp\/v2\/product\/78365\/revisions\/78370"}],"wp:featuredmedia":[{"embeddable":true,"href":"https:\/\/dadorana.ch\/fr\/wp-json\/wp\/v2\/media\/78364"}],"wp:attachment":[{"href":"https:\/\/dadorana.ch\/fr\/wp-json\/wp\/v2\/media?parent=78365"}],"wp:term":[{"taxonomy":"pwb-brand","embeddable":true,"href":"https:\/\/dadorana.ch\/fr\/wp-json\/wp\/v2\/pwb-brand?post=78365"},{"taxonomy":"product_brand","embeddable":true,"href":"https:\/\/dadorana.ch\/fr\/wp-json\/wp\/v2\/product_brand?post=78365"},{"taxonomy":"product_cat","embeddable":true,"href":"https:\/\/dadorana.ch\/fr\/wp-json\/wp\/v2\/product_cat?post=78365"},{"taxonomy":"product_tag","embeddable":true,"href":"https:\/\/dadorana.ch\/fr\/wp-json\/wp\/v2\/product_tag?post=78365"}],"curies":[{"name":"wp","href":"https:\/\/api.w.org\/{rel}","templated":true}]}}