{"id":78455,"date":"2026-05-02T12:45:20","date_gmt":"2026-05-02T10:45:20","guid":{"rendered":"https:\/\/dadorana.ch\/produkt\/kong-wild-shieldz-training-dummy-s\/"},"modified":"2026-05-07T13:04:26","modified_gmt":"2026-05-07T11:04:26","slug":"kong-wild-shieldz-training-dummy-s","status":"publish","type":"product","link":"https:\/\/dadorana.ch\/fr\/produit\/kong-wild-shieldz-training-dummy-s\/","title":{"rendered":"KONG Wild Shieldz Training Dummy S"},"content":{"rendered":"<p><strong>Conception robuste pour des s\u00e9ances d\u2019entra\u00eenement exigeantes<\/strong><br \/>Le KONG Wild Shieldz Training Dummy S <strong>6 x 11 x 34 cm<\/strong> est sp\u00e9cialement con\u00e7u pour r\u00e9sister aux fortes exigences des jeux d\u2019entra\u00eenement et aquatiques. Son triple rev\u00eatement et son \u00e9tanch\u00e9it\u00e9 offrent une durabilit\u00e9 sup\u00e9rieure, m\u00eame en cas d\u2019utilisation intensive dans l\u2019eau. Cette conception robuste garantit que Vous disposez, avec Votre chien, d\u2019une aide d\u2019entra\u00eenement fiable, m\u00eame lors de sessions de rapport aquatique \u00e9piques.<\/p>\n<p><strong>Stimulation des instincts naturels par le jeu interactif<\/strong><br \/>Le dummy encourage Votre chien \u00e0 d\u00e9velopper et \u00e0 affiner ses capacit\u00e9s de chasse et de plong\u00e9e. Gr\u00e2ce au jeu interactif, l\u2019instinct naturel de Votre compagnon \u00e0 quatre pattes est sollicit\u00e9, ce qui peut renforcer le lien entre Vous deux. Le rev\u00eatement de pointe dans la partie inf\u00e9rieure am\u00e9liore la flottabilit\u00e9, de sorte que le dummy puisse \u00eatre facilement saisi, rendant l\u2019entra\u00eenement plus efficace aussi bien sur terre que dans l\u2019eau.<\/p>\n<p><strong>Distance de lancer optimis\u00e9e pour plus d\u2019exercice<\/strong><br \/>Avec le paracorde tress\u00e9 robuste de plus de 20 cm, Vous pouvez lancer le dummy plus loin, offrant \u00e0 Votre chien davantage d\u2019exercice sain. Cette caract\u00e9ristique fait du KONG Wild Shieldz Training Dummy S un compagnon id\u00e9al pour les chiens actifs qui aiment se d\u00e9penser. Sa conception bien pens\u00e9e fait de chaque lancer une nouvelle aventure, soutenant la forme physique et le bien-\u00eatre de Votre chien.<\/p>\n","protected":false},"excerpt":{"rendered":"<ul>\n<li><span style=\"color: #ff8800;\">Accessoire d\u2019entra\u00eenement durable pour chiens<\/span><\/li>\n<li><span style=\"color: #ff8800;\">Triple rev\u00eatement pour les jeux aquatiques<\/span><\/li>\n<li><span style=\"color: #ff8800;\">Favorise les aptitudes de chasse et de plong\u00e9e<\/span><\/li>\n<li><span style=\"color: #ff8800;\">Paracorde pour des lancers plus longs<\/span><\/li>\n<li><span style=\"color: #ff8800;\">Flottabilit\u00e9 am\u00e9lior\u00e9e pour une prise facile<\/span><\/li>\n<\/ul>\n","protected":false},"featured_media":78454,"template":"","meta":[],"pwb-brand":[8002],"product_brand":[8076],"product_cat":[8641,7219,7155,7167],"product_tag":[],"class_list":{"0":"post-78455","1":"product","2":"type-product","3":"status-publish","4":"has-post-thumbnail","6":"pwb-brand-kong","7":"product_brand-kong","8":"product_cat-jouet","9":"product_cat-accessoires","10":"product_cat-chiens","11":"product_cat-tous","12":"pa_brand-kong","13":"pa_haustier-chien-2","14":"pa_marke-kong","15":"pa_ursprungsland-chine","16":"pa_z_cat2-zubehoer","17":"pa_z_categorie-tierbedarf","18":"pa_z_product_type-hundespielzeug","19":"pa_zubehoer-jouets","21":"first","22":"instock","23":"taxable","24":"shipping-taxable","25":"purchasable","26":"product-type-simple"},"brands":[{"id":8002,"name":"KONG","slug":"kong"}],"meta_box":{"lieferant":"Businesscom","lieferanten_email":"","produktzusammensetzung":"","restock_quantities_galaxus":"5","galaxus_restock_time":"21","galaxus_restock_date":"","galaxus_preis":"","export":"Nein","signalwort":[],"gefahrenpiktogramm":[],"gefahrenhinweise":[]},"_links":{"self":[{"href":"https:\/\/dadorana.ch\/fr\/wp-json\/wp\/v2\/product\/78455","targetHints":{"allow":["GET"]}}],"collection":[{"href":"https:\/\/dadorana.ch\/fr\/wp-json\/wp\/v2\/product"}],"about":[{"href":"https:\/\/dadorana.ch\/fr\/wp-json\/wp\/v2\/types\/product"}],"version-history":[{"count":2,"href":"https:\/\/dadorana.ch\/fr\/wp-json\/wp\/v2\/product\/78455\/revisions"}],"predecessor-version":[{"id":78457,"href":"https:\/\/dadorana.ch\/fr\/wp-json\/wp\/v2\/product\/78455\/revisions\/78457"}],"wp:featuredmedia":[{"embeddable":true,"href":"https:\/\/dadorana.ch\/fr\/wp-json\/wp\/v2\/media\/78454"}],"wp:attachment":[{"href":"https:\/\/dadorana.ch\/fr\/wp-json\/wp\/v2\/media?parent=78455"}],"wp:term":[{"taxonomy":"pwb-brand","embeddable":true,"href":"https:\/\/dadorana.ch\/fr\/wp-json\/wp\/v2\/pwb-brand?post=78455"},{"taxonomy":"product_brand","embeddable":true,"href":"https:\/\/dadorana.ch\/fr\/wp-json\/wp\/v2\/product_brand?post=78455"},{"taxonomy":"product_cat","embeddable":true,"href":"https:\/\/dadorana.ch\/fr\/wp-json\/wp\/v2\/product_cat?post=78455"},{"taxonomy":"product_tag","embeddable":true,"href":"https:\/\/dadorana.ch\/fr\/wp-json\/wp\/v2\/product_tag?post=78455"}],"curies":[{"name":"wp","href":"https:\/\/api.w.org\/{rel}","templated":true}]}}