{"id":78479,"date":"2026-05-02T13:15:50","date_gmt":"2026-05-02T11:15:50","guid":{"rendered":"https:\/\/dadorana.ch\/produkt\/dog-gone-smart-dirty-dog-shammy-handtuch\/"},"modified":"2026-05-07T13:52:00","modified_gmt":"2026-05-07T11:52:00","slug":"dog-gone-smart-dirty-dog-shammy-serviette-a-main","status":"publish","type":"product","link":"https:\/\/dadorana.ch\/fr\/produit\/dog-gone-smart-dirty-dog-shammy-serviette-a-main\/","title":{"rendered":"Dog Gone Smart Dirty Dog Shammy Serviette \u00e0 main"},"content":{"rendered":"<p><strong>Dog Gone Smart serviette de bain Dirty Dog Shammy<\/strong><\/p>\n<p>Le\u00a0<strong>Dog Gone Smart Dirty Dog Shammy\u00a0<\/strong>est une<strong>\u00a0serviette en microfibre super absorbante<\/strong>\u00a0pour votre chien. Il est id\u00e9al pour\u00a0<strong>nettoyer et s\u00e9cher rapidement votre compagnon \u00e0 quatre pattes<\/strong>\u00a0apr\u00e8s qu&rsquo;il ait jou\u00e9 dans la salet\u00e9 ou apr\u00e8s son bain. Le Dirty Dog Shammy a des\u00a0<strong>poches pour les mains<\/strong>, ce qui facilite l&rsquo;essuyage et le nettoyage. La serviette Dirty Dog Shammy est\u00a0<strong>fabriqu\u00e9e en tissu microfibre ultra-doux\u00a0<\/strong>qui\u00a0<strong>retient 20 fois plus d&rsquo;eau, de boue, de salet\u00e9 et de sable<\/strong>\u00a0que les autres serviettes s\u00e8ches et peut \u00eatre<strong>\u00a0lav\u00e9e en machine<\/strong>.<\/p>\n<p><strong>Dimensions : <\/strong>33 x 79 cm<\/p>\n<ul>\n<li>Taille M<\/li>\n<li>Disponible en marron et gris<\/li>\n<\/ul>\n","protected":false},"excerpt":{"rendered":"<ul>\n<li><span style=\"color: #ff8800;\">Serviette en microfibre ultra-absorbante<\/span><\/li>\n<li><span style=\"color: #ff8800;\">Absorbe jusqu&rsquo;\u00e0 20 fois plus d&rsquo;eau et de salet\u00e9s<\/span><\/li>\n<li><span style=\"color: #ff8800;\">S\u00e8che votre chien 8 fois plus vite<\/span><\/li>\n<li><span style=\"color: #ff8800;\">Poches pratiques pour les mains afin d&rsquo;\u00e9viter que la serviette ne glisse<\/span><\/li>\n<\/ul>\n","protected":false},"featured_media":78471,"template":"","meta":[],"pwb-brand":[8688],"product_brand":[8689],"product_cat":[7360,7155,7167],"product_tag":[],"class_list":{"0":"post-78479","1":"product","2":"type-product","3":"status-publish","4":"has-post-thumbnail","6":"pwb-brand-dog-gone-smart","7":"product_brand-dog-gone-smart","8":"product_cat-produits-de-soins","9":"product_cat-chiens","10":"product_cat-tous","11":"pa_brand-dog-gone-smart","12":"pa_eigenschaften-pflegeprodukte-soins-de-la-peau-et-du-pelage","13":"pa_farbe-gris","14":"pa_farbe-marron","15":"pa_haustier-chien-2","16":"pa_marke-dog-gone-smart","17":"pa_ursprungsland-chine","18":"pa_z_cat2-pflege","19":"pa_z_categorie-tierbedarf","20":"pa_z_product_type-fellpflege","22":"first","23":"instock","24":"taxable","25":"shipping-taxable","26":"purchasable","27":"product-type-variable"},"brands":[{"id":8688,"name":"Dog Gone Smart","slug":"dog-gone-smart"}],"meta_box":{"lieferant":"Businesscom","lieferanten_email":"","produktzusammensetzung":"","restock_quantities_galaxus":"5","galaxus_restock_time":"21","galaxus_restock_date":"","galaxus_preis":"","export":"Nein","signalwort":[],"gefahrenpiktogramm":[],"gefahrenhinweise":[]},"_links":{"self":[{"href":"https:\/\/dadorana.ch\/fr\/wp-json\/wp\/v2\/product\/78479","targetHints":{"allow":["GET"]}}],"collection":[{"href":"https:\/\/dadorana.ch\/fr\/wp-json\/wp\/v2\/product"}],"about":[{"href":"https:\/\/dadorana.ch\/fr\/wp-json\/wp\/v2\/types\/product"}],"version-history":[{"count":2,"href":"https:\/\/dadorana.ch\/fr\/wp-json\/wp\/v2\/product\/78479\/revisions"}],"predecessor-version":[{"id":78483,"href":"https:\/\/dadorana.ch\/fr\/wp-json\/wp\/v2\/product\/78479\/revisions\/78483"}],"wp:featuredmedia":[{"embeddable":true,"href":"https:\/\/dadorana.ch\/fr\/wp-json\/wp\/v2\/media\/78471"}],"wp:attachment":[{"href":"https:\/\/dadorana.ch\/fr\/wp-json\/wp\/v2\/media?parent=78479"}],"wp:term":[{"taxonomy":"pwb-brand","embeddable":true,"href":"https:\/\/dadorana.ch\/fr\/wp-json\/wp\/v2\/pwb-brand?post=78479"},{"taxonomy":"product_brand","embeddable":true,"href":"https:\/\/dadorana.ch\/fr\/wp-json\/wp\/v2\/product_brand?post=78479"},{"taxonomy":"product_cat","embeddable":true,"href":"https:\/\/dadorana.ch\/fr\/wp-json\/wp\/v2\/product_cat?post=78479"},{"taxonomy":"product_tag","embeddable":true,"href":"https:\/\/dadorana.ch\/fr\/wp-json\/wp\/v2\/product_tag?post=78479"}],"curies":[{"name":"wp","href":"https:\/\/api.w.org\/{rel}","templated":true}]}}