{"id":78610,"date":"2026-05-09T14:36:35","date_gmt":"2026-05-09T12:36:35","guid":{"rendered":"https:\/\/dadorana.ch\/produkt\/kattovit-urinary-nassfutter-fuer-katzen\/"},"modified":"2026-05-09T14:48:47","modified_gmt":"2026-05-09T12:48:47","slug":"kattovit-urinary-aliment-humide-pour-chats","status":"publish","type":"product","link":"https:\/\/dadorana.ch\/fr\/produit\/kattovit-urinary-aliment-humide-pour-chats\/","title":{"rendered":"Kattovit Urinary aliment humide pour chats"},"content":{"rendered":"<p><strong>Sant\u00e9 et bien-\u00eatre pour votre chat<\/strong><br \/>Le Kattovit Urinary Multipack nourriture humide pour chats (12 x 85 g) est plus qu&rsquo;un simple produit alimentaire \u2013 c&rsquo;est une contribution \u00e0 une vie saine pour votre chat. D\u00e9velopp\u00e9 selon les derni\u00e8res d\u00e9couvertes scientifiques, il vise \u00e0 r\u00e9duire les r\u00e9cidives de calculs de struvite et \u00e0 promouvoir la sant\u00e9 des voies urinaires. Gr\u00e2ce \u00e0 sa composition sp\u00e9cialement adapt\u00e9e, le pH de l&rsquo;urine du chat est maintenu \u00e0 un niveau optimal, ce qui contribue \u00e0 la pr\u00e9vention des calculs urinaires.<\/p>\n<p><strong>Composition nutritionnelle optimale pour votre chat<\/strong><br \/>Avec des substances acidifiantes comme la DL-m\u00e9thionine et le sulfate de calcium, ainsi qu&rsquo;une faible teneur en magn\u00e9sium, le Kattovit Urinary Multipack offre une alimentation sp\u00e9cialement adapt\u00e9e aux besoins des chats ayant des probl\u00e8mes urinaires. Ces caract\u00e9ristiques aident \u00e0 maintenir le pH de l&rsquo;urine \u00e0 6,5, ce qui emp\u00eache efficacement la formation de calculs de struvite. Le haut degr\u00e9 de digestibilit\u00e9 et la recette riche en \u00e9nergie soutiennent le bien-\u00eatre g\u00e9n\u00e9ral et la vitalit\u00e9 de votre chat, pour qu&rsquo;il se sente parfaitement bien.<\/p>\n<p><strong>Avantages pratiques pour le quotidien<\/strong><br \/>Le Kattovit Urinary Multipack nourriture humide est non seulement sain, mais aussi extr\u00eamement pratique. Chaque paquet contient 12 portions de 85g, permettant une manipulation et un dosage faciles. Cette taille pratique assure que vous pouvez toujours fournir des repas frais \u00e0 votre chat, sans avoir \u00e0 conserver des restes. Cela facilite non seulement l&rsquo;alimentation quotidienne, mais garantit \u00e9galement que votre chat re\u00e7oit toujours un repas frais et savoureux. Apportez un suppl\u00e9ment de sant\u00e9 et de confort au quotidien de votre chat avec cette nourriture humide bien pens\u00e9e.<\/p>\n<p><strong>Le paquet mixte contient les vari\u00e9t\u00e9s suivantes :<\/strong><\/p>\n<ul>\n<li>3 x DINDE<\/li>\n<li>3 x POULET<\/li>\n<li>3 x VEAU<\/li>\n<li>3 x SAUMON<\/li>\n<\/ul>\n","protected":false},"excerpt":{"rendered":"<ul>\n<li><span style=\"color: #ff8800;\">R\u00e9duit efficacement les r\u00e9cidives de calculs de struvite<\/span><\/li>\n<li><span style=\"color: #ff8800;\">pH optimis\u00e9 \u00e0 6,5<\/span><\/li>\n<li><span style=\"color: #ff8800;\">Faible teneur en magn\u00e9sium pour plus de s\u00e9curit\u00e9<\/span><\/li>\n<li><span style=\"color: #ff8800;\">Favorise des voies urinaires saines<\/span><\/li>\n<li><span style=\"color: #ff8800;\">Haute digestibilit\u00e9 et densit\u00e9 \u00e9nerg\u00e9tique<\/span><\/li>\n<\/ul>\n","protected":false},"featured_media":78609,"template":"","meta":[],"pwb-brand":[8707],"product_brand":[8706],"product_cat":[7273,7238,7167],"product_tag":[],"class_list":{"0":"post-78610","1":"product","2":"type-product","3":"status-publish","4":"has-post-thumbnail","6":"pwb-brand-kattovit","7":"product_brand-kattovit","8":"product_cat-nourriture-humide-chats","9":"product_cat-chats","10":"product_cat-tous","11":"pa_brand-kattovit","12":"pa_eigenschaften-urinary","13":"pa_geschmack-dinde","14":"pa_geschmack-poulet","15":"pa_geschmack-saumon","16":"pa_geschmack-veau","17":"pa_haustier-chat","18":"pa_lebensphase-katze-adulte","19":"pa_marke-kattovit","20":"pa_ursprungsland-allemagne","21":"pa_z_cat2-katzenfutter","22":"pa_z_categorie-tierbedarf","23":"pa_z_product_type-nassfutter","25":"first","26":"instock","27":"taxable","28":"shipping-taxable","29":"purchasable","30":"product-type-simple"},"brands":[{"id":8707,"name":"Kattovit","slug":"kattovit"}],"meta_box":{"lieferant":"Businesscom","lieferanten_email":"","produktzusammensetzung":"","restock_quantities_galaxus":"5","galaxus_restock_time":"21","galaxus_restock_date":"","galaxus_preis":"","export":"Nein","signalwort":[],"gefahrenpiktogramm":[],"gefahrenhinweise":[]},"_links":{"self":[{"href":"https:\/\/dadorana.ch\/fr\/wp-json\/wp\/v2\/product\/78610","targetHints":{"allow":["GET"]}}],"collection":[{"href":"https:\/\/dadorana.ch\/fr\/wp-json\/wp\/v2\/product"}],"about":[{"href":"https:\/\/dadorana.ch\/fr\/wp-json\/wp\/v2\/types\/product"}],"version-history":[{"count":2,"href":"https:\/\/dadorana.ch\/fr\/wp-json\/wp\/v2\/product\/78610\/revisions"}],"predecessor-version":[{"id":78612,"href":"https:\/\/dadorana.ch\/fr\/wp-json\/wp\/v2\/product\/78610\/revisions\/78612"}],"wp:featuredmedia":[{"embeddable":true,"href":"https:\/\/dadorana.ch\/fr\/wp-json\/wp\/v2\/media\/78609"}],"wp:attachment":[{"href":"https:\/\/dadorana.ch\/fr\/wp-json\/wp\/v2\/media?parent=78610"}],"wp:term":[{"taxonomy":"pwb-brand","embeddable":true,"href":"https:\/\/dadorana.ch\/fr\/wp-json\/wp\/v2\/pwb-brand?post=78610"},{"taxonomy":"product_brand","embeddable":true,"href":"https:\/\/dadorana.ch\/fr\/wp-json\/wp\/v2\/product_brand?post=78610"},{"taxonomy":"product_cat","embeddable":true,"href":"https:\/\/dadorana.ch\/fr\/wp-json\/wp\/v2\/product_cat?post=78610"},{"taxonomy":"product_tag","embeddable":true,"href":"https:\/\/dadorana.ch\/fr\/wp-json\/wp\/v2\/product_tag?post=78610"}],"curies":[{"name":"wp","href":"https:\/\/api.w.org\/{rel}","templated":true}]}}