{"id":78615,"date":"2026-05-09T14:59:53","date_gmt":"2026-05-09T12:59:53","guid":{"rendered":"https:\/\/dadorana.ch\/produkt\/gimcat-kaese-rollis\/"},"modified":"2026-05-09T15:11:51","modified_gmt":"2026-05-09T13:11:51","slug":"gimcat-friandises-au-fromage-pour-chat","status":"publish","type":"product","link":"https:\/\/dadorana.ch\/fr\/produit\/gimcat-friandises-au-fromage-pour-chat\/","title":{"rendered":"Gimcat Friandises au fromage pour chat"},"content":{"rendered":"<p>Les pastilles au fromage de la marque Gimborn sont tout simplement irr\u00e9sistibles pour les chats. Ces d\u00e9licieuses friandises diffusent un parfum envo\u00fbtant. Elles contiennent de la fine levure de lait et du fromage go\u00fbteux. Leur forme ronde particuli\u00e8re amusera et r\u00e9galera votre chat.<\/p>\n<p>Faites simplement rouler les pastilles sur le sol pour \u00e9veiller l&rsquo;instinct naturel de joueur de votre chat. Ces friandises occuperont votre f\u00e9lin et renforceront la relation que vous avez avec lui. En plus, vous \u00eates assur\u00e9(e) de lui faire plaisir\u00a0!<\/p>\n<p><b>Caract\u00e9ristiques des friandises pour chat Gimcat au fromage :<\/b><\/p>\n<ul>\n<li>D\u00e9licieux encas pour chats<\/li>\n<li><strong>Odeur irr\u00e9sistible :<\/strong> avec de fines levures laiti\u00e8res et fromage dur et copieux<\/li>\n<li><strong>Forme ronde pratique<\/strong> <strong>:<\/strong> id\u00e9ale pour jouer et m\u00e2cher<\/li>\n<li><strong>Sans sucre ni c\u00e9r\u00e9ales<\/strong><\/li>\n<\/ul>\n","protected":false},"excerpt":{"rendered":"<ul>\n<li><span style=\"color: #ff8800;\">De d\u00e9licieuses collations<\/span><\/li>\n<li><span style=\"color: #ff8800;\">Raffin\u00e9es avec du vrai fromage \u00e0 p\u00e2te dure<\/span><\/li>\n<li><span style=\"color: #ff8800;\">Fabriqu\u00e9es avec les meilleurs ingr\u00e9dients et sans sucre ajout\u00e9<\/span><\/li>\n<li><span style=\"color: #ff8800;\">L&rsquo;alliance parfaite du plaisir et de la gourmandise<\/span><\/li>\n<\/ul>\n","protected":false},"featured_media":78614,"template":"","meta":[],"pwb-brand":[8699],"product_brand":[8698],"product_cat":[7271,7238,7167],"product_tag":[],"class_list":{"0":"post-78615","1":"product","2":"type-product","3":"status-publish","4":"has-post-thumbnail","6":"pwb-brand-gimcat","7":"product_brand-gimcat","8":"product_cat-snacks-chats","9":"product_cat-chats","10":"product_cat-tous","11":"pa_brand-gimcat","12":"pa_geschmack-fromage","13":"pa_haustier-chat","14":"pa_lebensphase-katze-adulte","15":"pa_marke-gimcat","16":"pa_ursprungsland-allemagne","17":"pa_z_cat2-katzenfutter","18":"pa_z_categorie-tierbedarf","19":"pa_z_product_type-katzensnacks","21":"first","22":"instock","23":"taxable","24":"shipping-taxable","25":"purchasable","26":"product-type-simple"},"brands":[{"id":8699,"name":"GimCat","slug":"gimcat"}],"meta_box":{"lieferant":"VitaWoof","lieferanten_email":"","produktzusammensetzung":"","restock_quantities_galaxus":"5","galaxus_restock_time":"21","galaxus_restock_date":"","galaxus_preis":"","export":"Nein","signalwort":[],"gefahrenpiktogramm":[],"gefahrenhinweise":[]},"_links":{"self":[{"href":"https:\/\/dadorana.ch\/fr\/wp-json\/wp\/v2\/product\/78615","targetHints":{"allow":["GET"]}}],"collection":[{"href":"https:\/\/dadorana.ch\/fr\/wp-json\/wp\/v2\/product"}],"about":[{"href":"https:\/\/dadorana.ch\/fr\/wp-json\/wp\/v2\/types\/product"}],"version-history":[{"count":2,"href":"https:\/\/dadorana.ch\/fr\/wp-json\/wp\/v2\/product\/78615\/revisions"}],"predecessor-version":[{"id":78618,"href":"https:\/\/dadorana.ch\/fr\/wp-json\/wp\/v2\/product\/78615\/revisions\/78618"}],"wp:featuredmedia":[{"embeddable":true,"href":"https:\/\/dadorana.ch\/fr\/wp-json\/wp\/v2\/media\/78614"}],"wp:attachment":[{"href":"https:\/\/dadorana.ch\/fr\/wp-json\/wp\/v2\/media?parent=78615"}],"wp:term":[{"taxonomy":"pwb-brand","embeddable":true,"href":"https:\/\/dadorana.ch\/fr\/wp-json\/wp\/v2\/pwb-brand?post=78615"},{"taxonomy":"product_brand","embeddable":true,"href":"https:\/\/dadorana.ch\/fr\/wp-json\/wp\/v2\/product_brand?post=78615"},{"taxonomy":"product_cat","embeddable":true,"href":"https:\/\/dadorana.ch\/fr\/wp-json\/wp\/v2\/product_cat?post=78615"},{"taxonomy":"product_tag","embeddable":true,"href":"https:\/\/dadorana.ch\/fr\/wp-json\/wp\/v2\/product_tag?post=78615"}],"curies":[{"name":"wp","href":"https:\/\/api.w.org\/{rel}","templated":true}]}}