{"id":78665,"date":"2026-05-09T06:00:58","date_gmt":"2026-05-09T04:00:58","guid":{"rendered":"https:\/\/dadorana.ch\/produkt\/bepure-ocean-cracker\/"},"modified":"2026-05-10T14:04:46","modified_gmt":"2026-05-10T12:04:46","slug":"bepure-ocean-cracker-rouleaux-avec-saumon","status":"publish","type":"product","link":"https:\/\/dadorana.ch\/fr\/produit\/bepure-ocean-cracker-rouleaux-avec-saumon\/","title":{"rendered":"bePure Ocean Cracker Rouleaux avec saumon"},"content":{"rendered":"<div class=\"product-info__content product-info__toggle-target\">\n<div class=\"wysiwyg\">\n<p>Les Ocean Crackers de bePure sont \u00e0 base de\u00a0<strong>saumon\u00a0<\/strong>et sont agr\u00e9ment\u00e9s d&rsquo;un\u00a0<strong>ar\u00f4me de vanille<\/strong>.<br \/>Ils offrent \u00e0 votre chien un plaisir culinaire, que ce soit comme r\u00e9compense ou comme en-cas, sans ajout de sucre.<\/p>\n<p><strong>Avantages <\/strong>:<\/p>\n<\/div>\n<\/div>\n<ul>\n<li>sans sucre ajout\u00e9<\/li>\n<li>avec du saumon<\/li>\n<li>affin\u00e9 \u00e0 l&rsquo;ar\u00f4me de vanille<\/li>\n<li>\u00d8 1.5 cm<\/li>\n<\/ul>\n","protected":false},"excerpt":{"rendered":"<ul>\n<li><span style=\"color: #ff8800;\">Crackers croquants au saumon et \u00e0 l&rsquo;ar\u00f4me de vanille<\/span><\/li>\n<li><span style=\"color: #ff8800;\">Sans sucre ajout\u00e9<\/span><\/li>\n<\/ul>\n","protected":false},"featured_media":78663,"template":"","meta":[],"pwb-brand":[7769],"product_brand":[7770],"product_cat":[7651,7155,7167],"product_tag":[],"class_list":{"0":"post-78665","1":"product","2":"type-product","3":"status-publish","4":"has-post-thumbnail","6":"pwb-brand-bepure","7":"product_brand-bepure","8":"product_cat-snacks","9":"product_cat-chiens","10":"product_cat-tous","11":"pa_brand-bepure","12":"pa_geschmack-saumon","13":"pa_haustier-chien-2","14":"pa_marke-bepure","15":"pa_ursprungsland-pays-bas","16":"pa_z_cat2-hundefutter","17":"pa_z_categorie-tierbedarf","18":"pa_z_product_type-hundesnacks","20":"first","21":"instock","22":"taxable","23":"shipping-taxable","24":"purchasable","25":"product-type-simple"},"brands":[{"id":7769,"name":"bePure","slug":"bepure"}],"meta_box":{"lieferant":"Businesscom","lieferanten_email":"","produktzusammensetzung":"","restock_quantities_galaxus":"5","galaxus_restock_time":"21","galaxus_restock_date":"","galaxus_preis":"","export":"Nein","signalwort":[],"gefahrenpiktogramm":[],"gefahrenhinweise":[]},"_links":{"self":[{"href":"https:\/\/dadorana.ch\/fr\/wp-json\/wp\/v2\/product\/78665","targetHints":{"allow":["GET"]}}],"collection":[{"href":"https:\/\/dadorana.ch\/fr\/wp-json\/wp\/v2\/product"}],"about":[{"href":"https:\/\/dadorana.ch\/fr\/wp-json\/wp\/v2\/types\/product"}],"version-history":[{"count":3,"href":"https:\/\/dadorana.ch\/fr\/wp-json\/wp\/v2\/product\/78665\/revisions"}],"predecessor-version":[{"id":78710,"href":"https:\/\/dadorana.ch\/fr\/wp-json\/wp\/v2\/product\/78665\/revisions\/78710"}],"wp:featuredmedia":[{"embeddable":true,"href":"https:\/\/dadorana.ch\/fr\/wp-json\/wp\/v2\/media\/78663"}],"wp:attachment":[{"href":"https:\/\/dadorana.ch\/fr\/wp-json\/wp\/v2\/media?parent=78665"}],"wp:term":[{"taxonomy":"pwb-brand","embeddable":true,"href":"https:\/\/dadorana.ch\/fr\/wp-json\/wp\/v2\/pwb-brand?post=78665"},{"taxonomy":"product_brand","embeddable":true,"href":"https:\/\/dadorana.ch\/fr\/wp-json\/wp\/v2\/product_brand?post=78665"},{"taxonomy":"product_cat","embeddable":true,"href":"https:\/\/dadorana.ch\/fr\/wp-json\/wp\/v2\/product_cat?post=78665"},{"taxonomy":"product_tag","embeddable":true,"href":"https:\/\/dadorana.ch\/fr\/wp-json\/wp\/v2\/product_tag?post=78665"}],"curies":[{"name":"wp","href":"https:\/\/api.w.org\/{rel}","templated":true}]}}