{"id":78767,"date":"2026-05-11T07:45:45","date_gmt":"2026-05-11T05:45:45","guid":{"rendered":"https:\/\/dadorana.ch\/produkt\/bepure-puppy-bite-knoecheli-fuer-welpen\/"},"modified":"2026-05-14T13:43:36","modified_gmt":"2026-05-14T11:43:36","slug":"bepure-puppy-bite-os-pour-les-chiots","status":"publish","type":"product","link":"https:\/\/dadorana.ch\/fr\/produit\/bepure-puppy-bite-os-pour-les-chiots\/","title":{"rendered":"bePure Puppy Bite Os pour les chiots"},"content":{"rendered":"<p>Le snack pour nos plus jeunes \u2013 Les biscuits Puppy Bite de bePure sont fabriqu\u00e9s\u00a0<strong>pour les chiots<\/strong>, de la taille d&rsquo;une bouch\u00e9e et dans une forme et des couleurs adorables. Les bouch\u00e9es mesurent env. 1,5 x 0,5 cm.<\/p>\n<p>Elles sont <strong>\u00e0 base de poulet<\/strong>\u00a0et ont \u00e9t\u00e9 produites<strong>\u00a0sans sucre ajout\u00e9<\/strong>\u00a0et agr\u00e9ment\u00e9es d&rsquo;un ar\u00f4me de vanille pour l&rsquo;odeur. Gr\u00e2ce \u00e0 son\u00a0<strong>emballage refermable<\/strong>, cette friandise est id\u00e9ale pour l&rsquo;\u00e9cole canine ou pour le voyage.<\/p>\n<p><strong>Avantages :<\/strong><\/p>\n<ul>\n<li>sans sucre ajout\u00e9<\/li>\n<li>pour chiots<\/li>\n<li>refermable<\/li>\n<li>1,5 x 0,5 cm. de taille<\/li>\n<\/ul>\n","protected":false},"excerpt":{"rendered":"<p><span style=\"color: #ff8800;\">D\u00e9licieuses friandises pour chiots au poulet.<\/span><\/p>\n","protected":false},"featured_media":78766,"template":"","meta":[],"pwb-brand":[7769],"product_brand":[7770],"product_cat":[7651,7155,7167],"product_tag":[],"class_list":{"0":"post-78767","1":"product","2":"type-product","3":"status-publish","4":"has-post-thumbnail","6":"pwb-brand-bepure","7":"product_brand-bepure","8":"product_cat-snacks","9":"product_cat-chiens","10":"product_cat-tous","11":"pa_brand-bepure","12":"pa_geschmack-poulet","13":"pa_haustier-chien-2","14":"pa_marke-bepure","15":"pa_ursprungsland-pays-bas","16":"pa_z_cat2-hundefutter","17":"pa_z_categorie-tierbedarf","18":"pa_z_product_type-hundesnacks","20":"first","21":"instock","22":"taxable","23":"shipping-taxable","24":"purchasable","25":"product-type-variable"},"brands":[{"id":7769,"name":"bePure","slug":"bepure"}],"meta_box":{"lieferant":"Businesscom","lieferanten_email":"","produktzusammensetzung":"","restock_quantities_galaxus":"5","galaxus_restock_time":"21","galaxus_restock_date":"","galaxus_preis":"","export":"Nein","signalwort":[],"gefahrenpiktogramm":[],"gefahrenhinweise":[]},"_links":{"self":[{"href":"https:\/\/dadorana.ch\/fr\/wp-json\/wp\/v2\/product\/78767","targetHints":{"allow":["GET"]}}],"collection":[{"href":"https:\/\/dadorana.ch\/fr\/wp-json\/wp\/v2\/product"}],"about":[{"href":"https:\/\/dadorana.ch\/fr\/wp-json\/wp\/v2\/types\/product"}],"version-history":[{"count":3,"href":"https:\/\/dadorana.ch\/fr\/wp-json\/wp\/v2\/product\/78767\/revisions"}],"predecessor-version":[{"id":79399,"href":"https:\/\/dadorana.ch\/fr\/wp-json\/wp\/v2\/product\/78767\/revisions\/79399"}],"wp:featuredmedia":[{"embeddable":true,"href":"https:\/\/dadorana.ch\/fr\/wp-json\/wp\/v2\/media\/78766"}],"wp:attachment":[{"href":"https:\/\/dadorana.ch\/fr\/wp-json\/wp\/v2\/media?parent=78767"}],"wp:term":[{"taxonomy":"pwb-brand","embeddable":true,"href":"https:\/\/dadorana.ch\/fr\/wp-json\/wp\/v2\/pwb-brand?post=78767"},{"taxonomy":"product_brand","embeddable":true,"href":"https:\/\/dadorana.ch\/fr\/wp-json\/wp\/v2\/product_brand?post=78767"},{"taxonomy":"product_cat","embeddable":true,"href":"https:\/\/dadorana.ch\/fr\/wp-json\/wp\/v2\/product_cat?post=78767"},{"taxonomy":"product_tag","embeddable":true,"href":"https:\/\/dadorana.ch\/fr\/wp-json\/wp\/v2\/product_tag?post=78767"}],"curies":[{"name":"wp","href":"https:\/\/api.w.org\/{rel}","templated":true}]}}