{"id":78877,"date":"2026-05-08T20:50:29","date_gmt":"2026-05-08T18:50:29","guid":{"rendered":"https:\/\/dadorana.ch\/produkt\/gimcat-grasbits-mit-schmackhaftem-gras\/"},"modified":"2026-05-12T13:24:25","modified_gmt":"2026-05-12T11:24:25","slug":"gimcat-grasbits-friandise-pour-chats","status":"publish","type":"product","link":"https:\/\/dadorana.ch\/fr\/produit\/gimcat-grasbits-friandise-pour-chats\/","title":{"rendered":"GimCat GrasBits friandise pour chats"},"content":{"rendered":"<p>L\u2019herbe fournit des nutriments essentiels tels que des acides amin\u00e9s, des min\u00e9raux, des oligo-\u00e9l\u00e9ments et de la vitamine D. Les chats ayant acc\u00e8s \u00e0 l\u2019ext\u00e9rieur trouvent g\u00e9n\u00e9ralement leur apport en herbe dans la nature. Pour les chats d\u2019int\u00e9rieur, GimCat propose les savoureux GrasBits.<\/p>\n<p>Les comprim\u00e9s pour chats de la marque Gimborn contiennent une forte teneur en herbe. Avec les GrasBits, les chats d\u2019int\u00e9rieur b\u00e9n\u00e9ficient d\u2019un apport pr\u00e9cieux en vitamine D ainsi qu\u2019en min\u00e9raux et oligo-\u00e9l\u00e9ments. Gr\u00e2ce \u00e0 leur composition aromatique sp\u00e9cifique, les GrasBits sont tr\u00e8s appr\u00e9ci\u00e9s des chats et stimulent \u00e9galement le jeu.<\/p>\n<p><b>Caract\u00e9ristiques des pastilles GrasBits\u00a0GimCat pour chat :<\/b><\/p>\n<ul>\n<li>Snack aromatique pour chats d\u2019int\u00e9rieur<\/li>\n<li>Comprim\u00e9s d\u2019herbe pratiques pour les chats sans acc\u00e8s \u00e0 l\u2019ext\u00e9rieur<\/li>\n<li><strong>Riche en nutriments<\/strong>\u00a0: avec vitamine D, min\u00e9raux et oligo-\u00e9l\u00e9ments<\/li>\n<li><strong>Favorise une digestion normale<\/strong><\/li>\n<li><strong>Sans c\u00e9r\u00e9ales ni sucre<\/strong>\u00a0: adapt\u00e9 aux chats sensibles<\/li>\n<li>Stimule le jeu<\/li>\n<\/ul>\n","protected":false},"excerpt":{"rendered":"<ul>\n<li><span style=\"color: #ff8800;\">Herbe \u00e0 chat aromatique en comprim\u00e9s pratiques<\/span><\/li>\n<li><span style=\"color: #ff8800;\">Riche en vitamine D<\/span><\/li>\n<li><span style=\"color: #ff8800;\">Contient des min\u00e9raux et des oligo-\u00e9l\u00e9ments<\/span><\/li>\n<li><span style=\"color: #ff8800;\">Id\u00e9al pour les chats d&rsquo;int\u00e9rieur<\/span><\/li>\n<li><span style=\"color: #ff8800;\">Favorise l&rsquo;\u00e9limination des boules de poils<\/span><\/li>\n<\/ul>\n","protected":false},"featured_media":78876,"template":"","meta":[],"pwb-brand":[8699],"product_brand":[8698],"product_cat":[7271,7238,7167],"product_tag":[],"class_list":{"0":"post-78877","1":"product","2":"type-product","3":"status-publish","4":"has-post-thumbnail","6":"pwb-brand-gimcat","7":"product_brand-gimcat","8":"product_cat-snacks-chats","9":"product_cat-chats","10":"product_cat-tous","11":"pa_brand-gimcat","12":"pa_haustier-chat","13":"pa_lebensphase-katze-adulte","14":"pa_marke-gimcat","15":"pa_ursprungsland-allemagne","16":"pa_z_cat2-katzenfutter","17":"pa_z_categorie-tierbedarf","18":"pa_z_product_type-katzensnacks","20":"first","21":"instock","22":"taxable","23":"shipping-taxable","24":"purchasable","25":"product-type-simple"},"brands":[{"id":8699,"name":"GimCat","slug":"gimcat"}],"meta_box":{"lieferant":"Businesscom","lieferanten_email":"","produktzusammensetzung":"","restock_quantities_galaxus":"5","galaxus_restock_time":"21","galaxus_restock_date":"","galaxus_preis":"","export":"Nein","signalwort":[],"gefahrenpiktogramm":[],"gefahrenhinweise":[]},"_links":{"self":[{"href":"https:\/\/dadorana.ch\/fr\/wp-json\/wp\/v2\/product\/78877","targetHints":{"allow":["GET"]}}],"collection":[{"href":"https:\/\/dadorana.ch\/fr\/wp-json\/wp\/v2\/product"}],"about":[{"href":"https:\/\/dadorana.ch\/fr\/wp-json\/wp\/v2\/types\/product"}],"version-history":[{"count":2,"href":"https:\/\/dadorana.ch\/fr\/wp-json\/wp\/v2\/product\/78877\/revisions"}],"predecessor-version":[{"id":78883,"href":"https:\/\/dadorana.ch\/fr\/wp-json\/wp\/v2\/product\/78877\/revisions\/78883"}],"wp:featuredmedia":[{"embeddable":true,"href":"https:\/\/dadorana.ch\/fr\/wp-json\/wp\/v2\/media\/78876"}],"wp:attachment":[{"href":"https:\/\/dadorana.ch\/fr\/wp-json\/wp\/v2\/media?parent=78877"}],"wp:term":[{"taxonomy":"pwb-brand","embeddable":true,"href":"https:\/\/dadorana.ch\/fr\/wp-json\/wp\/v2\/pwb-brand?post=78877"},{"taxonomy":"product_brand","embeddable":true,"href":"https:\/\/dadorana.ch\/fr\/wp-json\/wp\/v2\/product_brand?post=78877"},{"taxonomy":"product_cat","embeddable":true,"href":"https:\/\/dadorana.ch\/fr\/wp-json\/wp\/v2\/product_cat?post=78877"},{"taxonomy":"product_tag","embeddable":true,"href":"https:\/\/dadorana.ch\/fr\/wp-json\/wp\/v2\/product_tag?post=78877"}],"curies":[{"name":"wp","href":"https:\/\/api.w.org\/{rel}","templated":true}]}}